{"id":109,"date":"2021-04-20T14:36:09","date_gmt":"2021-04-20T14:36:09","guid":{"rendered":"https:\/\/www.prumkadc.cz\/?page_id=109"},"modified":"2026-01-28T02:05:53","modified_gmt":"2026-01-28T02:05:53","slug":"obecne-o-oborech","status":"publish","type":"page","link":"https:\/\/www.prumkadc.cz\/index.php\/obecne-o-oborech\/","title":{"rendered":"Obecn\u011b o oborech"},"content":{"rendered":"\n<hr class=\"wp-block-separator has-css-opacity\"\/>\n\n\n\n<p class=\"has-large-font-size\"><strong>St\u0159edn\u00ed pr\u016fmyslov\u00e1 \u0161kola<\/strong><\/p>\n\n\n\n<p><strong>Studium je ur\u010deno<\/strong>&nbsp;\u017e\u00e1k\u016fm z&nbsp;9.&nbsp;t\u0159\u00edd z\u00e1kladn\u00edch \u0161kol.<br><strong>Studium&nbsp;<\/strong>je \u010dty\u0159let\u00e9, zakon\u010den\u00e9 maturitn\u00ed zkou\u0161kou. Studium v\u0161ech obor\u016f zpo\u010d\u00e1tku prob\u00edh\u00e1 spole\u010dn\u011b, pozd\u011bji podle zvolen\u00e9ho zam\u011b\u0159en\u00ed. Uchaze\u010d si tedy zam\u011b\u0159en\u00ed vyb\u00edr\u00e1 a\u017e po z\u00edsk\u00e1n\u00ed z\u00e1kladn\u00ed p\u0159edstavy o budouc\u00edm uplatn\u011bn\u00ed. Studenti z\u00edsk\u00e1vaj\u00ed znalosti pot\u0159ebn\u00e9 ke studiu na vysok\u00fdch a vy\u0161\u0161\u00edch odborn\u00fdch \u0161kol\u00e1ch.<br><strong>P\u0159ij\u00edmac\u00ed \u0159\u00edzen\u00ed<\/strong>&nbsp;\u2013 uchaze\u010di konaj\u00ed jednotn\u00e9 zkou\u0161ky, dal\u0161\u00ed krit\u00e9ria budou zve\u0159ejn\u011bna na webov\u00fdch str\u00e1nk\u00e1ch \u0161koly v&nbsp;z\u00e1lo\u017ece P\u0159ij\u00edmac\u00ed \u0159\u00edzen\u00ed SP\u0160.<br><strong>Ubytov\u00e1n\u00ed<\/strong>&nbsp;lze zajistit ve vlastn\u00edm domov\u011b ml\u00e1de\u017ee v\u010detn\u011b celodenn\u00edho stravov\u00e1n\u00ed.<\/p>\n\n\n\n<p class=\"has-medium-font-size\"><strong>Nab\u00edzen\u00e9 obory:<\/strong><\/p>\n\n\n\n<p><strong>23-41-M\/01 STROJ\u00cdRENSTV\u00cd<br><\/strong>Obor p\u0159ipravuj\u00edc\u00ed studenty na pr\u00e1ci ve stroj\u00edrensk\u00fdch firm\u00e1ch s&nbsp;d\u016frazem na stroj\u00edrensk\u00e9 technologie, stroje a m\u011b\u0159en\u00ed s&nbsp;vyu\u017eit\u00edm v\u00fdpo\u010detn\u00ed techniky. Od 3.&nbsp;ro\u010dn\u00edku je mo\u017en\u00e9 volit zam\u011b\u0159en\u00ed:<\/p>\n\n\n\n<ul class=\"wp-block-list\">\n<li>PO\u010c\u00cdTA\u010cOV\u00c9 APLIKACE VE STROJ\u00cdRENSTV\u00cd<\/li>\n\n\n\n<li>LOD\u011a A LODN\u00cd ZA\u0158\u00cdZEN\u00cd<\/li>\n<\/ul>\n\n\n\n<p><strong>36-47-M\/01 STAVEBNICTV\u00cd<br><\/strong>Studium je vhodn\u00e9 pro technicky zam\u011b\u0159en\u00e9 uchaze\u010de a nab\u00edz\u00ed pozd\u011bj\u0161\u00ed uplatn\u011bn\u00ed v&nbsp;dynamicky se rozv\u00edjej\u00edc\u00edch stavebn\u00edch oborech, s&nbsp;mo\u017enost\u00ed okam\u017eit\u00e9ho n\u00e1stupu do praxe, studia na vy\u0161\u0161\u00edch odborn\u00fdch \u0161kol\u00e1ch, nebo vysok\u00fdch \u0161kol\u00e1ch. Od 3.&nbsp;ro\u010dn\u00edku lze volit z&nbsp;t\u011bchto zam\u011b\u0159en\u00ed:<\/p>\n\n\n\n<ul class=\"wp-block-list\">\n<li>POZEMN\u00cd STAVITELSTV\u00cd<\/li>\n\n\n\n<li>DOPRAVN\u00cd STAVITELSTV\u00cd<\/li>\n\n\n\n<li>VODOHOSPOD\u00c1\u0158SK\u00c9 STAVBY<\/li>\n\n\n\n<li>ARCHITEKTURA A STAVITELSTV\u00cd<\/li>\n<\/ul>\n\n\n\n<p><strong>26-41-M\/01 ELEKTROTECHNIKA<\/strong><br>Obor vhodn\u00fd pro z\u00e1jemce o informa\u010dn\u00ed a komunika\u010dn\u00ed technologie a jejich vyu\u017e\u00edv\u00e1n\u00ed v&nbsp;kontextu informa\u010dn\u00ed spole\u010dnosti. Od t\u0159et\u00edho ro\u010dn\u00edku je mo\u017en\u00e9 volit tato studijn\u00ed zam\u011b\u0159en\u00ed:<\/p>\n\n\n\n<ul class=\"wp-block-list\">\n<li>ZA\u0158\u00cdZEN\u00cd SILNOPROUD\u00c9 ELEKTROTECHNIKY<\/li>\n\n\n\n<li>ELEKTRICK\u00c1 TRAKCE V&nbsp;DOPRAV\u011a<\/li>\n\n\n\n<li>PO\u010c\u00cdTA\u010cOV\u00c9 SYST\u00c9MY<\/li>\n<\/ul>\n\n\n\n<p><strong>37-41-M\/01 PROVOZ A EKONOMIKA DOPRAVY<br><\/strong>Obor ur\u010den\u00fd pro studenty, kte\u0159\u00ed cht\u011bj\u00ed pracovat na \u017eeleznici, nebo v&nbsp;oblasti firemn\u00ed logistiky. D\u016fle\u017eitou sou\u010d\u00e1st\u00ed v\u00fduky jsou odborn\u00e9 p\u0159edn\u00e1\u0161ky a provozn\u00ed praxe. Od 2.&nbsp;ro\u010dn\u00edku je mo\u017en\u00e9 volit tato studijn\u00ed zam\u011b\u0159en\u00ed:<\/p>\n\n\n\n<ul class=\"wp-block-list\">\n<li>LOGISTIKA<\/li>\n\n\n\n<li>\u017dELEZNI\u010cN\u00cd DOPRAVA A P\u0158EPRAVA<\/li>\n<\/ul>\n\n\n\n<p>U zam\u011b\u0159en\u00ed Logistika se klade d\u016fraz na v\u00fduku ciz\u00edch jazyk\u016f a rozvoj kreativity k&nbsp;vyu\u017eit\u00ed logistiky pro z\u00e1kaznick\u00fd servis, distribuci zbo\u017e\u00ed.<br>O studenty zam\u011b\u0159en\u00ed \u017delezni\u010dn\u00ed doprava a p\u0159eprava je ze strany firem provozuj\u00edc\u00edch \u017eelezni\u010dn\u00ed dopravu a p\u0159epravu velk\u00fd z\u00e1jem, a proto jim poskytuj\u00ed stipendia (\u010cD, \u010cD Cargo, Spr\u00e1va \u017eeleznic) a dal\u0161\u00ed benefity. Studenti vykonaj\u00ed b\u011bhem 3.&nbsp;a 4.&nbsp;ro\u010dn\u00edku v\u0161echny pot\u0159ebn\u00e9 odborn\u00e9 zkou\u0161ky, kter\u00e9 \u010cD pro v\u00fdkon v&nbsp;zam\u011bstn\u00e1n\u00ed pot\u0159ebuj\u00ed.<\/p>\n\n\n\n<p><strong>78-42-M\/01 TECHNICK\u00c9 LYCEUM<br><\/strong>Obor ur\u010den\u00fd pro studenty se z\u00e1jmem o modern\u00ed technologie, techniku a informatiku, kte\u0159\u00ed pl\u00e1nuj\u00ed pokra\u010dovat ve studiu na vysok\u00fdch \u0161kol\u00e1ch technick\u00e9ho nebo p\u0159\u00edrodov\u011bdn\u00e9ho zam\u011b\u0159en\u00ed. Studium poskytuje pevn\u00fd v\u0161eobecn\u00fd z\u00e1klad s&nbsp;d\u016frazem na matematiku, fyziku a informatiku.<\/p>\n\n\n\n<p>V\u00fdznamnou sou\u010d\u00e1st\u00ed v\u00fduky je <strong>programov\u00e1n\u00ed<\/strong>, <strong>3D modelov\u00e1n\u00ed a 3D tisk<\/strong>, pr\u00e1ce s&nbsp;<strong>virtu\u00e1ln\u00ed realitou<\/strong> a vyu\u017e\u00edv\u00e1n\u00ed <strong>CAD syst\u00e9m\u016f<\/strong>. Studenti se u\u010d\u00ed technick\u00e9mu my\u0161len\u00ed, \u0159e\u0161en\u00ed probl\u00e9m\u016f a pr\u00e1ci s&nbsp;digit\u00e1ln\u00edmi technologiemi, kter\u00e9 se b\u011b\u017en\u011b pou\u017e\u00edvaj\u00ed na vysok\u00fdch \u0161kol\u00e1ch i v&nbsp;praxi.<\/p>\n\n\n\n<p>Sou\u010d\u00e1st\u00ed studia je tak\u00e9 spolupr\u00e1ce s&nbsp;vysok\u00fdmi \u0161kolami, mimo jin\u00e9 s&nbsp;<strong>Fakulta jadern\u00e1 a fyzik\u00e1ln\u011b in\u017een\u00fdrsk\u00e1 \u010cVUT<\/strong>, kter\u00e1 \u017e\u00e1k\u016fm umo\u017e\u0148uje l\u00e9pe se p\u0159ipravit na n\u00e1roky vysoko\u0161kolsk\u00e9ho studia. Obor je vhodnou volbou pro studenty, kte\u0159\u00ed cht\u011bj\u00ed m\u00edt otev\u0159en\u00e9 dve\u0159e k&nbsp;dal\u0161\u00edmu studiu i uplatn\u011bn\u00ed v&nbsp;perspektivn\u00edch technick\u00fdch oborech.<\/p>\n\n\n\n<hr class=\"wp-block-separator has-alpha-channel-opacity\"\/>\n\n\n\n<hr class=\"wp-block-separator has-css-opacity\"\/>\n\n\n\n<p class=\"has-large-font-size\"><strong>Vy\u0161\u0161\u00ed odborn\u00e1 \u0161kola<\/strong><\/p>\n\n\n\n<p><strong>Studium je ur\u010deno<\/strong>&nbsp;absolvent\u016fm gymn\u00e1zi\u00ed a st\u0159edn\u00edch odborn\u00fdch \u0161kol, podm\u00ednkou p\u0159ijet\u00ed je \u00fasp\u011b\u0161n\u011b vykonan\u00e1 maturitn\u00ed zkou\u0161ka.<br><strong>Zp\u016fsob studia<\/strong>&nbsp;je obdobn\u00fd jako u vysoko\u0161kolsk\u00e9ho syst\u00e9mu.<br><strong>D\u00e9lka studia<\/strong>&nbsp; &#8211;&nbsp; 3 roky denn\u00ed studium (v\u010detn\u011b praxe u odborn\u00fdch firem v&nbsp;5.obdob\u00ed), 3,5 roku d\u00e1lkov\u00e9 studium (v\u00fduka 1x t\u00fddn\u011b ).<br><strong>\u0160koln\u00e9&nbsp;<\/strong>\u010din\u00ed 3000,- K\u010d ro\u010dn\u011b a plat\u00ed se ve dvou spl\u00e1tk\u00e1ch &#8211; v&nbsp;z\u00e1\u0159\u00ed a v&nbsp;\u00fanoru.<br><strong>Absolvent z\u00edsk\u00e1v\u00e1<\/strong>&nbsp;&nbsp;<strong>titul DiS.&nbsp;<\/strong>(diplomovan\u00fd specialista v&nbsp;oboru &#8230;).<br><strong>P\u0159ij\u00edmac\u00ed \u0159\u00edzen\u00ed<\/strong>&nbsp; &#8211; posuzujeme spln\u011bn\u00ed z\u00e1kladn\u00ed podm\u00ednky \u2013 \u00fasp\u011b\u0161n\u00e9 vykon\u00e1n\u00ed maturitn\u00ed zkou\u0161ky<br><strong>Term\u00edny p\u0159ij\u00edmac\u00edho \u0159\u00edzen\u00ed:&nbsp;<\/strong>15.&nbsp;6. \u2013 30.&nbsp;9. &#8211; jsou pr\u016fb\u011b\u017en\u011b vyhl\u00e1\u0161ov\u00e1ny<br><strong>P\u0159ihl\u00e1\u0161ky<\/strong>&nbsp;jsou k&nbsp;dispozici na webov\u00fdch str\u00e1nk\u00e1ch \u0161koly nebo na sekretari\u00e1tu \u0161koly.<br><strong>Ubytov\u00e1n\u00ed<\/strong>&nbsp;lze zajistit ve vlastn\u00edm ubytovac\u00edm za\u0159\u00edzen\u00ed (Domov\u011b ml\u00e1de\u017ee) v\u010detn\u011b celodenn\u00edho stravov\u00e1n\u00ed.<\/p>\n\n\n\n<p class=\"has-medium-font-size\"><strong>Nab\u00edzen\u00e9 obory:<\/strong><\/p>\n\n\n\n<p><strong>36-41-N\/03 IN\u017dEN\u00ddRSK\u00c9 STAVITELSTV\u00cd<\/strong><\/p>\n\n\n\n<ul class=\"wp-block-list\">\n<li>se zam\u011b\u0159en\u00edm na \u017dELEZNI\u010cN\u00cd STAVITELSTV\u00cd<\/li>\n<\/ul>\n\n\n\n<p>Tento obor se vyu\u010duje na\u0161e \u0161kola jako jedin\u00e1 v&nbsp;cel\u00e9 republice. Dlouhodob\u00e1 tradice, zku\u0161en\u00fd pedagogick\u00fd sbor a dobr\u00e9 jm\u00e9no \u0161koly umo\u017e\u0148uj\u00ed absolvent\u016fm solidn\u00ed pracovn\u00ed kari\u00e9ru. Studenti tohoto oboru b\u011bhem studia vykon\u00e1vaj\u00ed profesn\u00ed zkou\u0161ky pot\u0159ebn\u00e9 pro pr\u00e1ci na \u017eeleznici.<\/p>\n\n\n\n<p><strong>36-41-N\/06 OCHRANA PAM\u00c1TEK A KRAJINY<\/strong><\/p>\n\n\n\n<p>Jedn\u00e1 se o obor, ve kter\u00e9m je propojena architektura s&nbsp;pozemn\u00edm stavitelstv\u00edm, d\u011bjinami a ochranou \u017eivotn\u00edho prost\u0159ed\u00ed. Absolventi se uplatn\u00ed u stavebn\u00edch firem, ve st\u00e1tn\u00ed spr\u00e1v\u011b nebo instituc\u00edch pe\u010duj\u00edc\u00edch o na\u0161e p\u0159\u00edrodn\u00ed a kulturn\u00ed bohatstv\u00ed.<\/p>\n","protected":false},"excerpt":{"rendered":"<p>St\u0159edn\u00ed pr\u016fmyslov\u00e1 \u0161kola Studium je ur\u010deno&nbsp;\u017e\u00e1k\u016fm z&nbsp;9.&nbsp;t\u0159\u00edd z\u00e1kladn\u00edch \u0161kol.Studium&nbsp;je \u010dty\u0159let\u00e9, zakon\u010den\u00e9 maturitn\u00ed zkou\u0161kou. Studium v\u0161ech obor\u016f zpo\u010d\u00e1tku prob\u00edh\u00e1 spole\u010dn\u011b, pozd\u011bji podle zvolen\u00e9ho zam\u011b\u0159en\u00ed. Uchaze\u010d si tedy zam\u011b\u0159en\u00ed vyb\u00edr\u00e1 a\u017e po z\u00edsk\u00e1n\u00ed z\u00e1kladn\u00ed p\u0159edstavy o budouc\u00edm uplatn\u011bn\u00ed. Studenti z\u00edsk\u00e1vaj\u00ed znalosti pot\u0159ebn\u00e9 ke studiu na vysok\u00fdch a vy\u0161\u0161\u00edch odborn\u00fdch \u0161kol\u00e1ch.P\u0159ij\u00edmac\u00ed \u0159\u00edzen\u00ed&nbsp;\u2013 uchaze\u010di konaj\u00ed jednotn\u00e9 zkou\u0161ky, dal\u0161\u00ed krit\u00e9ria [&hellip;]<\/p>\n","protected":false},"author":5,"featured_media":0,"parent":0,"menu_order":0,"comment_status":"closed","ping_status":"closed","template":"","meta":{"_acf_changed":false,"footnotes":""},"class_list":["post-109","page","type-page","status-publish","hentry"],"acf":[],"_links":{"self":[{"href":"https:\/\/www.prumkadc.cz\/index.php\/wp-json\/wp\/v2\/pages\/109","targetHints":{"allow":["GET"]}}],"collection":[{"href":"https:\/\/www.prumkadc.cz\/index.php\/wp-json\/wp\/v2\/pages"}],"about":[{"href":"https:\/\/www.prumkadc.cz\/index.php\/wp-json\/wp\/v2\/types\/page"}],"author":[{"embeddable":true,"href":"https:\/\/www.prumkadc.cz\/index.php\/wp-json\/wp\/v2\/users\/5"}],"replies":[{"embeddable":true,"href":"https:\/\/www.prumkadc.cz\/index.php\/wp-json\/wp\/v2\/comments?post=109"}],"version-history":[{"count":10,"href":"https:\/\/www.prumkadc.cz\/index.php\/wp-json\/wp\/v2\/pages\/109\/revisions"}],"predecessor-version":[{"id":6369,"href":"https:\/\/www.prumkadc.cz\/index.php\/wp-json\/wp\/v2\/pages\/109\/revisions\/6369"}],"wp:attachment":[{"href":"https:\/\/www.prumkadc.cz\/index.php\/wp-json\/wp\/v2\/media?parent=109"}],"curies":[{"name":"wp","href":"https:\/\/api.w.org\/{rel}","templated":true}]}}