{"id":119,"date":"2021-04-20T14:38:04","date_gmt":"2021-04-20T14:38:04","guid":{"rendered":"https:\/\/www.prumkadc.cz\/?page_id=119"},"modified":"2022-01-20T09:16:36","modified_gmt":"2022-01-20T09:16:36","slug":"sps-obor-stavebnictvi","status":"publish","type":"page","link":"https:\/\/www.prumkadc.cz\/index.php\/sps-obor-stavebnictvi\/","title":{"rendered":"SP\u0160 &#8211; obor Stavebnictv\u00ed"},"content":{"rendered":"\n<figure class=\"wp-block-table\"><table><tbody><tr><td>N\u00e1zev oboru<\/td><td><strong>Stavebnictv\u00ed<\/strong><\/td><\/tr><tr><td>K\u00f3d oboru<\/td><td>36-47-M\/01<\/td><\/tr><tr><td>Zam\u011b\u0159en\u00ed<\/td><td><strong>pozemn\u00ed stavitelstv\u00ed<br>vodohospod\u00e1\u0159sk\u00e9 stavby<br>dopravn\u00ed stavitelstv\u00ed<br>architektura a stavitelstv\u00ed<\/strong><\/td><\/tr><tr><td>Forma studia<\/td><td>denn\u00ed<\/td><\/tr><tr><td>D\u00e9lka studia<\/td><td>4 roky<\/td><\/tr><tr><td>Zp\u016fsob zakon\u010den\u00ed<\/td><td>maturitn\u00ed zkou\u0161ka<\/td><\/tr><tr><td>M\u00edsto v\u00fduky<\/td><td>st\u0159edisko CSA, \u010csl. arm\u00e1dy 681\/10, D\u011b\u010d\u00edn I<\/td><\/tr><\/tbody><\/table><\/figure>\n\n\n\n<div class=\"wp-block-file\"><a href=\"https:\/\/www.prumkadc.cz\/wp-content\/uploads\/2022\/01\/ucebni_plan_STA.pdf\">U\u010debn\u00ed pl\u00e1n obor Stavebnictv\u00ed<\/a><a href=\"https:\/\/www.prumkadc.cz\/wp-content\/uploads\/2022\/01\/ucebni_plan_STA.pdf\" class=\"wp-block-file__button\" download>St\u00e1hnout<\/a><\/div>\n\n\n\n<p>Studium je\u00a0<strong>ur\u010deno \u017e\u00e1k\u016fm z&nbsp;9.&nbsp;t\u0159\u00edd z\u00e1kladn\u00edch \u0161kol<\/strong>.<\/p>\n\n\n\n<p>Studium je \u010dty\u0159let\u00e9, zakon\u010den\u00e9 maturitn\u00ed zkou\u0161kou, studium prvn\u00edch dvou let prob\u00edh\u00e1 spole\u010dn\u011b, v&nbsp;dal\u0161\u00edch dvou letech podle zvolen\u00e9ho zam\u011b\u0159en\u00ed. Uchaze\u010d si tedy zam\u011b\u0159en\u00ed vyb\u00edr\u00e1 a\u017e po z\u00edsk\u00e1n\u00ed z\u00e1kladn\u00ed p\u0159edstavy o budouc\u00edm uplatn\u011bn\u00ed. Studenti z\u00edsk\u00e1vaj\u00ed znalosti pot\u0159ebn\u00e9 ke studiu na vysok\u00fdch a vy\u0161\u0161\u00edch odborn\u00fdch \u0161kol\u00e1ch.<\/p>\n\n\n\n<p><\/p>\n\n\n\n<h2 class=\"wp-block-heading\">Charakteristika studijn\u00edho oboru<\/h2>\n\n\n\n<p>Studijn\u00ed obor Stavebnictv\u00ed sdru\u017euje studijn\u00ed st\u0159edo\u0161kolskou p\u0159\u00edpravu pro \u0161irokou oblast stavebnictv\u00ed. Vych\u00e1z\u00ed ze spole\u010dn\u00e9ho z\u00e1kladu v\u011bdomost\u00ed, kter\u00e9 z\u00edsk\u00e1 \u017e\u00e1k b\u011bhem dvou let, v&nbsp;druh\u00e9 polovin\u011b studia jsou mu poskytnuty znalosti a dovednosti specifick\u00e9 pro jednotliv\u00e1 zam\u011b\u0159en\u00ed obor\u016f. P\u0159ipravuje \u017e\u00e1ky pro \u010dinnosti technicko -hospod\u00e1\u0159sk\u00fdch pracovn\u00edk\u016f, souvisej\u00edc\u00ed s&nbsp;navrhov\u00e1n\u00edm, p\u0159\u00edpravou a realizac\u00ed staveb, podnik\u00e1n\u00edm podle podm\u00ednek stanoven\u00fdch \u017divnostensk\u00fdm z\u00e1konem, a to v&nbsp;odv\u011btv\u00ed stavebnictv\u00ed obecn\u011b i podle specifick\u00fdch zam\u011b\u0159en\u00ed oboru. Spole\u010dn\u00fd z\u00e1klad studia oddaluje rozhodnut\u00ed \u017e\u00e1ka pro zam\u011b\u0159en\u00ed studia a umo\u017e\u0148uje \u0161ir\u0161\u00ed uplatn\u011bn\u00ed absolvent\u016f ve stavebn\u00ed praxi. U\u010debn\u00ed pl\u00e1n studia a mo\u017enost nab\u00eddky v\u00fdb\u011brov\u00fdch a voliteln\u00fdch vyu\u010dovac\u00edch p\u0159edm\u011bt\u016f d\u00e1v\u00e1 ka\u017ed\u00e9 \u0161kole prostor pro vlastn\u00ed specifi\u010dnost v&nbsp;souladu s&nbsp;mo\u017enostmi a region\u00e1ln\u00edmi pot\u0159ebami. V&nbsp;r\u00e1mci nepovinn\u00fdch vyu\u010dovac\u00edch p\u0159edm\u011bt\u016f rozv\u00edj\u00ed \u0161kola intelektu\u00e1ln\u00ed schopnosti \u017e\u00e1k\u016f a sportovn\u00ed \u010dinnost.<\/p>\n\n\n\n<h2 class=\"wp-block-heading\">Charakteristika obsahu vzd\u011bl\u00e1n\u00ed<\/h2>\n\n\n\n<p>Poznatky, kter\u00e9 tvo\u0159\u00ed obsah v\u0161eobecn\u011b vzd\u011bl\u00e1vac\u00ed slo\u017eky, poskytuj\u00ed \u017e\u00e1k\u016fm vyu\u010dovac\u00ed p\u0159edm\u011bty spole\u010denskov\u011bdn\u00ed, matematicko-p\u0159\u00edrodov\u011bdn\u00e9 a t\u011blesn\u00e1 v\u00fdchova, a to ve spole\u010dn\u00e9m povinn\u00e9m z\u00e1kladu, kter\u00fd je mo\u017eno pos\u00edlit.<\/p>\n\n\n\n<p>Slo\u017eka odborn\u00e9ho vzd\u011bl\u00e1n\u00ed je v&nbsp;prvn\u00edch dvou letech studia tvo\u0159ena odborn\u00fdmi vyu\u010dovac\u00edmi p\u0159edm\u011bty z\u00e1kladu stavebnictv\u00ed, kter\u00fd je ve vy\u0161\u0161\u00edch ro\u010dn\u00edc\u00edch studia rozv\u00edjen a aplikov\u00e1n ve speci\u00e1ln\u00edch odborn\u00fdch p\u0159edm\u011btech dle jednotliv\u00fdch zam\u011b\u0159en\u00ed studijn\u00edho oboru. D\u016fraz je kladen na konstruk\u010dn\u00ed cvi\u010den\u00ed umo\u017e\u0148uj\u00edc\u00ed z\u00edsk\u00e1v\u00e1n\u00ed intelektu\u00e1ln\u00edch dovednost\u00ed.<\/p>\n\n\n\n<p>Teoretick\u00e9 znalosti jsou pr\u016fb\u011b\u017en\u011b dopl\u0148ov\u00e1ny manu\u00e1ln\u00edmi \u0159emesln\u00fdmi a praktick\u00fdmi dovednostmi d\u016fle\u017eit\u00fdmi pro jejich pochopen\u00ed a upevn\u011bn\u00ed a pro v\u00fdkon st\u0159edn\u011b-technick\u00fdch funkc\u00ed v&nbsp;budouc\u00edm uplatn\u011bn\u00ed absolvent\u016f.<\/p>\n\n\n\n<p>Rozsah p\u0159edm\u011btu praxe a souvisl\u00e9 odborn\u00e9 praxe i jej\u00ed obsahov\u00e1 orientace souvis\u00ed s&nbsp;p\u0159edpokl\u00e1dan\u00fdm navazuj\u00edc\u00edm zam\u011b\u0159en\u00edm vzd\u011bl\u00e1n\u00ed v&nbsp;r\u00e1mci vzd\u011bl\u00e1vac\u00edho programu \u0161koly. Ekologick\u00e1 problematika je sou\u010d\u00e1st\u00ed v\u0161ech odborn\u00fdch p\u0159edm\u011bt\u016f.<\/p>\n\n\n\n<p>Doporu\u010den\u00e9 v\u00fdb\u011brov\u00e9 a voliteln\u00e9 vyu\u010dovac\u00ed p\u0159edm\u011bty studia umo\u017e\u0148uj\u00ed dotv\u00e1\u0159et specifick\u00fd charakter zam\u011b\u0159en\u00ed studia s&nbsp;ohledem na vzd\u011bl\u00e1vac\u00ed program \u0161koly a dle z\u00e1jmu \u017e\u00e1k\u016f roz\u0161\u00ed\u0159it jejich znalosti a dovednosti v&nbsp;oblasti v\u0161eobecn\u00e9ho i odborn\u00e9ho vzd\u011bl\u00e1n\u00ed.<\/p>\n\n\n\n<h2 class=\"wp-block-heading\">Sm\u011bry a mo\u017enosti uplatn\u011bn\u00ed absolvent\u016f<\/h2>\n\n\n\n<p>Maturitn\u00ed zkou\u0161ka oprav\u0148uje absolventa studijn\u00edho oboru uch\u00e1zet se o studium na vysok\u00fdch \u0161kol\u00e1ch.<\/p>\n\n\n\n<p>Absolvent studijn\u00edho oboru 36-47-M\/01 Stavebnictv\u00ed se m\u016f\u017ee d\u00e1le odborn\u011b vzd\u011bl\u00e1vat formou inova\u010dn\u00edho nebo specializa\u010dn\u00edho kurzu nebo se uch\u00e1zet o vy\u0161\u0161\u00ed odborn\u00e9 studium p\u0159i SO\u0160.<\/p>\n\n\n\n<p>Absolventi se po nezbytn\u00e9m zapracov\u00e1n\u00ed uplatn\u00ed ve funkc\u00edch technicko -hospod\u00e1\u0159sk\u00fdch v&nbsp;cel\u00e9 oblasti stavebnictv\u00ed, a to jak v&nbsp;oblastech \u010dinnost\u00ed stavebn\u00ed v\u00fdroby, p\u0159\u00edpravy staveb, projektov\u00fdch prac\u00ed, v&nbsp;laborato\u0159\u00edch, v&nbsp;oblasti v\u00fdzkumu, i na \u00faseku spr\u00e1vn\u00edm. Studium d\u00e1v\u00e1 \u0161irok\u00fd odborn\u00fd z\u00e1klad pro uplatn\u011bn\u00ed ve sf\u00e9\u0159e podnikatelsk\u00e9 v&nbsp;oblasti stavebnictv\u00ed v&nbsp;souladu s&nbsp;\u017divnostensk\u00fdm z\u00e1konem. Rozd\u00edlnosti obsahu vzd\u011bl\u00e1n\u00ed v&nbsp;jednotliv\u00fdch zam\u011b\u0159en\u00edch pouze podtrhuj\u00ed p\u0159\u00edpravu na uplatn\u011bn\u00ed v&nbsp;t\u00e9 kter\u00e9 oblasti \u010dinnost\u00ed, jsou vyj\u00e1d\u0159eny v&nbsp;profilu absolventa.<\/p>\n\n\n\n<h2 class=\"wp-block-heading\">Profil absolventa<\/h2>\n\n\n\n<p>Absolvent studijn\u00edho oboru 36-47-M\/01 Stavebnictv\u00ed je st\u0159edo\u0161kolsky vzd\u011blan\u00fd pracovn\u00edk pro technicko-hospod\u00e1\u0159sk\u00e9 funkce se v\u0161eobecn\u00fdm a odborn\u00fdm vzd\u011bl\u00e1n\u00edm na \u00farovni \u00fapln\u00e9ho st\u0159edn\u00edho odborn\u00e9ho vzd\u011bl\u00e1n\u00ed.<\/p>\n\n\n\n<p>Odborn\u00e1 slo\u017eka profilu absolventa se vyzna\u010duje obecn\u00fdmi odborn\u00fdmi v\u011bdomostmi a dovednostmi, z\u00e1kladn\u00edmi v\u011bdomostmi a dovednostmi ve vztahu k&nbsp;odv\u011btv\u00ed stavebnictv\u00ed a speci\u00e1ln\u00edmi odborn\u00fdmi v\u011bdomostmi a dovednostmi ve vazb\u011b na jednotliv\u00e1 zam\u011b\u0159en\u00ed oboru.<\/p>\n\n\n\n<p>V oblasti spole\u010dn\u00e9 odborn\u00e9 p\u0159\u00edpravy z\u00edsk\u00e1 absolvent tyto v\u011bdomosti a dovednosti:<\/p>\n\n\n\n<ul class=\"wp-block-list\"><li>z\u00e1sady zobrazov\u00e1n\u00ed stavebn\u00edch konstrukc\u00ed v&nbsp;projektov\u00e9 dokumentaci dle p\u0159\u00edslu\u0161n\u00fdch norem<\/li><li>z\u00e1kladn\u00ed dovednosti v&nbsp;pr\u00e1ci s&nbsp;osobn\u00edm po\u010d\u00edta\u010dem, vyu\u017eit\u00ed v&nbsp;oboru<\/li><li>druhy, vlastnosti a pou\u017eit\u00ed stavebn\u00edch materi\u00e1l\u016f, zp\u016fsoby ov\u011b\u0159ov\u00e1n\u00ed jejich vlastnost\u00ed a spr\u00e1vn\u00e9ho ulo\u017een\u00ed na staveni\u0161ti<\/li><li>zp\u016fsoby prov\u00e1d\u011bn\u00ed b\u011b\u017en\u00fdch stavebn\u00edch prac\u00ed v\u010detn\u011b pou\u017e\u00edvan\u00fdch stavebn\u00edch stroj\u016f a mechanizace<\/li><li>znalosti stavebn\u00ed mechaniky a st\u0159edo\u0161kolsk\u00e9 \u00farovni<\/li><li>teoretick\u00e9 i praktick\u00e9 znalosti a dovednosti z\u00e1kladn\u00edch m\u011b\u0159ick\u00fdch prac\u00ed na stavb\u00e1ch<\/li><li>znalost\u00ed navrhov\u00e1n\u00ed a posuzov\u00e1n\u00ed prvk\u016f stavebn\u00edch konstrukc\u00ed betonov\u00fdch, ocelov\u00fdch, d\u0159ev\u011bn\u00fdch a zd\u011bn\u00fdch<\/li><li>v\u011bdomost\u00ed z&nbsp;oblasti ochrany \u017eivotn\u00edho prost\u0159ed\u00ed ve vztahu ke stavebn\u00ed \u010dinnosti<\/li><li>z\u00e1kladn\u00edch v\u011bdomost\u00ed z&nbsp;oblasti ekonomiky ve stavebnictv\u00ed<\/li><li>p\u0159ipravenost k&nbsp;organizov\u00e1n\u00ed a \u0159\u00edzen\u00ed v\u00fdroby a veden\u00ed pracovn\u00edho kolektivu<\/li><li>z\u00e1kladn\u00ed znalost pr\u00e1vn\u00edch p\u0159edpis\u016f, zejm\u00e9na ve vztahu ke studovan\u00e9mu zam\u011b\u0159en\u00ed<\/li><\/ul>\n\n\n\n<p>P\u0159im\u011b\u0159en\u00fd rozvoj pot\u0159ebn\u00fdch schopnost\u00ed ve vztahu k&nbsp;zam\u011b\u0159en\u00ed studia zaji\u0161\u0165uje z\u00edsk\u00e1n\u00ed t\u011bchto v\u011bdomost\u00ed a dovednost\u00ed:<\/p>\n\n\n\n<p>u zam\u011b\u0159en\u00ed&nbsp;<strong>Pozemn\u00ed stavitelstv\u00ed<\/strong><\/p>\n\n\n\n<ul class=\"wp-block-list\"><li>znalosti z\u00e1sad navrhov\u00e1n\u00ed objekt\u016f pozemn\u00edho stavitelstv\u00ed<\/li><li>navrhov\u00e1n\u00ed jednodu\u0161\u0161\u00edch objekt\u016f pozemn\u00edch staveb v\u010detn\u011b zpracov\u00e1n\u00ed stavebn\u00ed \u010d\u00e1sti projektov\u00e9 dokumentace dle p\u0159\u00edslu\u0161n\u00fdch norem<\/li><li>v\u011bdomosti o po\u017e\u00e1rn\u00ed bezpe\u010dnosti staveb<\/li><li>z\u00e1kladn\u00ed znalosti z&nbsp;oblasti technick\u00fdch vybaven\u00ed budov<\/li><li>z\u00e1kladn\u00ed orientace v&nbsp;problematice zem\u011bd\u011blsk\u00fdch a pr\u016fmyslov\u00fdch staveb<\/li><li>z\u00e1kladn\u00ed znalosti o in\u017een\u00fdrsk\u00fdch stavb\u00e1ch<\/li><li>p\u0159ehled o v\u00fdvoji architektury<\/li><li>znalost z\u00e1sad a princip\u016f navrhov\u00e1n\u00ed a prov\u00e1d\u011bn\u00ed adaptac\u00ed budov<\/li><\/ul>\n\n\n\n<p>u zam\u011b\u0159en\u00ed&nbsp;<strong>Vodohospod\u00e1\u0159sk\u00e9 stavby<\/strong><\/p>\n\n\n\n<ul class=\"wp-block-list\"><li>d\u016fkladnou znalost v\u0161ech geodetick\u00fdch \u00fakon\u016f, nutn\u00fdch pro zam\u011b\u0159en\u00ed staveni\u0161t\u011b, vyty\u010den\u00ed stavby a pr\u016fb\u011b\u017enou kontrolu geometrick\u00fdch parametr\u016f konstrukce &#8211; schopnost odhadu geologick\u00fdch a hydrogeologick\u00fdch pom\u011br\u016f staveni\u0161t\u011b a odvozen\u00ed z\u00e1v\u011br\u016f z&nbsp;toho plynouc\u00edch<\/li><li>konstruk\u010dn\u00ed cit<\/li><li>znalost z\u00e1sadn\u00ed problematiky vodohospod\u00e1\u0159sk\u00fdch a vodn\u00edch staveb<\/li><li>znalost stavebn\u00ed v\u00fdkresov\u00e9 dokumentace<\/li><li>zpracov\u00e1n\u00ed n\u00e1vrhu vodovodu a \u00fapravy toku<\/li><li>encyklopedick\u00e9 znalosti o pozemn\u00edch stavb\u00e1ch<\/li><\/ul>\n\n\n\n<p>u zam\u011b\u0159en\u00ed&nbsp;<strong>Dopravn\u00ed stavitelstv\u00ed<\/strong><\/p>\n\n\n\n<ul class=\"wp-block-list\"><li>d\u016fkladnou znalost v\u0161ech geodetick\u00fdch \u00fakon\u016f, nutn\u00fdch pro zam\u011b\u0159en\u00ed staveni\u0161t\u011b, vyty\u010den\u00ed stavby a pr\u016fb\u011b\u017enou kontrolu geometrick\u00fdch parametr\u016f konstrukce<\/li><li>schopnost odhadu geologick\u00fdch a hydrogeologick\u00fdch pom\u011br\u016f staveni\u0161t\u011b a odvozen\u00ed z\u00e1v\u011br\u016f z&nbsp;toho plynouc\u00edch<\/li><li>konstruk\u010dn\u00ed cit<\/li><li>znalost problematiky dopravn\u00edch staveb, mostn\u00edch staveb<\/li><li>znalost v\u00fdkresov\u00e9 dokumentace dopravn\u00edch staveb<\/li><li>encyklopedick\u00e9 znalosti o pozemn\u00edch stavb\u00e1ch<\/li><\/ul>\n","protected":false},"excerpt":{"rendered":"<p>N\u00e1zev oboru Stavebnictv\u00ed K\u00f3d oboru 36-47-M\/01 Zam\u011b\u0159en\u00ed pozemn\u00ed stavitelstv\u00edvodohospod\u00e1\u0159sk\u00e9 stavbydopravn\u00ed stavitelstv\u00edarchitektura a stavitelstv\u00ed Forma studia denn\u00ed D\u00e9lka studia 4 roky Zp\u016fsob zakon\u010den\u00ed maturitn\u00ed zkou\u0161ka M\u00edsto v\u00fduky st\u0159edisko CSA, \u010csl. arm\u00e1dy 681\/10, D\u011b\u010d\u00edn I Studium je\u00a0ur\u010deno \u017e\u00e1k\u016fm z&nbsp;9.&nbsp;t\u0159\u00edd z\u00e1kladn\u00edch \u0161kol. Studium je \u010dty\u0159let\u00e9, zakon\u010den\u00e9 maturitn\u00ed zkou\u0161kou, studium prvn\u00edch dvou let prob\u00edh\u00e1 spole\u010dn\u011b, v&nbsp;dal\u0161\u00edch dvou letech podle [&hellip;]<\/p>\n","protected":false},"author":5,"featured_media":0,"parent":0,"menu_order":0,"comment_status":"closed","ping_status":"closed","template":"","meta":{"_acf_changed":false,"footnotes":""},"class_list":["post-119","page","type-page","status-publish","hentry"],"acf":[],"_links":{"self":[{"href":"https:\/\/www.prumkadc.cz\/index.php\/wp-json\/wp\/v2\/pages\/119","targetHints":{"allow":["GET"]}}],"collection":[{"href":"https:\/\/www.prumkadc.cz\/index.php\/wp-json\/wp\/v2\/pages"}],"about":[{"href":"https:\/\/www.prumkadc.cz\/index.php\/wp-json\/wp\/v2\/types\/page"}],"author":[{"embeddable":true,"href":"https:\/\/www.prumkadc.cz\/index.php\/wp-json\/wp\/v2\/users\/5"}],"replies":[{"embeddable":true,"href":"https:\/\/www.prumkadc.cz\/index.php\/wp-json\/wp\/v2\/comments?post=119"}],"version-history":[{"count":3,"href":"https:\/\/www.prumkadc.cz\/index.php\/wp-json\/wp\/v2\/pages\/119\/revisions"}],"predecessor-version":[{"id":1393,"href":"https:\/\/www.prumkadc.cz\/index.php\/wp-json\/wp\/v2\/pages\/119\/revisions\/1393"}],"wp:attachment":[{"href":"https:\/\/www.prumkadc.cz\/index.php\/wp-json\/wp\/v2\/media?parent=119"}],"curies":[{"name":"wp","href":"https:\/\/api.w.org\/{rel}","templated":true}]}}