{"id":1202,"date":"2021-11-08T15:05:21","date_gmt":"2021-11-08T15:05:21","guid":{"rendered":"https:\/\/www.prumkadc.cz\/?page_id=1202"},"modified":"2023-04-05T12:06:05","modified_gmt":"2023-04-05T12:06:05","slug":"technicke-kluby","status":"publish","type":"page","link":"https:\/\/www.prumkadc.cz\/index.php\/technicke-kluby\/","title":{"rendered":"Technick\u00e9 kluby"},"content":{"rendered":"\n<p>VO\u0160 a SP\u0160 strojn\u00ed, stavebn\u00ed a dopravn\u00ed, D\u011b\u010d\u00edn realizuje projekt v&nbsp;r\u00e1mci Opera\u010dn\u00edho programu V\u00fdzkum, v\u00fdvoj a vzd\u011bl\u00e1v\u00e1n\u00ed<\/p>\n\n\n\n<figure class=\"wp-block-image size-full\"><img fetchpriority=\"high\" decoding=\"async\" width=\"478\" height=\"105\" src=\"https:\/\/www.prumkadc.cz\/wp-content\/uploads\/2022\/01\/logo_cb_opvk.png\" alt=\"\" class=\"wp-image-1402\" srcset=\"https:\/\/www.prumkadc.cz\/wp-content\/uploads\/2022\/01\/logo_cb_opvk.png 478w, https:\/\/www.prumkadc.cz\/wp-content\/uploads\/2022\/01\/logo_cb_opvk-300x66.png 300w\" sizes=\"(max-width: 478px) 100vw, 478px\" \/><\/figure>\n\n\n\n<p>N\u00e1zev projektu: <strong>Podpora polytechnick\u00e9ho vzd\u011bl\u00e1v\u00e1n\u00ed a gramotnost\u00ed v&nbsp;\u00dasteck\u00e9m kraji<\/strong><\/p>\n\n\n\n<p>Registra\u010dn\u00ed \u010d\u00edslo: <strong>CZ.02.3.68\/0.0\/0.0\/19_078\/0017377<\/strong><\/p>\n\n\n\n<p>Vyhla\u0161ovatel: <strong>M\u0160MT<\/strong><\/p>\n\n\n\n<p>P\u0159\u00edjemce projektu: <strong>\u00daK IKAP A2<\/strong><\/p>\n\n\n\n<p>Partner P08: <strong>VO\u0160 a SP\u0160 strojn\u00ed, stavebn\u00ed a dopravn\u00ed, D\u011b\u010d\u00edn, p.o.<\/strong><\/p>\n\n\n\n<p>&nbsp;Term\u00edn realizace: <strong>1.&nbsp;4.&nbsp;2020 \u2013 31.&nbsp;3.&nbsp;2023<\/strong><\/p>\n\n\n\n<p>Anotace projektu: <strong>Vznik Technick\u00fdch klub\u016f v&nbsp;17 m\u011bstech \u00dasteck\u00e9ho kraje, \u010dinnost 6 odborn\u00fdch metodick\u00fdch skupin pro oblasti \u010dten\u00e1\u0159sk\u00e9,matematick\u00e9 a digit\u00e1ln\u00ed gramotnosti a pro p\u0159edm\u011bty BI, CH a FY, podpora Centra virtu\u00e1ln\u00edho prototypov\u00e1n\u00ed provozovan\u00e9 UJEP v&nbsp;\u00danL a podpora spolupr\u00e1ce \u0161kol a firem.<\/strong><\/p>\n\n\n\n<p><strong>Realizovan\u00e9 aktivity:<\/strong><\/p>\n\n\n\n<ul class=\"wp-block-list\">\n<li>Krou\u017eky<\/li>\n\n\n\n<li>Povinn\u00e1 v\u00fduka<\/li>\n\n\n\n<li>Otev\u0159en\u00e9 d\u00edlny<\/li>\n<\/ul>\n\n\n\n<div data-wp-interactive=\"core\/file\" class=\"wp-block-file\"><object data-wp-bind--hidden=\"!state.hasPdfPreview\" hidden class=\"wp-block-file__embed\" data=\"https:\/\/www.prumkadc.cz\/wp-content\/uploads\/2022\/01\/Povinny-pakat-publicita-IKAP-2A_final3.pdf\" type=\"application\/pdf\" style=\"width:100%;height:600px\" aria-label=\"Vlo\u017eit z Povinny-pakat-publicita-IKAP-2A_final3.\"><\/object><a id=\"wp-block-file--media-02e80857-d085-440f-8a1d-e53a9117027d\" href=\"https:\/\/www.prumkadc.cz\/wp-content\/uploads\/2022\/01\/Povinny-pakat-publicita-IKAP-2A_final3.pdf\">Povinny-pakat-publicita-IKAP-2A_final3<\/a><\/div>\n\n\n\n<p><strong>Krou\u017eky ve \u0161koln\u00edm roce 2022\/23:<\/strong><\/p>\n\n\n\n<p><strong>Kreativita ve 3D<\/strong><br>Krou\u017eek je zam\u011b\u0159en na c\u00edlovou skupinu \u017e\u00e1k\u016f S\u0160 a 2.&nbsp;stupn\u011b Z\u0160. V&nbsp;r\u00e1mci tohoto krou\u017eku pracuj\u00ed \u017e\u00e1ci s&nbsp;3D tisk\u00e1rnou a vytv\u00e1\u0159ej\u00ed modely prost\u0159ednictv\u00edm 3D tisku.<\/p>\n\n\n\n<figure class=\"wp-block-image size-large\"><img decoding=\"async\" src=\"https:\/\/www.prumkadc.cz\/wp-content\/uploads\/2023\/04\/ICUK_1-1024x539.jpg\" alt=\"\" class=\"wp-image-2986\"\/><\/figure>\n\n\n\n<p><strong>Kreativn\u00ed tvorba<\/strong><br>Krou\u017eek je zam\u011b\u0159en na c\u00edlovou skupinu \u017e\u00e1k\u016f S\u0160 a 2.&nbsp;stupn\u011b Z\u0160. V&nbsp;r\u00e1mci tohoto krou\u017eku pracuj\u00ed \u017e\u00e1ci se d\u0159evem, kovem a jin\u00fdmi materi\u00e1ly. Tvo\u0159\u00ed nap\u0159\u00edklad vitr\u00e1\u017ee nebo sochy z&nbsp;powewrtexu.<\/p>\n\n\n\n<figure class=\"wp-block-image size-large\"><img decoding=\"async\" src=\"https:\/\/www.prumkadc.cz\/wp-content\/uploads\/2023\/04\/20230301_162834-1024x462.jpg\" alt=\"\" class=\"wp-image-2983\"\/><\/figure>\n\n\n\n<p><strong>Poj\u010fme si hr\u00e1t 1 a 2<\/strong><br>Krou\u017eky je zam\u011b\u0159eny na c\u00edlovou skupinu d\u011bt\u00ed z&nbsp;M\u0160 a \u017e\u00e1k\u016f 1.&nbsp;stupn\u011b Z\u0160. Krou\u017eky prob\u00edhaj\u00ed na M\u0160 Sv\u011bt. D\u011bti zde pracuj\u00ed s&nbsp;d\u0159ev\u011bnou stavebnic\u00ed Pony 2. Z\u00e1rove\u0148 zde mohou vytv\u00e1\u0159et dekorace z&nbsp;r\u016fzn\u00fdch materi\u00e1l\u016f.<\/p>\n\n\n\n<figure class=\"wp-block-image size-full is-resized\"><img decoding=\"async\" src=\"https:\/\/www.prumkadc.cz\/wp-content\/uploads\/2023\/04\/TK_Vk1-1.jpg\" alt=\"\" class=\"wp-image-2985\" width=\"844\" height=\"237\"\/><\/figure>\n\n\n\n<p><strong>Otev\u0159en\u00e9 d\u00edlny<\/strong><\/p>\n\n\n\n<p>Otev\u0159en\u00e9 d\u00edlny jsou realizov\u00e1ny 1 &#8211; 2x m\u011bs\u00ed\u010dn\u011b a jsou zam\u011b\u0159eny p\u0159edev\u0161\u00edm na vyu\u017e\u00edt\u00ed d\u00edlen vybaven\u00fdch za\u0159\u00edzen\u00edm a n\u00e1\u0159\u00e1d\u00edm pro pr\u00e1ci se d\u0159evem a kovem. Vyrobit si zde z\u00e1jemci mohou nap\u0159\u00edklad pta\u010d\u00ed budku nebo krm\u00edtko, v\u011b\u0161\u00e1k na ze\u010f, truhl\u00edk pro rostliny. <\/p>\n\n\n\n<figure class=\"wp-block-image size-large\"><img decoding=\"async\" src=\"https:\/\/www.prumkadc.cz\/wp-content\/uploads\/2023\/04\/TK_Re-1024x479.jpg\" alt=\"\" class=\"wp-image-2990\"\/><\/figure>\n","protected":false},"excerpt":{"rendered":"<p>VO\u0160 a SP\u0160 strojn\u00ed, stavebn\u00ed a dopravn\u00ed, D\u011b\u010d\u00edn realizuje projekt v&nbsp;r\u00e1mci Opera\u010dn\u00edho programu V\u00fdzkum, v\u00fdvoj a vzd\u011bl\u00e1v\u00e1n\u00ed N\u00e1zev projektu: Podpora polytechnick\u00e9ho vzd\u011bl\u00e1v\u00e1n\u00ed a gramotnost\u00ed v&nbsp;\u00dasteck\u00e9m kraji Registra\u010dn\u00ed \u010d\u00edslo: CZ.02.3.68\/0.0\/0.0\/19_078\/0017377 Vyhla\u0161ovatel: M\u0160MT P\u0159\u00edjemce projektu: \u00daK IKAP A2 Partner P08: VO\u0160 a SP\u0160 strojn\u00ed, stavebn\u00ed a dopravn\u00ed, D\u011b\u010d\u00edn, p.o. &nbsp;Term\u00edn realizace: 1.&nbsp;4.&nbsp;2020 \u2013 31.&nbsp;3.&nbsp;2023 Anotace projektu: Vznik [&hellip;]<\/p>\n","protected":false},"author":5,"featured_media":0,"parent":0,"menu_order":11,"comment_status":"closed","ping_status":"closed","template":"","meta":{"_acf_changed":false,"footnotes":""},"class_list":["post-1202","page","type-page","status-publish","hentry"],"acf":[],"_links":{"self":[{"href":"https:\/\/www.prumkadc.cz\/index.php\/wp-json\/wp\/v2\/pages\/1202","targetHints":{"allow":["GET"]}}],"collection":[{"href":"https:\/\/www.prumkadc.cz\/index.php\/wp-json\/wp\/v2\/pages"}],"about":[{"href":"https:\/\/www.prumkadc.cz\/index.php\/wp-json\/wp\/v2\/types\/page"}],"author":[{"embeddable":true,"href":"https:\/\/www.prumkadc.cz\/index.php\/wp-json\/wp\/v2\/users\/5"}],"replies":[{"embeddable":true,"href":"https:\/\/www.prumkadc.cz\/index.php\/wp-json\/wp\/v2\/comments?post=1202"}],"version-history":[{"count":2,"href":"https:\/\/www.prumkadc.cz\/index.php\/wp-json\/wp\/v2\/pages\/1202\/revisions"}],"predecessor-version":[{"id":1403,"href":"https:\/\/www.prumkadc.cz\/index.php\/wp-json\/wp\/v2\/pages\/1202\/revisions\/1403"}],"wp:attachment":[{"href":"https:\/\/www.prumkadc.cz\/index.php\/wp-json\/wp\/v2\/media?parent=1202"}],"curies":[{"name":"wp","href":"https:\/\/api.w.org\/{rel}","templated":true}]}}