{"id":1206,"date":"2021-11-08T15:06:01","date_gmt":"2021-11-08T15:06:01","guid":{"rendered":"https:\/\/www.prumkadc.cz\/?page_id=1206"},"modified":"2023-05-11T05:55:37","modified_gmt":"2023-05-11T05:55:37","slug":"sablony-2017","status":"publish","type":"page","link":"https:\/\/www.prumkadc.cz\/index.php\/sablony-2017\/","title":{"rendered":"\u0160ablony 2017"},"content":{"rendered":"\n<p>Projekt byl zrealizov\u00e1n a ukon\u010den. Spln\u011bny byly v\u0161echny aktivity.<\/p>\n\n\n\n<p><strong>N\u00e1zev projektu:<\/strong> <strong>\u201e\u0160ablony 2017\u201c<\/strong><\/p>\n\n\n\n<p><strong>Registra\u010dn\u00ed \u010d\u00edslo:<\/strong> CZ.02.3.68\/0.0\/0.0\/16_035\/0006255<\/p>\n\n\n\n<p><strong>Vyhla\u0161ovatel:<\/strong> M\u0160MT<\/p>\n\n\n\n<p><strong>P\u0159\u00edjemce projektu:<\/strong> VO\u0160 a SP\u0160 strojn\u00ed, stavebn\u00ed a dopravn\u00ed, D\u011b\u010d\u00edn, p.o.<\/p>\n\n\n\n<p><strong>Term\u00edn realizace:<\/strong> <strong>1.&nbsp;9.&nbsp;2017 \u2013 31.&nbsp;8.&nbsp;2019<\/strong><\/p>\n\n\n\n<p><strong>Anotace projektu:<\/strong> Projekt je zam\u011b\u0159en na jedno z\/kombinaci n\u00e1sleduj\u00edc\u00edch t\u00e9mat: person\u00e1ln\u00ed podpora, osobnostn\u011b profesn\u00ed rozvoj pedagog\u016f, spole\u010dn\u00e9 vzd\u011bl\u00e1v\u00e1n\u00ed \u017e\u00e1k\u016f a student\u016f, podpora extrakurikul\u00e1rn\u00edch aktivit, aktivity rozv\u00edjej\u00edc\u00ed ICT.<\/p>\n\n\n\n<p><strong>Realizovan\u00e9 aktivity:<\/strong><\/p>\n\n\n\n<ul class=\"wp-block-list\">\n<li>Koordin\u00e1tor spolupr\u00e1ce \u0161koly a zam\u011bstnavatele \u2013 person\u00e1ln\u00ed podpora S\u0160 a VO\u0160<\/li>\n\n\n\n<li>\u0160koln\u00ed kari\u00e9rov\u00fd poradce \u2013 person\u00e1ln\u00ed podpora S\u0160<\/li>\n\n\n\n<li>Vzd\u011bl\u00e1v\u00e1n\u00ed pedagogick\u00fdch pracovn\u00edk\u016f S\u0160 a VO\u0160 \u2013 DVPP &#8211; matematika, ciz\u00ed jazyky, ICT, osobnostn\u00ed rozvoj<\/li>\n\n\n\n<li>Sd\u00edlen\u00ed zku\u0161enost\u00ed pedagog\u016f z&nbsp;r\u016fzn\u00fdch \u0161kol prost\u0159ednictv\u00edm vz\u00e1jemn\u00fdch n\u00e1v\u0161t\u011bv (pro S\u0160 a VO\u0160)<\/li>\n\n\n\n<li>St\u00e1\u017ee pedagog\u016f u zam\u011bstnavatel\u016f (pro S\u0160 a VO\u0160)<\/li>\n\n\n\n<li>Tandemov\u00e1 v\u00fduka na S\u0160<\/li>\n\n\n\n<li>Vzd\u011bl\u00e1v\u00e1n\u00ed pedagogick\u00e9ho sboru S\u0160 zam\u011b\u0159en\u00e9 na inkluzi<\/li>\n\n\n\n<li>Dou\u010dov\u00e1n\u00ed \u017e\u00e1k\u016f S\u0160 ohro\u017een\u00fdch \u0161koln\u00edm ne\u00fasp\u011bchem<\/li>\n<\/ul>\n","protected":false},"excerpt":{"rendered":"<p>Projekt byl zrealizov\u00e1n a ukon\u010den. Spln\u011bny byly v\u0161echny aktivity. N\u00e1zev projektu: \u201e\u0160ablony 2017\u201c Registra\u010dn\u00ed \u010d\u00edslo: CZ.02.3.68\/0.0\/0.0\/16_035\/0006255 Vyhla\u0161ovatel: M\u0160MT P\u0159\u00edjemce projektu: VO\u0160 a SP\u0160 strojn\u00ed, stavebn\u00ed a dopravn\u00ed, D\u011b\u010d\u00edn, p.o. Term\u00edn realizace: 1.&nbsp;9.&nbsp;2017 \u2013 31.&nbsp;8.&nbsp;2019 Anotace projektu: Projekt je zam\u011b\u0159en na jedno z\/kombinaci n\u00e1sleduj\u00edc\u00edch t\u00e9mat: person\u00e1ln\u00ed podpora, osobnostn\u011b profesn\u00ed rozvoj pedagog\u016f, spole\u010dn\u00e9 vzd\u011bl\u00e1v\u00e1n\u00ed \u017e\u00e1k\u016f a student\u016f, [&hellip;]<\/p>\n","protected":false},"author":5,"featured_media":0,"parent":0,"menu_order":13,"comment_status":"closed","ping_status":"closed","template":"","meta":{"_acf_changed":false,"footnotes":""},"class_list":["post-1206","page","type-page","status-publish","hentry"],"acf":[],"_links":{"self":[{"href":"https:\/\/www.prumkadc.cz\/index.php\/wp-json\/wp\/v2\/pages\/1206","targetHints":{"allow":["GET"]}}],"collection":[{"href":"https:\/\/www.prumkadc.cz\/index.php\/wp-json\/wp\/v2\/pages"}],"about":[{"href":"https:\/\/www.prumkadc.cz\/index.php\/wp-json\/wp\/v2\/types\/page"}],"author":[{"embeddable":true,"href":"https:\/\/www.prumkadc.cz\/index.php\/wp-json\/wp\/v2\/users\/5"}],"replies":[{"embeddable":true,"href":"https:\/\/www.prumkadc.cz\/index.php\/wp-json\/wp\/v2\/comments?post=1206"}],"version-history":[{"count":1,"href":"https:\/\/www.prumkadc.cz\/index.php\/wp-json\/wp\/v2\/pages\/1206\/revisions"}],"predecessor-version":[{"id":1207,"href":"https:\/\/www.prumkadc.cz\/index.php\/wp-json\/wp\/v2\/pages\/1206\/revisions\/1207"}],"wp:attachment":[{"href":"https:\/\/www.prumkadc.cz\/index.php\/wp-json\/wp\/v2\/media?parent=1206"}],"curies":[{"name":"wp","href":"https:\/\/api.w.org\/{rel}","templated":true}]}}