{"id":121,"date":"2021-04-20T14:38:23","date_gmt":"2021-04-20T14:38:23","guid":{"rendered":"https:\/\/www.prumkadc.cz\/?page_id=121"},"modified":"2025-11-02T20:15:35","modified_gmt":"2025-11-02T20:15:35","slug":"sps-obor-strojirenstvi","status":"publish","type":"page","link":"https:\/\/www.prumkadc.cz\/index.php\/sps-obor-strojirenstvi\/","title":{"rendered":"SP\u0160 &#8211; obor Stroj\u00edrenstv\u00ed"},"content":{"rendered":"\n<figure class=\"wp-block-table\"><table><tbody><tr><td>N\u00e1zev oboru<\/td><td><strong>Stroj\u00edrenstv\u00ed<\/strong><\/td><\/tr><tr><td>K\u00f3d oboru<\/td><td>23-41-M\/01<\/td><\/tr><tr><td>Zam\u011b\u0159en\u00ed<\/td><td><strong>po\u010d\u00edta\u010dov\u00e9 aplikace ve stroj\u00edrenstv\u00ed<br>lod\u011b a lodn\u00ed doprava<\/strong><\/td><\/tr><tr><td>Forma studia<\/td><td>denn\u00ed<\/td><\/tr><tr><td>D\u00e9lka studia<\/td><td>4 roky<\/td><\/tr><tr><td>Zp\u016fsob zakon\u010den\u00ed<\/td><td>maturitn\u00ed zkou\u0161ka<\/td><\/tr><tr><td>M\u00edsto v\u00fduky<\/td><td>st\u0159edisko SLO, Slovansk\u00e1 1000\/55, D\u011b\u010d\u00edn VI<\/td><\/tr><\/tbody><\/table><\/figure>\n\n\n\n<div class=\"wp-block-file\"><a href=\"https:\/\/www.prumkadc.cz\/wp-content\/uploads\/2022\/01\/ucebni_plan_STR.pdf\">U\u010debn\u00ed pl\u00e1n obor Stroj\u00edrenstv\u00ed<\/a><a href=\"https:\/\/www.prumkadc.cz\/wp-content\/uploads\/2022\/01\/ucebni_plan_STR.pdf\" class=\"wp-block-file__button wp-element-button\" download>St\u00e1hnout<\/a><\/div>\n\n\n\n<p>V prvn\u00edch dvou letech studia z\u00edskaj\u00ed studenti spole\u010dn\u00fd stroj\u00edrensk\u00fd z\u00e1klad, od t\u0159et\u00edho ro\u010dn\u00edku si studenti vol\u00ed jedno ze dvou studijn\u00edch zam\u011b\u0159en\u00ed<\/p>\n\n\n\n<p>Obor je vhodn\u00fd pro chlapce i d\u011bv\u010data (neplat\u00ed pro lodn\u00ed dopravu).<\/p>\n\n\n\n<h2 class=\"wp-block-heading\">Po\u010d\u00edta\u010dov\u00e9 aplikace ve stroj\u00edrenstv\u00ed<\/h2>\n\n\n\n<p>Studijn\u00ed zam\u011b\u0159en\u00ed Po\u010d\u00edta\u010dov\u00e9 aplikace ve stroj\u00edrenstv\u00ed p\u0159ipravuje absolventy s&nbsp;odborn\u00fdm zam\u011b\u0159en\u00edm zejm\u00e9na pro stroj\u00edrensk\u00e9 firmy s&nbsp;d\u016frazem na stroj\u00edrenskou technologii, stroje, kontrolu a m\u011b\u0159en\u00ed s&nbsp;maxim\u00e1ln\u00edm vyu\u017eit\u00edm v\u00fdpo\u010detn\u00ed techniky.<\/p>\n\n\n\n<p>V pr\u016fb\u011bhu studia \u017e\u00e1ci pou\u017e\u00edvaj\u00ed modern\u00ed CAD\/CAM software, zam\u011b\u0159en\u00fd na n\u00e1vrh modelu i celku ve 3D s&nbsp;mo\u017en\u00fdm n\u00e1sledn\u00fdm zpracov\u00e1n\u00edm v\u00fdkresov\u00e9 dokumentace \u010di vyu\u017eit\u00edm dat pro generov\u00e1n\u00ed dr\u00e1hy n\u00e1stroje na NC stroj\u00edch.<\/p>\n\n\n\n<h2 class=\"wp-block-heading\">Lod\u011b a lodn\u00ed doprava<\/h2>\n\n\n\n<p>Jsme jedinou st\u0159edn\u00ed odbornou \u0161kolou v&nbsp;\u010cesk\u00e9 republice, kde je tento obor vyu\u010dov\u00e1n ve \u010dty\u0159let\u00e9m studiu zakon\u010den\u00e9m maturitn\u00ed zkou\u0161kou. Studenti se v&nbsp;pr\u016fb\u011bhu studia seznamuj\u00ed s&nbsp;principy konstrukce lod\u00ed a lodn\u00edch za\u0159\u00edzen\u00ed. Nau\u010d\u00ed se, jak se stav\u00ed lo\u010f, jak pracuj\u00ed lodn\u00ed motory, \u010derpadla a kompresory, znaj\u00ed principy \u010dinnosti kormideln\u00edho a kotevn\u00edho za\u0159\u00edzen\u00ed. Sezn\u00e1m\u00ed se s&nbsp;evropsk\u00fdmi vodn\u00edmi cestami a organizac\u00ed lodn\u00ed p\u0159epravy zbo\u017e\u00ed, v\u010detn\u011b nezbytn\u00fdch pr\u00e1vn\u00edch p\u0159edpis\u016f.<\/p>\n\n\n\n<p>Po maturitn\u00ed zkou\u0161ce nach\u00e1zej\u00ed uplatn\u011bn\u00ed v&nbsp;podnic\u00edch zab\u00fdvaj\u00edc\u00edch se lodn\u00ed p\u0159epravou. V\u011bt\u0161ina absolvent\u016f v\u0161ak je\u0161t\u011b skl\u00e1d\u00e1 dal\u0161\u00ed zkou\u0161ky, co\u017e jim umo\u017en\u00ed vykon\u00e1vat pr\u00e1ci na lod\u00edch ve funkc\u00edch lodn\u00edka a\u017e kapit\u00e1na a to i u zahrani\u010dn\u00edch plavebn\u00edch spole\u010dnost\u00ed.<\/p>\n\n\n\n<p>N\u00e1sledn\u00e1 mo\u017enost studia n\u00e1mo\u0159nick\u00e9ho povol\u00e1n\u00ed na zahrani\u010dn\u00edch vysok\u00fdch \u0161kol\u00e1ch a n\u00e1mo\u0159n\u00edch akademi\u00edch.<\/p>\n","protected":false},"excerpt":{"rendered":"<p>N\u00e1zev oboru Stroj\u00edrenstv\u00ed K\u00f3d oboru 23-41-M\/01 Zam\u011b\u0159en\u00ed po\u010d\u00edta\u010dov\u00e9 aplikace ve stroj\u00edrenstv\u00edlod\u011b a lodn\u00ed doprava Forma studia denn\u00ed D\u00e9lka studia 4 roky Zp\u016fsob zakon\u010den\u00ed maturitn\u00ed zkou\u0161ka M\u00edsto v\u00fduky st\u0159edisko SLO, Slovansk\u00e1 1000\/55, D\u011b\u010d\u00edn VI V&nbsp;prvn\u00edch dvou letech studia z\u00edskaj\u00ed studenti spole\u010dn\u00fd stroj\u00edrensk\u00fd z\u00e1klad, od t\u0159et\u00edho ro\u010dn\u00edku si studenti vol\u00ed jedno ze dvou studijn\u00edch zam\u011b\u0159en\u00ed Obor [&hellip;]<\/p>\n","protected":false},"author":5,"featured_media":0,"parent":0,"menu_order":0,"comment_status":"closed","ping_status":"closed","template":"","meta":{"_acf_changed":false,"footnotes":""},"class_list":["post-121","page","type-page","status-publish","hentry"],"acf":[],"_links":{"self":[{"href":"https:\/\/www.prumkadc.cz\/index.php\/wp-json\/wp\/v2\/pages\/121","targetHints":{"allow":["GET"]}}],"collection":[{"href":"https:\/\/www.prumkadc.cz\/index.php\/wp-json\/wp\/v2\/pages"}],"about":[{"href":"https:\/\/www.prumkadc.cz\/index.php\/wp-json\/wp\/v2\/types\/page"}],"author":[{"embeddable":true,"href":"https:\/\/www.prumkadc.cz\/index.php\/wp-json\/wp\/v2\/users\/5"}],"replies":[{"embeddable":true,"href":"https:\/\/www.prumkadc.cz\/index.php\/wp-json\/wp\/v2\/comments?post=121"}],"version-history":[{"count":3,"href":"https:\/\/www.prumkadc.cz\/index.php\/wp-json\/wp\/v2\/pages\/121\/revisions"}],"predecessor-version":[{"id":6090,"href":"https:\/\/www.prumkadc.cz\/index.php\/wp-json\/wp\/v2\/pages\/121\/revisions\/6090"}],"wp:attachment":[{"href":"https:\/\/www.prumkadc.cz\/index.php\/wp-json\/wp\/v2\/media?parent=121"}],"curies":[{"name":"wp","href":"https:\/\/api.w.org\/{rel}","templated":true}]}}