{"id":1210,"date":"2021-11-08T15:06:59","date_gmt":"2021-11-08T15:06:59","guid":{"rendered":"https:\/\/www.prumkadc.cz\/?page_id=1210"},"modified":"2023-05-11T05:57:32","modified_gmt":"2023-05-11T05:57:32","slug":"prirodovedne-a-technicke-vzdelavani-usteckeho-kraje","status":"publish","type":"page","link":"https:\/\/www.prumkadc.cz\/index.php\/prirodovedne-a-technicke-vzdelavani-usteckeho-kraje\/","title":{"rendered":"P\u0159\u00edrodov\u011bdn\u00e9 a technick\u00e9 vzd\u011bl\u00e1v\u00e1n\u00ed \u00dasteck\u00e9ho kraje"},"content":{"rendered":"\n<p><\/p>\n\n\n\n<figure class=\"wp-block-image\"><img decoding=\"async\" src=\"http:\/\/old.prumkadc.cz\/sites\/default\/files\/u30\/logolink.jpg\" alt=\"\"\/><\/figure>\n\n\n\n<p>VO\u0160 a SP\u0160 strojn\u00ed, stavebn\u00ed a dopravn\u00ed, D\u011b\u010d\u00edn je partnerem \u010d\u00edslo 3 projektu v&nbsp;r\u00e1mci Opera\u010dn\u00edho programu Vzd\u011bl\u00e1v\u00e1n\u00ed pro konkurence schopnost spolufinancovan\u00e9ho Evropsk\u00fdm soci\u00e1ln\u00edm fondem a st\u00e1tn\u00edm rozpo\u010dtem \u010cesk\u00e9 republiky.<\/p>\n\n\n\n<p>Projekt byl zrealizov\u00e1n a ukon\u010den. Spln\u011bny byly v\u0161echny aktivity.<\/p>\n\n\n\n<p><strong>Projekt:<\/strong><\/p>\n\n\n\n<p><strong>N\u00e1zev projektu<\/strong>: \u201eP\u0159\u00edrodov\u011bdn\u00e9 a technick\u00e9 vzd\u011bl\u00e1v\u00e1n\u00ed \u00dasteck\u00e9ho kraje\u201c<br><strong>Registra\u010dn\u00ed \u010d\u00edslo<\/strong>: CZ.1.07\/1.1.00\/44.0005<br><strong>\u010c\u00edslo a n\u00e1zev oblasti podpory<\/strong>: Oblast podpory 1.1 Zvy\u0161ov\u00e1n\u00ed kvality ve vzd\u011bl\u00e1v\u00e1n\u00ed<br><strong>Vyhla\u0161ovatel:<\/strong> M\u0160MT P\u0159\u00edjemce projektu: \u00dasteck\u00fd kraj<br><strong>Term\u00edn realizace:<\/strong> 1.&nbsp;9.&nbsp;2013 \u2013 30.&nbsp;6.&nbsp;2015<\/p>\n\n\n\n<p><strong>Hlavn\u00ed c\u00edl projektu:<\/strong><\/p>\n\n\n\n<p>C\u00edlem projektu je rozvoj a zv\u00fd\u0161en\u00ed kvality po\u010d\u00e1te\u010dn\u00edho vzd\u011bl\u00e1v\u00e1n\u00ed v&nbsp;oblasti p\u0159\u00edrodov\u011bdn\u00fdch a technicky zam\u011b\u0159en\u00fdch obor\u016f. Projekt je p\u0159edev\u0161\u00edm zam\u011b\u0159en na propagaci, podporu a zkvalitn\u011bn\u00ed vzd\u011bl\u00e1v\u00e1n\u00ed \u017e\u00e1k\u016f v&nbsp;\u00dasteck\u00e9m kraji v&nbsp;n\u00e1vaznosti na aktu\u00e1ln\u00ed po\u017eadavky potencion\u00e1ln\u00edch zam\u011bstnavatel\u016f, ale tak\u00e9 na dal\u0161\u00ed rozvoj znalost\u00ed a dovednost\u00ed \u017e\u00e1k\u016f. Jedn\u00e1 se o komplexn\u00ed podporu vzd\u011bl\u00e1v\u00e1n\u00ed technick\u00e9ho a p\u0159\u00edrodov\u011bdn\u00e9ho sm\u011bru.<\/p>\n\n\n\n<p><strong>C\u00edlov\u00e1 skupina:<\/strong><\/p>\n\n\n\n<p>C\u00edlovou skupinu tvo\u0159\u00ed \u017e\u00e1ci, pedagogi\u010dt\u00ed pracovn\u00edci a vedouc\u00ed pracovn\u00edci st\u0159edn\u00edch a z\u00e1kladn\u00edch \u0161kol v&nbsp;\u00dasteck\u00e9m kraji. Do projektu je zapojeno celkem 12 st\u0159edn\u00edch \u0161kol a 61 spolupracuj\u00edc\u00edch z\u00e1kladn\u00edch \u0161kol \u00fasteck\u00e9ho kraje.<\/p>\n\n\n\n<p><strong>Obsah projektu:<\/strong><\/p>\n\n\n\n<p>V r\u00e1mci projektu bude realizov\u00e1na \u0159ada aktivit, kter\u00e9 sv\u00fdm charakterem p\u0159isp\u011bj\u00ed k&nbsp;napln\u011bn\u00ed stanoven\u00fdch projektov\u00fdch c\u00edl\u016f. Nejprve bude dopln\u011bna infrastruktura, jedn\u00e1 se o vybaven\u00ed a dopln\u011bn\u00ed speci\u00e1ln\u00edch u\u010deben a laborato\u0159\u00ed v&nbsp;zapojen\u00fdch \u0161kol\u00e1ch. V&nbsp;t\u011bchto modern\u00edch u\u010debn\u00e1ch z\u00edskaj\u00ed \u017e\u00e1ci st\u0159edn\u00edch i z\u00e1kladn\u00edch \u0161kol mo\u017enosti sezn\u00e1mit se s&nbsp;p\u0159\u00edrodov\u011bdn\u00fdmi a technick\u00fdmi obory, a\u0165 ji\u017e na pravideln\u00fdch krou\u017ec\u00edch, tak p\u0159i samotn\u00e9 v\u00fduce. Sou\u010dasn\u011b bude tak\u00e9 prob\u00edhat vzd\u011bl\u00e1v\u00e1n\u00ed u\u010ditel\u016f, kte\u0159\u00ed by n\u00e1sledn\u011b m\u011bli v&nbsp;r\u00e1mci v\u00fduky vyu\u017e\u00edvat nov\u00e9 metody a formy pr\u00e1ce. D\u016fle\u017eitou aktivitou projektu jsou exkurze a to zejm\u00e9na do firem s&nbsp;technick\u00fdm \u010di p\u0159\u00edrodov\u011bdn\u00fdm zam\u011b\u0159en\u00edm. Zde se \u017e\u00e1ci sezn\u00e1m\u00ed s&nbsp;konkr\u00e9tn\u00edmi procesy v\u00fdroby i s&nbsp;profesemi, kter\u00e9 by mohli v&nbsp;budoucnu studovat.<\/p>\n\n\n\n<p><strong>Odkaz na str\u00e1nky projektu:<\/strong><\/p>\n\n\n\n<p><a href=\"http:\/\/www.kr-ustecky.cz\/vismo\/osnova.asp?id_org=450018&amp;id_osnovy=200513&amp;p1=200513\">http:\/\/www.kr-ustecky.cz\/vismo\/osnova.asp?id_org=450018&amp;id_osnovy=200513&#8230;<\/a><\/p>\n\n\n\n<p><strong>Realizovan\u00e9 aktivity:<\/strong><\/p>\n\n\n\n<p><strong>Dny techniky<\/strong><br>V r\u00e1mci dn\u016f techniky budou prob\u00edhat celodenn\u00ed aktivity pro \u017e\u00e1ky Z\u0160, zam\u011b\u0159en\u00e9 na elektrotechnick\u00e9, strojn\u00ed a stavebn\u00ed obory. Aktivity budou prob\u00edhat v&nbsp;prostor\u00e1ch \u0161koly, p\u0159edev\u0161\u00edm v&nbsp;nov\u011b vybaven\u00fdch laborato\u0159\u00edch a d\u00edln\u00e1ch.<\/p>\n\n\n\n<p><strong>Vyu\u010dov\u00e1n\u00ed Z\u0160 v&nbsp;na\u0161\u00ed \u0161kole<\/strong><br>Prostory nov\u011b vybaven\u00fdch laborato\u0159\u00ed a d\u00edlen budou vyu\u017e\u00edv\u00e1ny \u017e\u00e1ky Z\u0160 v&nbsp;r\u00e1mci jejich b\u011b\u017en\u00e9ho vyu\u010dov\u00e1n\u00ed. Aktivity budou prob\u00edhat dle pot\u0159eb Z\u0160 a dle rozvrhu.<\/p>\n\n\n\n<p><strong>Krou\u017eek techniky<\/strong><br>Tato volno\u010dasov\u00e1 aktivita je ur\u010dena pro \u017e\u00e1ky Z\u0160 a S\u0160. Byla po\u0159\u00e1d\u00e1na pravideln\u011b a bude rozd\u011blena do n\u011bkolika \u010dasov\u00fdch \u00fasek\u016f (p\u0159edpokl\u00e1d\u00e1me d\u00e9lku trv\u00e1n\u00ed 3 m\u011bs\u00edce pro jednotliv\u00e9 zam\u011b\u0159en\u00ed krou\u017eku) dle z\u00e1jmu a mo\u017enost\u00ed \u017e\u00e1k\u016f. Budou na ni navazovat 2 t\u0159\u00eddenn\u00ed soust\u0159ed\u011bn\u00ed za rok. Zam\u011b\u0159en\u00ed krou\u017eku bylo rozd\u011bleno takto:<\/p>\n\n\n\n<p><strong>Krou\u017eek techniky &#8211; modelov\u00e1 \u017eeleznice<\/strong> (jedn\u00e1 se o elektrifikaci model\u016f)<\/p>\n\n\n\n<p><strong>Krou\u017eek techniky \u2013 elektronika<\/strong> ( jedn\u00e1 se o sestavov\u00e1n\u00ed a zapojov\u00e1n\u00ed el. obvod\u016f<\/p>\n\n\n\n<p><strong>Krou\u017eek techniky \u2013 kov\u00e1n\u00ed<\/strong> ( jedn\u00e1 se o praktick\u00e9 dovednosti p\u0159i pr\u00e1ci s&nbsp;kovem)<\/p>\n\n\n\n<p><strong>Krou\u017eek techniky \u2013 modelov\u00e1n\u00ed 2D\/3D<\/strong> ( jedn\u00e1 se o n\u00e1vrh technick\u00fdch d\u00edl\u016f s&nbsp;v\u00fdstupem na 3D tisk\u00e1rnu)<\/p>\n\n\n\n<p><strong>Krou\u017eek techniky \u2013 stavitelstv\u00ed<\/strong> ( jedn\u00e1 se o zam\u011b\u0159ov\u00e1n\u00ed staveb, pr\u00e1ci s&nbsp;materi\u00e1ly a zku\u0161ebnictv\u00ed v&nbsp;laborato\u0159i)<br><\/p>\n\n\n\n<p><strong>Odborn\u00e9 p\u0159edn\u00e1\u0161ky<\/strong><br>Pod veden\u00edm lektor\u016f z&nbsp;praxe, kte\u0159\u00ed budou dle aktu\u00e1ln\u00edch pot\u0159eb osloveni, prob\u011bhnou&nbsp; odborn\u00e9 p\u0159edn\u00e1\u0161ky v&nbsp;technick\u00e9m oboru za rok pro \u017e\u00e1ky S\u0160 a Z\u0160. V&nbsp;r\u00e1mci p\u0159edn\u00e1\u0161ek bude p\u0159edvedeno i \u0161pi\u010dkov\u00e9 vybaven\u00ed u\u010debny geod\u00e9zie a strojn\u00ed laborato\u0159e v\u010detn\u011b uk\u00e1zek n\u011bkolika cvi\u010den\u00ed.<\/p>\n\n\n\n<p><strong>Exkurze<\/strong><br>B\u011bhem roku uspo\u0159\u00e1d\u00e1 \u0161kola exkurze technick\u00e9ho zam\u011b\u0159en\u00ed pro \u017e\u00e1ky S\u0160 i Z\u0160.<\/p>\n\n\n\n<ul class=\"wp-block-list\">\n<li><strong>&nbsp;Dne 7.&nbsp;ledna se \u017e\u00e1ci z&nbsp;t\u0159\u00edd S3, S4, V4 a spolu s&nbsp;nimi \u017e\u00e1ci 9.&nbsp;t\u0159\u00edd Z\u0160 z&nbsp;J\u00edlov\u00e9ho z\u00fa\u010dastnili exkurze do mladoboleslavsk\u00e9 automobilky \u0160koda Auto. V\u00edce <a href=\"http:\/\/prumkadc.cz\/sites\/default\/files\/ExkurzeMB.pdf#overlay-context=node\/458\">zde<\/a><\/strong><\/li>\n<\/ul>\n\n\n\n<p><strong>Besedy s&nbsp;odborn\u00edky z&nbsp;praxe<\/strong><br>D\u00edl\u010d\u00ed \u010d\u00e1st, kter\u00e1 je zakomponov\u00e1na do Dn\u016f techniky. B\u011bhem roku uspo\u0159\u00e1d\u00e1 \u0161kola besedy technick\u00e9ho zam\u011b\u0159en\u00ed pro \u017e\u00e1ky S\u0160.<\/p>\n\n\n\n<ul class=\"wp-block-list\">\n<li><strong>Dne 2.12.2013 se studenti oboru stavebnictv\u00ed z\u00fa\u010dastnili besedy se z\u00e1stupcem firmy Xella. V\u00edce <a href=\"http:\/\/prumkadc.cz\/sites\/default\/files\/besedaYtong_0.pdf#overlay-context=\">zde<\/a><\/strong><\/li>\n<\/ul>\n","protected":false},"excerpt":{"rendered":"<p>VO\u0160 a SP\u0160 strojn\u00ed, stavebn\u00ed a dopravn\u00ed, D\u011b\u010d\u00edn je partnerem \u010d\u00edslo 3 projektu v&nbsp;r\u00e1mci Opera\u010dn\u00edho programu Vzd\u011bl\u00e1v\u00e1n\u00ed pro konkurence schopnost spolufinancovan\u00e9ho Evropsk\u00fdm soci\u00e1ln\u00edm fondem a st\u00e1tn\u00edm rozpo\u010dtem \u010cesk\u00e9 republiky. Projekt byl zrealizov\u00e1n a ukon\u010den. Spln\u011bny byly v\u0161echny aktivity. Projekt: N\u00e1zev projektu: \u201eP\u0159\u00edrodov\u011bdn\u00e9 a technick\u00e9 vzd\u011bl\u00e1v\u00e1n\u00ed \u00dasteck\u00e9ho kraje\u201cRegistra\u010dn\u00ed \u010d\u00edslo: CZ.1.07\/1.1.00\/44.0005\u010c\u00edslo a n\u00e1zev oblasti podpory: Oblast podpory [&hellip;]<\/p>\n","protected":false},"author":5,"featured_media":0,"parent":0,"menu_order":15,"comment_status":"closed","ping_status":"closed","template":"","meta":{"_acf_changed":false,"footnotes":""},"class_list":["post-1210","page","type-page","status-publish","hentry"],"acf":[],"_links":{"self":[{"href":"https:\/\/www.prumkadc.cz\/index.php\/wp-json\/wp\/v2\/pages\/1210","targetHints":{"allow":["GET"]}}],"collection":[{"href":"https:\/\/www.prumkadc.cz\/index.php\/wp-json\/wp\/v2\/pages"}],"about":[{"href":"https:\/\/www.prumkadc.cz\/index.php\/wp-json\/wp\/v2\/types\/page"}],"author":[{"embeddable":true,"href":"https:\/\/www.prumkadc.cz\/index.php\/wp-json\/wp\/v2\/users\/5"}],"replies":[{"embeddable":true,"href":"https:\/\/www.prumkadc.cz\/index.php\/wp-json\/wp\/v2\/comments?post=1210"}],"version-history":[{"count":1,"href":"https:\/\/www.prumkadc.cz\/index.php\/wp-json\/wp\/v2\/pages\/1210\/revisions"}],"predecessor-version":[{"id":1211,"href":"https:\/\/www.prumkadc.cz\/index.php\/wp-json\/wp\/v2\/pages\/1210\/revisions\/1211"}],"wp:attachment":[{"href":"https:\/\/www.prumkadc.cz\/index.php\/wp-json\/wp\/v2\/media?parent=1210"}],"curies":[{"name":"wp","href":"https:\/\/api.w.org\/{rel}","templated":true}]}}