{"id":1212,"date":"2021-11-08T15:07:17","date_gmt":"2021-11-08T15:07:17","guid":{"rendered":"https:\/\/www.prumkadc.cz\/?page_id=1212"},"modified":"2023-05-11T05:58:22","modified_gmt":"2023-05-11T05:58:22","slug":"vzdelavanim-za-konkurenceschopnost","status":"publish","type":"page","link":"https:\/\/www.prumkadc.cz\/index.php\/vzdelavanim-za-konkurenceschopnost\/","title":{"rendered":"Vzd\u011bl\u00e1v\u00e1n\u00edm za konkurenceschopnost"},"content":{"rendered":"\n<p>VO\u0160 a SP\u0160 Strojn\u00ed, stavebn\u00ed a dopravn\u00ed je aktivn\u011b zapojena do projektu Ministerstva \u0161kolstv\u00ed, ml\u00e1de\u017ee a t\u011blov\u00fdchovy \u2013 pen\u00edze st\u0159edn\u00edm \u0161kol\u00e1m. Projekt je podporov\u00e1n EU v&nbsp;oblasti podpory 1.5, prioritn\u00ed osa 1 Po\u010d\u00e1te\u010dn\u00ed vzd\u011bl\u00e1v\u00e1n\u00ed, Opera\u010dn\u00edho programu Vzd\u011bl\u00e1n\u00ed pro konkurenceschopnost (d\u00e1le \u201cOP VK\u201c ). Do projektu vstupovaly technick\u00e9 \u0161koly p\u0159ed spojen\u00edm, tedy p\u0159ed 1.9.2012.<br>Po slou\u010den\u00ed do jedn\u00e9 technick\u00e9 st\u0159edn\u00ed \u0161koly pokra\u010duj\u00ed projekty: <strong>Modern\u00ed \u0161kola<\/strong> a <strong>Vzd\u011bl\u00e1v\u00e1n\u00edm za konkurenceschopnost \u2013 SP\u0160 D\u011b\u010d\u00edn<\/strong>. Oba projekty jsou po spojen\u00ed \u0161kol pr\u016fb\u011b\u017en\u011b realizovan\u00e9 v&nbsp;p\u016fvodn\u00edm rozsahu, aktivity realizuj\u00ed u\u010ditel\u00e9 s&nbsp;podporou veden\u00ed \u0161koly a z\u0159izovatele, Odboru \u0161kolstv\u00ed Krajsk\u00e9ho \u00fa\u0159adu \u00dasteck\u00e9ho kraje.<\/p>\n\n\n\n<p>Projekt byl zrealizov\u00e1n a ukon\u010den. Spln\u011bny byly v\u0161echny aktivity.<\/p>\n\n\n\n<p><strong>Vzd\u011bl\u00e1v\u00e1n\u00edm za konkurenceschopnost \u2013 SP\u0160 D\u011b\u010d\u00edn<\/strong><\/p>\n\n\n\n<p>reg.\u010d\u00edslo: <strong>CZ.1.07\/1.5.00\/34.1060<\/strong><\/p>\n\n\n\n<p>doba realizace: <strong>27.8.2012 &#8211; 26.8.2014<\/strong><\/p>\n\n\n\n<p>v r\u00e1mci projektu jsou realizov\u00e1ny tyto kl\u00ed\u010dov\u00e9 aktivity:<\/p>\n\n\n\n<ul class=\"wp-block-list\">\n<li>II\/3- Metodick\u00fd kurz pro u\u010ditele ciz\u00edch jazyk\u016f<\/li>\n\n\n\n<li>III\/1- Individualizace v\u00fduky prost\u0159ednictv\u00edm digit\u00e1ln\u00edch technologi\u00ed<\/li>\n\n\n\n<li>III\/2-Inovace a zkvalitn\u011bn\u00ed v\u00fduky prost\u0159ednictv\u00edm ICT<\/li>\n\n\n\n<li>V\/2- Inovace a zkvalitn\u011bn\u00ed v\u00fduky sm\u011b\u0159uj\u00edc\u00ed rozvoji odborn\u00fdch kompetenc\u00ed \u017e\u00e1k\u016f st\u0159edn\u00edch \u0161kol<\/li>\n<\/ul>\n","protected":false},"excerpt":{"rendered":"<p>VO\u0160 a SP\u0160 Strojn\u00ed, stavebn\u00ed a dopravn\u00ed je aktivn\u011b zapojena do projektu Ministerstva \u0161kolstv\u00ed, ml\u00e1de\u017ee a t\u011blov\u00fdchovy \u2013 pen\u00edze st\u0159edn\u00edm \u0161kol\u00e1m. Projekt je podporov\u00e1n EU v&nbsp;oblasti podpory 1.5, prioritn\u00ed osa 1 Po\u010d\u00e1te\u010dn\u00ed vzd\u011bl\u00e1v\u00e1n\u00ed, Opera\u010dn\u00edho programu Vzd\u011bl\u00e1n\u00ed pro konkurenceschopnost (d\u00e1le \u201cOP VK\u201c ). Do projektu vstupovaly technick\u00e9 \u0161koly p\u0159ed spojen\u00edm, tedy p\u0159ed 1.9.2012.Po slou\u010den\u00ed do jedn\u00e9 [&hellip;]<\/p>\n","protected":false},"author":5,"featured_media":0,"parent":0,"menu_order":16,"comment_status":"closed","ping_status":"closed","template":"","meta":{"_acf_changed":false,"footnotes":""},"class_list":["post-1212","page","type-page","status-publish","hentry"],"acf":[],"_links":{"self":[{"href":"https:\/\/www.prumkadc.cz\/index.php\/wp-json\/wp\/v2\/pages\/1212","targetHints":{"allow":["GET"]}}],"collection":[{"href":"https:\/\/www.prumkadc.cz\/index.php\/wp-json\/wp\/v2\/pages"}],"about":[{"href":"https:\/\/www.prumkadc.cz\/index.php\/wp-json\/wp\/v2\/types\/page"}],"author":[{"embeddable":true,"href":"https:\/\/www.prumkadc.cz\/index.php\/wp-json\/wp\/v2\/users\/5"}],"replies":[{"embeddable":true,"href":"https:\/\/www.prumkadc.cz\/index.php\/wp-json\/wp\/v2\/comments?post=1212"}],"version-history":[{"count":1,"href":"https:\/\/www.prumkadc.cz\/index.php\/wp-json\/wp\/v2\/pages\/1212\/revisions"}],"predecessor-version":[{"id":1213,"href":"https:\/\/www.prumkadc.cz\/index.php\/wp-json\/wp\/v2\/pages\/1212\/revisions\/1213"}],"wp:attachment":[{"href":"https:\/\/www.prumkadc.cz\/index.php\/wp-json\/wp\/v2\/media?parent=1212"}],"curies":[{"name":"wp","href":"https:\/\/api.w.org\/{rel}","templated":true}]}}