{"id":1216,"date":"2021-11-08T15:08:01","date_gmt":"2021-11-08T15:08:01","guid":{"rendered":"https:\/\/www.prumkadc.cz\/?page_id=1216"},"modified":"2022-01-20T10:57:00","modified_gmt":"2022-01-20T10:57:00","slug":"podpora-vyuky-cizich-jazyku","status":"publish","type":"page","link":"https:\/\/www.prumkadc.cz\/index.php\/podpora-vyuky-cizich-jazyku\/","title":{"rendered":"Podpora v\u00fduky ciz\u00edch jazyk\u016f"},"content":{"rendered":"\n<p><\/p>\n\n\n\n<figure class=\"wp-block-image\"><img decoding=\"async\" src=\"http:\/\/old.prumkadc.cz\/sites\/default\/files\/u30\/OPVK_hor_zakladni_logolink_RGB_cz4.jpg\" alt=\"\"\/><\/figure>\n\n\n\n<p><strong>Projekt:<\/strong><\/p>\n\n\n\n<p>VO\u0160 a SP\u0160 strojn\u00ed, stavebn\u00ed a dopravn\u00ed, D\u011b\u010d\u00edn je partnerem projektu v&nbsp;r\u00e1mci Opera\u010dn\u00edho programu Vzd\u011bl\u00e1v\u00e1n\u00ed pro konkurenceschopnost schopnost spolufinancovan\u00e9ho Evropsk\u00fdm soci\u00e1ln\u00edm fondem a st\u00e1tn\u00edm rozpo\u010dtem \u010cesk\u00e9 republiky.<\/p>\n\n\n\n<p><strong>N\u00e1zev projektu:<\/strong> Podpora v\u00fduky ciz\u00edch jazyk\u016f<br><strong>Registra\u010dn\u00ed \u010d\u00edslo:<\/strong> CZ.1.07\/1.1.00\/56.1676<br><strong>\u010c\u00edslo a n\u00e1zev oblasti podpory:<\/strong> Oblast podpory 1.1 Zvy\u0161ov\u00e1n\u00ed kvality ve vzd\u011bl\u00e1v\u00e1n\u00ed<br><strong>Kl\u00ed\u010dov\u00e1 aktivita:<\/strong> Zahrani\u010dn\u00ed jazykov\u011b-vzd\u011bl\u00e1vac\u00ed pobyt pro \u017e\u00e1ky<br><strong>Term\u00edn realizace:<\/strong> 1.7.2015 &#8211; 31.12.2015<\/p>\n\n\n\n<p><strong>C\u00edl projektu<\/strong><br>C\u00edlem tohoto projektu je podpora v\u00fduky ciz\u00edch jazyk\u016f a v&nbsp;ciz\u00edch jazyc\u00edch ve \u0161kol\u00e1ch a \u0161kolsk\u00fdch za\u0159\u00edzen\u00edch. C\u00edlem zvolen\u00e9 kl\u00ed\u010dov\u00e9 aktivity je zlep\u0161en\u00ed jazykov\u00fdch kompetenc\u00ed \u017e\u00e1k\u016f a prohlouben\u00ed jejich znalost\u00ed o zem\u00edch EU a ESVO (Evropsk\u00e9 sdru\u017een\u00ed voln\u00e9ho obchodu).<\/p>\n\n\n\n<p><strong>C\u00edlov\u00e1 skupina<\/strong><br>C\u00edlovou skupinou jsou \u017e\u00e1ci Z\u0160\/S\u0160, kte\u0159\u00ed studuj\u00ed ciz\u00ed jazyk, kter\u00fd je \u00fa\u0159edn\u00edm jazykem (jedn\u00edm z&nbsp;\u00fa\u0159edn\u00edch jazyk\u016f) v&nbsp;zemi EU nebo ESVO, ve kter\u00e9 bude jazykov\u011b-vzd\u011bl\u00e1vac\u00ed pobyt realizov\u00e1n.<\/p>\n\n\n\n<p><strong>Obsah projektu<\/strong><br>Vybran\u00ed \u017e\u00e1ci se z\u00fa\u010dastn\u00ed kr\u00e1tkodob\u00e9ho jazykov\u011b-vzd\u011bl\u00e1vac\u00edho pobytu v&nbsp;zahrani\u010d\u00ed pro \u017e\u00e1ky v&nbsp;d\u00e9lce trv\u00e1n\u00ed minim\u00e1ln\u011b 5 kalend\u00e1\u0159n\u00edch dn\u00ed v\u010detn\u011b cesty. \u017d\u00e1ci absolvuj\u00ed jazykovou v\u00fduku v&nbsp;rozsahu nejm\u00e9n\u011b 9 vyu\u010dovac\u00edch hodin za cel\u00fd pobyt a sezn\u00e1m\u00ed se s&nbsp;v\u00fdznamn\u00fdmi re\u00e1liemi p\u0159\u00edslu\u0161n\u00e9ho m\u00edsta.<img decoding=\"async\" alt=\"PDF icon\" src=\"http:\/\/old.prumkadc.cz\/modules\/file\/icons\/application-pdf.png\"><a href=\"http:\/\/old.prumkadc.cz\/sites\/default\/files\/op_vk_plakat_01_barva.pdf\">Plak\u00e1t projektu<\/a><\/p>\n","protected":false},"excerpt":{"rendered":"<p>Projekt: VO\u0160 a SP\u0160 strojn\u00ed, stavebn\u00ed a dopravn\u00ed, D\u011b\u010d\u00edn je partnerem projektu v&nbsp;r\u00e1mci Opera\u010dn\u00edho programu Vzd\u011bl\u00e1v\u00e1n\u00ed pro konkurenceschopnost schopnost spolufinancovan\u00e9ho Evropsk\u00fdm soci\u00e1ln\u00edm fondem a st\u00e1tn\u00edm rozpo\u010dtem \u010cesk\u00e9 republiky. N\u00e1zev projektu: Podpora v\u00fduky ciz\u00edch jazyk\u016fRegistra\u010dn\u00ed \u010d\u00edslo: CZ.1.07\/1.1.00\/56.1676\u010c\u00edslo a n\u00e1zev oblasti podpory: Oblast podpory 1.1 Zvy\u0161ov\u00e1n\u00ed kvality ve vzd\u011bl\u00e1v\u00e1n\u00edKl\u00ed\u010dov\u00e1 aktivita: Zahrani\u010dn\u00ed jazykov\u011b-vzd\u011bl\u00e1vac\u00ed pobyt pro \u017e\u00e1kyTerm\u00edn realizace: 1.7.2015 [&hellip;]<\/p>\n","protected":false},"author":5,"featured_media":0,"parent":0,"menu_order":18,"comment_status":"closed","ping_status":"closed","template":"","meta":{"_acf_changed":false,"footnotes":""},"class_list":["post-1216","page","type-page","status-publish","hentry"],"acf":[],"_links":{"self":[{"href":"https:\/\/www.prumkadc.cz\/index.php\/wp-json\/wp\/v2\/pages\/1216","targetHints":{"allow":["GET"]}}],"collection":[{"href":"https:\/\/www.prumkadc.cz\/index.php\/wp-json\/wp\/v2\/pages"}],"about":[{"href":"https:\/\/www.prumkadc.cz\/index.php\/wp-json\/wp\/v2\/types\/page"}],"author":[{"embeddable":true,"href":"https:\/\/www.prumkadc.cz\/index.php\/wp-json\/wp\/v2\/users\/5"}],"replies":[{"embeddable":true,"href":"https:\/\/www.prumkadc.cz\/index.php\/wp-json\/wp\/v2\/comments?post=1216"}],"version-history":[{"count":1,"href":"https:\/\/www.prumkadc.cz\/index.php\/wp-json\/wp\/v2\/pages\/1216\/revisions"}],"predecessor-version":[{"id":1217,"href":"https:\/\/www.prumkadc.cz\/index.php\/wp-json\/wp\/v2\/pages\/1216\/revisions\/1217"}],"wp:attachment":[{"href":"https:\/\/www.prumkadc.cz\/index.php\/wp-json\/wp\/v2\/media?parent=1216"}],"curies":[{"name":"wp","href":"https:\/\/api.w.org\/{rel}","templated":true}]}}