{"id":1220,"date":"2021-11-08T15:08:38","date_gmt":"2021-11-08T15:08:38","guid":{"rendered":"https:\/\/www.prumkadc.cz\/?page_id=1220"},"modified":"2022-01-20T10:56:13","modified_gmt":"2022-01-20T10:56:13","slug":"region-program-evv","status":"publish","type":"page","link":"https:\/\/www.prumkadc.cz\/index.php\/region-program-evv\/","title":{"rendered":"Region &#8211; Program EVV"},"content":{"rendered":"\n<p><strong>REGION-PROGRAM ENVIROMENT\u00c1LN\u00cd V\u00ddCHOVY V&nbsp;\u00daSTECK\u00c9M A KARLOVARSK\u00c9M KRAJI<\/strong><\/p>\n\n\n\n<p>Reg. \u010d\u00edslo: <strong>CZ.1.07\/1.1.00\/08.00<\/strong><\/p>\n\n\n\n<p>Doba realizace: 1.9.2010- 30.6.2011<\/p>\n\n\n\n<p>Odkaz na str\u00e1nky:<a href=\"http:\/\/enviregion.pf.ujep.cz\/\" target=\"_blank\" rel=\"noreferrer noopener\">http:\/\/enviregion.pf.ujep.cz\/<\/a><\/p>\n\n\n\n<p>VO\u0160&nbsp; a SP\u0160 strojn\u00ed, stavebn\u00ed a dopravn\u00ed je zapojena do projektu REGION-PROGRAM ENVIROMENT\u00c1LN\u00cd V\u00ddCHOVY V&nbsp;\u00daSTECK\u00c9M A KARLOVARSK\u00c9M KRAJI. Projekt byl realizov\u00e1n p\u0159ed spojen\u00edm obou technick\u00fdch \u0161kol, aktivitu realizovala vyu\u010duj\u00edc\u00ed chemie Mgr. Zuzana&nbsp; Morongov\u00e1 se t\u0159\u00eddou Technick\u00e9ho lycea.<\/p>\n","protected":false},"excerpt":{"rendered":"<p>REGION-PROGRAM ENVIROMENT\u00c1LN\u00cd V\u00ddCHOVY V&nbsp;\u00daSTECK\u00c9M A KARLOVARSK\u00c9M KRAJI Reg. \u010d\u00edslo: CZ.1.07\/1.1.00\/08.00 Doba realizace: 1.9.2010- 30.6.2011 Odkaz na str\u00e1nky:http:\/\/enviregion.pf.ujep.cz\/ VO\u0160&nbsp; a SP\u0160 strojn\u00ed, stavebn\u00ed a dopravn\u00ed je zapojena do projektu REGION-PROGRAM ENVIROMENT\u00c1LN\u00cd V\u00ddCHOVY V&nbsp;\u00daSTECK\u00c9M A KARLOVARSK\u00c9M KRAJI. Projekt byl realizov\u00e1n p\u0159ed spojen\u00edm obou technick\u00fdch \u0161kol, aktivitu realizovala vyu\u010duj\u00edc\u00ed chemie Mgr. Zuzana&nbsp; Morongov\u00e1 se t\u0159\u00eddou Technick\u00e9ho lycea.<\/p>\n","protected":false},"author":5,"featured_media":0,"parent":0,"menu_order":20,"comment_status":"closed","ping_status":"closed","template":"","meta":{"_acf_changed":false,"footnotes":""},"class_list":["post-1220","page","type-page","status-publish","hentry"],"acf":[],"_links":{"self":[{"href":"https:\/\/www.prumkadc.cz\/index.php\/wp-json\/wp\/v2\/pages\/1220","targetHints":{"allow":["GET"]}}],"collection":[{"href":"https:\/\/www.prumkadc.cz\/index.php\/wp-json\/wp\/v2\/pages"}],"about":[{"href":"https:\/\/www.prumkadc.cz\/index.php\/wp-json\/wp\/v2\/types\/page"}],"author":[{"embeddable":true,"href":"https:\/\/www.prumkadc.cz\/index.php\/wp-json\/wp\/v2\/users\/5"}],"replies":[{"embeddable":true,"href":"https:\/\/www.prumkadc.cz\/index.php\/wp-json\/wp\/v2\/comments?post=1220"}],"version-history":[{"count":1,"href":"https:\/\/www.prumkadc.cz\/index.php\/wp-json\/wp\/v2\/pages\/1220\/revisions"}],"predecessor-version":[{"id":1221,"href":"https:\/\/www.prumkadc.cz\/index.php\/wp-json\/wp\/v2\/pages\/1220\/revisions\/1221"}],"wp:attachment":[{"href":"https:\/\/www.prumkadc.cz\/index.php\/wp-json\/wp\/v2\/media?parent=1220"}],"curies":[{"name":"wp","href":"https:\/\/api.w.org\/{rel}","templated":true}]}}