{"id":147,"date":"2021-04-20T14:46:14","date_gmt":"2021-04-20T14:46:14","guid":{"rendered":"https:\/\/www.prumkadc.cz\/?page_id=147"},"modified":"2026-04-23T06:33:54","modified_gmt":"2026-04-23T06:33:54","slug":"maturitni-zkousky","status":"publish","type":"page","link":"https:\/\/www.prumkadc.cz\/index.php\/maturitni-zkousky\/","title":{"rendered":"Maturitn\u00ed zkou\u0161ky"},"content":{"rendered":"\n<p><strong>Maturitn\u00ed zkou\u0161ka<\/strong><\/p>\n\n\n\n<p>P\u0159ihl\u00e1\u0161ku k&nbsp;maturitn\u00ed zkou\u0161ce pro jarn\u00ed obdob\u00ed pod\u00e1v\u00e1 \u017e\u00e1k nejpozd\u011bji do 1.&nbsp;prosince P\u0159ihl\u00e1\u0161ku k&nbsp;maturitn\u00ed zkou\u0161ce pro podzimn\u00ed obdob\u00ed pod\u00e1v\u00e1 \u017e\u00e1k nejpozd\u011bji do 25.&nbsp;\u010dervna<\/p>\n\n\n\n<p>Maturitn\u00ed zkou\u0161ka m\u00e1 dv\u011b \u010d\u00e1sti: spole\u010dnou a profilovou.<\/p>\n\n\n\n<p><strong>Spole\u010dn\u00e1 \u010d\u00e1st<\/strong> je stanovena M\u0160MT.<br>Skl\u00e1d\u00e1 ze dvou povinn\u00fdch zkou\u0161ek konan\u00fdch formou didaktick\u00e9ho testu:<\/p>\n\n\n\n<ul class=\"wp-block-list\">\n<li>\u010desk\u00fd jazyk a literatura<\/li>\n\n\n\n<li>jeden z&nbsp;p\u0159edm\u011bt\u016f ciz\u00ed jazyk nebo matematika.<\/li>\n<\/ul>\n\n\n\n<p>\u017d\u00e1k se m\u016f\u017ee ve spole\u010dn\u00e9 \u010d\u00e1sti p\u0159ihl\u00e1sit a\u017e ke dv\u011bma nepovinn\u00fdm zkou\u0161k\u00e1m (ciz\u00ed jazyk, matematika, matematika roz\u0161i\u0159uj\u00edc\u00ed)&nbsp;<\/p>\n\n\n\n<p><strong>Profilov\u00e1 \u010d\u00e1st<\/strong> &nbsp;&#8211; povinn\u00e9 zkou\u0161ky:&nbsp;<\/p>\n\n\n\n<ul class=\"wp-block-list\">\n<li>\u010cesk\u00fd jazyk a literatura konan\u00e9 formou p\u00edsemn\u00e9 pr\u00e1ce a formou \u00fastn\u00ed zkou\u0161ky,<\/li>\n\n\n\n<li>Ciz\u00ed jazyk, pokud si \u017e\u00e1k ve spole\u010dn\u00e9 \u010d\u00e1sti tento jazyk zvolil<sup> *)<\/sup>, konan\u00e9 formou p\u00edsemn\u00e9 pr\u00e1ce a formou \u00fastn\u00ed zkou\u0161ky**)<\/li>\n\n\n\n<li>Praktick\u00e1 \u010d\u00e1sti z&nbsp;odborn\u00fdch p\u0159edm\u011bt\u016f &#8211; konan\u00e9 formou praktick\u00e9 zkou\u0161ky<\/li>\n\n\n\n<li>dv\u011b zkou\u0161ky z&nbsp;odborn\u00fdch p\u0159edm\u011bt\u016f dan\u00e9ho oboru a zam\u011b\u0159en\u00ed vzd\u011bl\u00e1v\u00e1n\u00ed konan\u00e9 formou \u00fastn\u00ed zkou\u0161ky p\u0159ed zku\u0161ebn\u00ed komis\u00ed<\/li>\n<\/ul>\n\n\n\n<p><strong>Obor STAVEBNICTV\u00cd:&nbsp;<\/strong><br>Pozemn\u00ed stavitelstv\u00ed, Stavebn\u00ed konstrukce<\/p>\n\n\n\n<p><strong>Obor STROJ\u00cdRENSTV\u00cd:<\/strong><br>Stavba a provoz stroj\u016f, Stroj\u00edrensk\u00e1 technologie<\/p>\n\n\n\n<p><strong>Obor ELEKTROTECHNIKA \u2013 zam\u011b\u0159en\u00ed Elektrick\u00e1 trakce v&nbsp;doprav\u011b:<\/strong><br>Energetika v&nbsp;doprav\u011b, Trak\u010dn\u00ed vozidla<\/p>\n\n\n\n<p><strong>Obor ELEKTROTECHNIKA- zam\u011b\u0159en\u00ed Za\u0159\u00edzen\u00ed silnoproud\u00e9 elektrotechniky:<\/strong><br>Za\u0159\u00edzen\u00ed silnoproud\u00e9 elektrotechniky, Elektroenergetika<\/p>\n\n\n\n<p><strong>Obor ELEKTROTECHNIKA- zam\u011b\u0159en\u00ed Po\u010d\u00edta\u010dov\u00e9 syst\u00e9my:<\/strong><br>Technick\u00e9 vybaven\u00ed po\u010d\u00edta\u010d\u016f, Programov\u00e9 vybaven\u00ed po\u010d\u00edta\u010d\u016f<\/p>\n\n\n\n<p><strong>Obor PROVOZ A EKONOMIKA DOPRAVY \u2013 zam\u011b\u0159en\u00ed LOGISTIKA:<\/strong><br>Ekonomika, Logistika<\/p>\n\n\n\n<p><strong>Obor PROVOZ A EKONOMIKA DOPRAVY \u2013 zam\u011b\u0159en\u00ed \u017dELEZNI\u010cN\u00cd DOPRAVA A P\u0158EPRAVA:<\/strong><br>\u017delezni\u010dn\u00ed doprava, \u017delezni\u010dn\u00ed p\u0159eprava<\/p>\n\n\n\n<p>*)\u017d\u00e1k, kter\u00fd si ve spole\u010dn\u00e9 \u010d\u00e1sti zvolil matematiku, z&nbsp;n\u00ed povinnou \u00fastn\u00ed zkou\u0161ku nekon\u00e1.<\/p>\n\n\n\n<p>**)Jednu profilovou zkou\u0161ku z&nbsp;ciz\u00edho jazyka lze nahradit v\u00fdsledkem stardardizovan\u00e9 zkou\u0161ky (jazykov\u00fdm certifik\u00e1tem). P\u00edsemnou \u017e\u00e1dost o nahrazen\u00ed zkou\u0161ky (AJ, NJ) pod\u00e1v\u00e1 \u017e\u00e1k \u0159editeli \u0161koly nejpozd\u011bji do 31.&nbsp;b\u0159ezna pro kon\u00e1n\u00ed maturitn\u00ed zkou\u0161ky v&nbsp;jarn\u00edm zku\u0161ebn\u00edm obdob\u00ed (do 30.&nbsp;\u010dervna pro kon\u00e1n\u00ed maturitn\u00ed zkou\u0161ky v&nbsp;podzimn\u00edm zku\u0161ebn\u00edm obdob\u00ed). Sou\u010d\u00e1st\u00ed \u017e\u00e1dosti je v\u017edy doklad nebo \u00fa\u0159edn\u011b ov\u011b\u0159en\u00e1 kopie dokladu o \u00fasp\u011b\u0161n\u00e9m vykon\u00e1n\u00ed standardizovan\u00e9 jazykov\u00e9 zkou\u0161ky (min. B1). Didaktick\u00fd test ve spole\u010dn\u00e9 \u010d\u00e1sti kon\u00e1 \u017e\u00e1k v\u017edy. Informace najdete na <a href=\"https:\/\/maturita.cermat.cz\/files\/files\/maturita\/STANDARDIZOVANE-ZKOUSKY\/Certifikaty_PZ_cizi_jazyk_2023.pdf\">Ministerstvo \u0161kolstv\u00ed, ml\u00e1de\u017ee a t\u011blov\u00fdchovy (cermat.cz)<\/a><\/p>\n\n\n\n<p><strong>Nepovinn\u00e9 zkou\u0161ky profilov\u00e9 \u010d\u00e1sti<\/strong>:<br>Anglick\u00fd jazyk &#8211; zkou\u0161ka je kon\u00e1na formou p\u00edsemn\u00e9 pr\u00e1ce a \u00fastn\u00ed zkou\u0161ky<br>N\u011bmeck\u00fd jazyk &#8211; zkou\u0161ka je kon\u00e1na formou p\u00edsemn\u00e9 pr\u00e1ce a \u00fastn\u00ed zkou\u0161ky<br>Matematika &#8211; \u00fastn\u00ed zkou\u0161ka<br>Maturitn\u00ed t\u00e9mata v\u0161ech profilov\u00fdch zkou\u0161ek jsou platn\u00e1 pro ob\u011b zku\u0161ebn\u00ed obdob\u00ed.<\/p>\n\n\n\n<hr class=\"wp-block-separator has-alpha-channel-opacity\"\/>\n\n\n\n<p><strong>Maturitn\u00ed zkou\u0161ky jaro 2026<\/strong><\/p>\n\n\n\n<div class=\"wp-block-file\"><a id=\"wp-block-file--media-52e584e8-09cd-4fff-b70c-8be03aef78f1\" href=\"https:\/\/www.prumkadc.cz\/wp-content\/uploads\/2026\/04\/Info-pro-zaky-4.-rocniku-2026.pdf\">Info pro \u017e\u00e1ky 4.&nbsp;ro\u010dn\u00edk\u016f 2026<\/a><a href=\"https:\/\/www.prumkadc.cz\/wp-content\/uploads\/2026\/04\/Info-pro-zaky-4.-rocniku-2026.pdf\" class=\"wp-block-file__button wp-element-button\" download aria-describedby=\"wp-block-file--media-52e584e8-09cd-4fff-b70c-8be03aef78f1\">St\u00e1hnout<\/a><\/div>\n\n\n\n<div data-wp-interactive=\"core\/file\" class=\"wp-block-file\"><object data-wp-bind--hidden=\"!state.hasPdfPreview\" hidden class=\"wp-block-file__embed\" data=\"https:\/\/www.prumkadc.cz\/wp-content\/uploads\/2026\/04\/Terminy-MZ-2026_prehled.pdf\" type=\"application\/pdf\" style=\"width:100%;height:600px\" aria-label=\"Vlo\u017eit z Term\u00edny MZ 2026_p\u0159ehled.\"><\/object><a id=\"wp-block-file--media-2d7c886a-110a-446a-83e2-0851f13252a6\" href=\"https:\/\/www.prumkadc.cz\/wp-content\/uploads\/2026\/04\/Terminy-MZ-2026_prehled.pdf\">Term\u00edny MZ 2026_p\u0159ehled<\/a><a href=\"https:\/\/www.prumkadc.cz\/wp-content\/uploads\/2026\/04\/Terminy-MZ-2026_prehled.pdf\" class=\"wp-block-file__button wp-element-button\" download aria-describedby=\"wp-block-file--media-2d7c886a-110a-446a-83e2-0851f13252a6\">St\u00e1hnout<\/a><\/div>\n\n\n\n<hr class=\"wp-block-separator has-alpha-channel-opacity\"\/>\n\n\n\n<p><strong>Maturitn\u00ed zkou\u0161ky podzim 2025<\/strong><\/p>\n\n\n\n<div class=\"wp-block-file\"><a id=\"wp-block-file--media-2d0f1048-2004-474f-a5fe-be67d2965893\" href=\"https:\/\/www.prumkadc.cz\/wp-content\/uploads\/2025\/08\/Podzim-2025-terminy-maturitnich-zkousek-a-jmenovani-maturitnich-komisi-\u2013-kopie-2.pdf\">Podzim 2025 term\u00edny maturitn\u00edch zkou\u0161ek a jmenov\u00e1n\u00ed maturitn\u00edch komis\u00ed \u2013 kopie<\/a><a href=\"https:\/\/www.prumkadc.cz\/wp-content\/uploads\/2025\/08\/Podzim-2025-terminy-maturitnich-zkousek-a-jmenovani-maturitnich-komisi-\u2013-kopie-2.pdf\" class=\"wp-block-file__button wp-element-button\" download aria-describedby=\"wp-block-file--media-2d0f1048-2004-474f-a5fe-be67d2965893\">St\u00e1hnout<\/a><\/div>\n\n\n\n<div class=\"wp-block-file\"><a id=\"wp-block-file--media-4e273873-be6d-40ee-8365-c645d333c33e\" href=\"https:\/\/www.prumkadc.cz\/wp-content\/uploads\/2025\/08\/Prakticke-zkousky-profilove-casti-MZ-podzim-2025-1.pdf\">Praktick\u00e9 zkou\u0161ky profilov\u00e9 \u010d\u00e1sti MZ podzim 2025-1<\/a><a href=\"https:\/\/www.prumkadc.cz\/wp-content\/uploads\/2025\/08\/Prakticke-zkousky-profilove-casti-MZ-podzim-2025-1.pdf\" class=\"wp-block-file__button wp-element-button\" download aria-describedby=\"wp-block-file--media-4e273873-be6d-40ee-8365-c645d333c33e\">St\u00e1hnout<\/a><\/div>\n\n\n\n<div class=\"wp-block-file\"><a id=\"wp-block-file--media-bb7b2efb-4fab-4ffe-9eed-5d7f01564c96\" href=\"https:\/\/www.prumkadc.cz\/wp-content\/uploads\/2025\/09\/Rozpis-poradi-ustnich-zkousek-MZ-PODZIM-2025.pdf\">Rozpis po\u0159ad\u00ed \u00fastn\u00edch zkou\u0161ek MZ PODZIM 2025<\/a><a href=\"https:\/\/www.prumkadc.cz\/wp-content\/uploads\/2025\/09\/Rozpis-poradi-ustnich-zkousek-MZ-PODZIM-2025.pdf\" class=\"wp-block-file__button wp-element-button\" download aria-describedby=\"wp-block-file--media-bb7b2efb-4fab-4ffe-9eed-5d7f01564c96\">St\u00e1hnout<\/a><\/div>\n\n\n\n<hr class=\"wp-block-separator has-alpha-channel-opacity\"\/>\n\n\n\n<div class=\"wp-block-file\"><a id=\"wp-block-file--media-3c0ce6d3-c103-44e4-9ff8-850116548eee\" href=\"https:\/\/www.prumkadc.cz\/wp-content\/uploads\/2024\/10\/MZ-2025-zakladni-informace.pdf\">MZ 2025 z\u00e1kladn\u00ed informace<\/a><a href=\"https:\/\/www.prumkadc.cz\/wp-content\/uploads\/2024\/10\/MZ-2025-zakladni-informace.pdf\" class=\"wp-block-file__button wp-element-button\" download aria-describedby=\"wp-block-file--media-3c0ce6d3-c103-44e4-9ff8-850116548eee\">St\u00e1hnout<\/a><\/div>\n\n\n\n<div class=\"wp-block-file\"><a id=\"wp-block-file--media-94d8391d-7ebb-4a78-945b-32106fef4107\" href=\"https:\/\/www.prumkadc.cz\/wp-content\/uploads\/2025\/02\/Komise-jaro-2025.docx\">Komise jaro 2025<\/a><a href=\"https:\/\/www.prumkadc.cz\/wp-content\/uploads\/2025\/02\/Komise-jaro-2025.docx\" class=\"wp-block-file__button wp-element-button\" download aria-describedby=\"wp-block-file--media-94d8391d-7ebb-4a78-945b-32106fef4107\">St\u00e1hnout<\/a><\/div>\n\n\n\n<hr class=\"wp-block-separator has-alpha-channel-opacity\"\/>\n\n\n\n<p><strong>Po\u0159ad\u00ed \u00fastn\u00edch maturitn\u00edch zkou\u0161ek JARO 2025<\/strong><\/p>\n\n\n\n<div class=\"wp-block-file\"><a id=\"wp-block-file--media-81a21f22-763a-43b2-9c96-a9585629a56b\" href=\"https:\/\/www.prumkadc.cz\/wp-content\/uploads\/2025\/05\/Poradi-maturitnich-zkousek-jaro-2025-obor-STAVEBNICTVI.pdf\">Po\u0159ad\u00ed maturitn\u00edch zkou\u0161ek jaro 2025 obor STAVEBNICTV\u00cd<\/a><a href=\"https:\/\/www.prumkadc.cz\/wp-content\/uploads\/2025\/05\/Poradi-maturitnich-zkousek-jaro-2025-obor-STAVEBNICTVI.pdf\" class=\"wp-block-file__button wp-element-button\" download aria-describedby=\"wp-block-file--media-81a21f22-763a-43b2-9c96-a9585629a56b\">St\u00e1hnout<\/a><\/div>\n\n\n\n<div class=\"wp-block-file\"><a id=\"wp-block-file--media-6dcf96cb-0574-47e7-b6ad-8a54e311b9a5\" href=\"https:\/\/www.prumkadc.cz\/wp-content\/uploads\/2025\/05\/Poradi-maturitnich-zkousek-jaro-2025-obor-PROVOZ-A-EKONOMIKA-DOPRAVY-trida-4T.pdf\">Po\u0159ad\u00ed maturitn\u00edch zkou\u0161ek jaro 2025 obor PROVOZ A EKONOMIKA DOPRAVY t\u0159\u00edda 4T<\/a><a href=\"https:\/\/www.prumkadc.cz\/wp-content\/uploads\/2025\/05\/Poradi-maturitnich-zkousek-jaro-2025-obor-PROVOZ-A-EKONOMIKA-DOPRAVY-trida-4T.pdf\" class=\"wp-block-file__button wp-element-button\" download aria-describedby=\"wp-block-file--media-6dcf96cb-0574-47e7-b6ad-8a54e311b9a5\">St\u00e1hnout<\/a><\/div>\n\n\n\n<div class=\"wp-block-file\"><a id=\"wp-block-file--media-ae3270ba-8ffe-48f0-803f-dbe24abd76f2\" href=\"https:\/\/www.prumkadc.cz\/wp-content\/uploads\/2025\/05\/Poradi-maturitnich-zkousek-jaro-2025-obor-PROVOZ-A-EKONOMIKA-DOPRAVY-trida-4Z-1.pdf\">Po\u0159ad\u00ed maturitn\u00edch zkou\u0161ek jaro 2025 obor PROVOZ A EKONOMIKA DOPRAVY t\u0159\u00edda 4Z<\/a><a href=\"https:\/\/www.prumkadc.cz\/wp-content\/uploads\/2025\/05\/Poradi-maturitnich-zkousek-jaro-2025-obor-PROVOZ-A-EKONOMIKA-DOPRAVY-trida-4Z-1.pdf\" class=\"wp-block-file__button wp-element-button\" download aria-describedby=\"wp-block-file--media-ae3270ba-8ffe-48f0-803f-dbe24abd76f2\">St\u00e1hnout<\/a><\/div>\n\n\n\n<div class=\"wp-block-file\"><a id=\"wp-block-file--media-d01c7c58-4595-48d3-b1f4-7b9499f48aaf\" href=\"https:\/\/www.prumkadc.cz\/wp-content\/uploads\/2025\/05\/Poradi-maturitnich-zkousek-jaro-2025-obor-STROJIRENSTVI.pdf\">Po\u0159ad\u00ed maturitn\u00edch zkou\u0161ek jaro 2025 obor STROJ\u00cdRENSTV\u00cd<\/a><a href=\"https:\/\/www.prumkadc.cz\/wp-content\/uploads\/2025\/05\/Poradi-maturitnich-zkousek-jaro-2025-obor-STROJIRENSTVI.pdf\" class=\"wp-block-file__button wp-element-button\" download aria-describedby=\"wp-block-file--media-d01c7c58-4595-48d3-b1f4-7b9499f48aaf\">St\u00e1hnout<\/a><\/div>\n\n\n\n<div class=\"wp-block-file\"><a id=\"wp-block-file--media-0b197cca-ad16-480b-8b50-28786572fa14\" href=\"https:\/\/www.prumkadc.cz\/wp-content\/uploads\/2025\/05\/Poradi-maturitnich-zkousek-jaro-2025-obor-ELEKTROTECHNIKA.pdf\">Po\u0159ad\u00ed maturitn\u00edch zkou\u0161ek jaro 2025 obor ELEKTROTECHNIKA<\/a><a href=\"https:\/\/www.prumkadc.cz\/wp-content\/uploads\/2025\/05\/Poradi-maturitnich-zkousek-jaro-2025-obor-ELEKTROTECHNIKA.pdf\" class=\"wp-block-file__button wp-element-button\" download aria-describedby=\"wp-block-file--media-0b197cca-ad16-480b-8b50-28786572fa14\">St\u00e1hnout<\/a><\/div>\n\n\n\n<hr class=\"wp-block-separator has-alpha-channel-opacity\"\/>\n\n\n\n<p><strong>Praktick\u00e9 zkou\u0161ky 2025<\/strong><\/p>\n\n\n\n<div class=\"wp-block-file\"><a id=\"wp-block-file--media-a4e5e31c-a24c-420e-9c88-38abdeeaad81\" href=\"https:\/\/www.prumkadc.cz\/wp-content\/uploads\/2024\/10\/prakticka-ELEKTROTECHNIKA-2025.pdf\">praktick\u00e1 ELEKTROTECHNIKA 2025<\/a><a href=\"https:\/\/www.prumkadc.cz\/wp-content\/uploads\/2024\/10\/prakticka-ELEKTROTECHNIKA-2025.pdf\" class=\"wp-block-file__button wp-element-button\" download aria-describedby=\"wp-block-file--media-a4e5e31c-a24c-420e-9c88-38abdeeaad81\">St\u00e1hnout<\/a><\/div>\n\n\n\n<div class=\"wp-block-file\"><a id=\"wp-block-file--media-591babb7-a790-4dfb-aed2-53431797ccf4\" href=\"https:\/\/www.prumkadc.cz\/wp-content\/uploads\/2024\/10\/prakticka-STROJIRENSTVI-2025.pdf\">praktick\u00e1 STROJ\u00cdRENSTV\u00cd 2025<\/a><a href=\"https:\/\/www.prumkadc.cz\/wp-content\/uploads\/2024\/10\/prakticka-STROJIRENSTVI-2025.pdf\" class=\"wp-block-file__button wp-element-button\" download aria-describedby=\"wp-block-file--media-591babb7-a790-4dfb-aed2-53431797ccf4\">St\u00e1hnout<\/a><\/div>\n\n\n\n<div class=\"wp-block-file\"><a id=\"wp-block-file--media-45ba6bbe-e5aa-444e-8e9a-563863f9a02f\" href=\"https:\/\/www.prumkadc.cz\/wp-content\/uploads\/2024\/10\/prakticka-PROVOZ-A-EKONOMIKA-DOPRAVY-2025.pdf\">praktick\u00e1  PROVOZ A EKONOMIKA DOPRAVY 2025<\/a><a href=\"https:\/\/www.prumkadc.cz\/wp-content\/uploads\/2024\/10\/prakticka-PROVOZ-A-EKONOMIKA-DOPRAVY-2025.pdf\" class=\"wp-block-file__button wp-element-button\" download aria-describedby=\"wp-block-file--media-45ba6bbe-e5aa-444e-8e9a-563863f9a02f\">St\u00e1hnout<\/a><\/div>\n\n\n\n<div class=\"wp-block-file\"><a id=\"wp-block-file--media-87d1af65-f13d-4100-a57e-a16487602367\" href=\"https:\/\/www.prumkadc.cz\/wp-content\/uploads\/2024\/10\/prakticka-zkouska-STAVEBNICTVI.pdf\">praktick\u00e1 zkou\u0161ka STAVEBNICTV\u00cd<\/a><a href=\"https:\/\/www.prumkadc.cz\/wp-content\/uploads\/2024\/10\/prakticka-zkouska-STAVEBNICTVI.pdf\" class=\"wp-block-file__button wp-element-button\" download aria-describedby=\"wp-block-file--media-87d1af65-f13d-4100-a57e-a16487602367\">St\u00e1hnout<\/a><\/div>\n\n\n\n<div class=\"wp-block-file\"><a id=\"wp-block-file--media-5fc10ec6-a994-451c-8eb6-6d24f4f0caaa\" href=\"https:\/\/www.prumkadc.cz\/wp-content\/uploads\/2025\/05\/MZ-jaro-2025-Prakticka-maturita-4T.pdf\">MZ jaro 2025 &#8211; Praktick\u00e1 maturita 4T<\/a><a href=\"https:\/\/www.prumkadc.cz\/wp-content\/uploads\/2025\/05\/MZ-jaro-2025-Prakticka-maturita-4T.pdf\" class=\"wp-block-file__button wp-element-button\" download aria-describedby=\"wp-block-file--media-5fc10ec6-a994-451c-8eb6-6d24f4f0caaa\">St\u00e1hnout<\/a><\/div>\n\n\n\n<div class=\"wp-block-file\"><a id=\"wp-block-file--media-3b868ffa-9a7e-42e6-b1ac-6dda7cce8313\" href=\"https:\/\/www.prumkadc.cz\/wp-content\/uploads\/2025\/05\/MZ-jaro-2025-Prakticka-maturita-4Z.pdf\">MZ jaro 2025 &#8211; Praktick\u00e1 maturita 4Z<\/a><a href=\"https:\/\/www.prumkadc.cz\/wp-content\/uploads\/2025\/05\/MZ-jaro-2025-Prakticka-maturita-4Z.pdf\" class=\"wp-block-file__button wp-element-button\" download aria-describedby=\"wp-block-file--media-3b868ffa-9a7e-42e6-b1ac-6dda7cce8313\">St\u00e1hnout<\/a><\/div>\n\n\n\n<hr class=\"wp-block-separator has-alpha-channel-opacity\"\/>\n\n\n\n<p><strong>T\u00e9mata a jin\u00e9 dokumenty k&nbsp;maturitn\u00edm zkou\u0161k\u00e1m jaro a podzim 2025<\/strong><\/p>\n\n\n\n<div class=\"wp-block-file\"><a id=\"wp-block-file--media-0266b604-8d8e-4f80-b566-f80d62acc418\" href=\"https:\/\/www.prumkadc.cz\/wp-content\/uploads\/2024\/10\/profilova-zkouska-z-cjl-2025.pdf\">profilov\u00e1 zkou\u0161ka z&nbsp;\u010djl 2025<\/a><a href=\"https:\/\/www.prumkadc.cz\/wp-content\/uploads\/2024\/10\/profilova-zkouska-z-cjl-2025.pdf\" class=\"wp-block-file__button wp-element-button\" download aria-describedby=\"wp-block-file--media-0266b604-8d8e-4f80-b566-f80d62acc418\">St\u00e1hnout<\/a><\/div>\n\n\n\n<div class=\"wp-block-file\"><a id=\"wp-block-file--media-81169a61-7a4b-4480-a7c6-4e5e451f6882\" href=\"https:\/\/www.prumkadc.cz\/wp-content\/uploads\/2025\/06\/Struktura-ustni-zkousky-z-CJL_SPS_upravena.docx\">_Struktura \u00fastn\u00ed zkou\u0161ky z&nbsp;\u010cJL_SP\u0160_upraven\u00e1<\/a><a href=\"https:\/\/www.prumkadc.cz\/wp-content\/uploads\/2025\/06\/Struktura-ustni-zkousky-z-CJL_SPS_upravena.docx\" class=\"wp-block-file__button wp-element-button\" download aria-describedby=\"wp-block-file--media-81169a61-7a4b-4480-a7c6-4e5e451f6882\">St\u00e1hnout<\/a><\/div>\n\n\n\n<div class=\"wp-block-file\"><a id=\"wp-block-file--media-59c57e89-319d-44dc-bedf-33e551013a6b\" href=\"https:\/\/www.prumkadc.cz\/wp-content\/uploads\/2024\/10\/Skolni-seznam-literarnich-del-pro-jaro-a-podzim-2025.pdf\">\u0160koln\u00ed seznam liter\u00e1rn\u00edch d\u011bl pro jaro a podzim 2025<\/a><a href=\"https:\/\/www.prumkadc.cz\/wp-content\/uploads\/2024\/10\/Skolni-seznam-literarnich-del-pro-jaro-a-podzim-2025.pdf\" class=\"wp-block-file__button wp-element-button\" download aria-describedby=\"wp-block-file--media-59c57e89-319d-44dc-bedf-33e551013a6b\">St\u00e1hnout<\/a><\/div>\n\n\n\n<div class=\"wp-block-file\"><a id=\"wp-block-file--media-847bfcef-6fb6-4ee4-afa2-b1934c0be70e\" href=\"https:\/\/www.prumkadc.cz\/wp-content\/uploads\/2024\/10\/profilova-zkouska-z-ciziho-jazyka.pdf\">profilov\u00e1 zkou\u0161ka z&nbsp;ciz\u00edho jazyka<\/a><a href=\"https:\/\/www.prumkadc.cz\/wp-content\/uploads\/2024\/10\/profilova-zkouska-z-ciziho-jazyka.pdf\" class=\"wp-block-file__button wp-element-button\" download aria-describedby=\"wp-block-file--media-847bfcef-6fb6-4ee4-afa2-b1934c0be70e\">St\u00e1hnout<\/a><\/div>\n\n\n\n<div class=\"wp-block-file\"><a id=\"wp-block-file--media-e2fdd8e0-738f-4593-a16e-15f77e32ed19\" href=\"https:\/\/www.prumkadc.cz\/wp-content\/uploads\/2024\/10\/Temata-AJ-2025.pdf\">T\u00e9mata AJ 2025<\/a><a href=\"https:\/\/www.prumkadc.cz\/wp-content\/uploads\/2024\/10\/Temata-AJ-2025.pdf\" class=\"wp-block-file__button wp-element-button\" download aria-describedby=\"wp-block-file--media-e2fdd8e0-738f-4593-a16e-15f77e32ed19\">St\u00e1hnout<\/a><\/div>\n\n\n\n<div class=\"wp-block-file\"><a id=\"wp-block-file--media-7dab0143-3f79-4341-b326-a9ba2a17bad8\" href=\"https:\/\/www.prumkadc.cz\/wp-content\/uploads\/2024\/10\/Temata-NJ-2025.pdf\">T\u00e9mata NJ 2025<\/a><a href=\"https:\/\/www.prumkadc.cz\/wp-content\/uploads\/2024\/10\/Temata-NJ-2025.pdf\" class=\"wp-block-file__button wp-element-button\" download aria-describedby=\"wp-block-file--media-7dab0143-3f79-4341-b326-a9ba2a17bad8\">St\u00e1hnout<\/a><\/div>\n\n\n\n<div class=\"wp-block-file\"><a id=\"wp-block-file--media-6dcd795e-1059-4d06-8244-a00de5a5a458\" href=\"https:\/\/www.prumkadc.cz\/wp-content\/uploads\/2024\/10\/Temata-ELEKTROTECHNIKA-2025.pdf\">T\u00e9mata ELEKTROTECHNIKA  2025<\/a><a href=\"https:\/\/www.prumkadc.cz\/wp-content\/uploads\/2024\/10\/Temata-ELEKTROTECHNIKA-2025.pdf\" class=\"wp-block-file__button wp-element-button\" download aria-describedby=\"wp-block-file--media-6dcd795e-1059-4d06-8244-a00de5a5a458\">St\u00e1hnout<\/a><\/div>\n\n\n\n<div class=\"wp-block-file\"><a id=\"wp-block-file--media-b9e418f0-7feb-4573-9ca7-c2f95d77e4c7\" href=\"https:\/\/www.prumkadc.cz\/wp-content\/uploads\/2024\/10\/Temata-PROVOZ-A-EKONOMIKA-DOPRAVY-2025.pdf\">T\u00e9mata PROVOZ A EKONOMIKA DOPRAVY 2025<\/a><a href=\"https:\/\/www.prumkadc.cz\/wp-content\/uploads\/2024\/10\/Temata-PROVOZ-A-EKONOMIKA-DOPRAVY-2025.pdf\" class=\"wp-block-file__button wp-element-button\" download aria-describedby=\"wp-block-file--media-b9e418f0-7feb-4573-9ca7-c2f95d77e4c7\">St\u00e1hnout<\/a><\/div>\n\n\n\n<div class=\"wp-block-file\"><a id=\"wp-block-file--media-186df1cb-3746-48ce-a3dd-fae3d3e0f479\" href=\"https:\/\/www.prumkadc.cz\/wp-content\/uploads\/2024\/10\/Temata-STAVEBNICTVI-2025.pdf\">T\u00e9mata STAVEBNICTV\u00cd 2025<\/a><a href=\"https:\/\/www.prumkadc.cz\/wp-content\/uploads\/2024\/10\/Temata-STAVEBNICTVI-2025.pdf\" class=\"wp-block-file__button wp-element-button\" download aria-describedby=\"wp-block-file--media-186df1cb-3746-48ce-a3dd-fae3d3e0f479\">St\u00e1hnout<\/a><\/div>\n\n\n\n<div class=\"wp-block-file\"><a id=\"wp-block-file--media-aff06a06-5f12-4517-8016-753713f1cafd\" href=\"https:\/\/www.prumkadc.cz\/wp-content\/uploads\/2024\/10\/Temata-STROJIRENSTVI-2025.pdf\">T\u00e9mata STROJ\u00cdRENSTV\u00cd 2025<\/a><a href=\"https:\/\/www.prumkadc.cz\/wp-content\/uploads\/2024\/10\/Temata-STROJIRENSTVI-2025.pdf\" class=\"wp-block-file__button wp-element-button\" download aria-describedby=\"wp-block-file--media-aff06a06-5f12-4517-8016-753713f1cafd\">St\u00e1hnout<\/a><\/div>\n\n\n\n<div class=\"wp-block-file\"><a id=\"wp-block-file--media-9c6bfaad-3926-4d86-b710-392f22f6efbb\" href=\"https:\/\/www.prumkadc.cz\/wp-content\/uploads\/2024\/10\/Temata-MATEMATIKA-nepovinna-2025.pdf\">T\u00e9mata MATEMATIKA nepovinn\u00e1 2025<\/a><a href=\"https:\/\/www.prumkadc.cz\/wp-content\/uploads\/2024\/10\/Temata-MATEMATIKA-nepovinna-2025.pdf\" class=\"wp-block-file__button wp-element-button\" download aria-describedby=\"wp-block-file--media-9c6bfaad-3926-4d86-b710-392f22f6efbb\">St\u00e1hnout<\/a><\/div>\n\n\n\n<hr class=\"wp-block-separator has-alpha-channel-opacity\"\/>\n\n\n\n<p><strong><mark style=\"background-color:rgba(0, 0, 0, 0)\" class=\"has-inline-color has-black-color\">Jednotliv\u00e1 zkou\u0161ka (profilov\u00e1 MZ)<\/mark><\/strong><\/p>\n\n\n\n<p>Tuto zkou\u0161ku m\u016f\u017ee skl\u00e1dat libovon\u00e1 osoba, kter\u00e1 si pod\u00e1 \u017e\u00e1dost. Jednotlivou zkou\u0161ku, kter\u00e1 sv\u00fdm obsahem odpov\u00edd\u00e1 profilov\u00e9 maturitn\u00ed zkou\u0161ce, lze skl\u00e1dat pouze v&nbsp;jarn\u00edm term\u00ednu MZ. Dal\u0161\u00ed podrobnosti najdete na str\u00e1nce <a href=\"https:\/\/www.prumkadc.cz\/index.php\/maturitni-zkousky\/jednotliva-zkouska-profilova-mz\/\" data-type=\"URL\" data-id=\"https:\/\/www.prumkadc.cz\/index.php\/maturitni-zkousky\/jednotliva-zkouska-profilova-mz\/\">https:\/\/www.prumkadc.cz\/index.php\/maturitni-zkousky\/jednotliva-zkouska-profilova-mz\/<\/a> <\/p>\n\n\n\n<hr class=\"wp-block-separator has-alpha-channel-opacity\"\/>\n\n\n\n<p><strong>Pom\u016fcka pro tvorbu seznamu liter\u00e1rn\u00edch d\u011bl \u017e\u00e1ka MZ<\/strong><\/p>\n\n\n\n<div class=\"wp-block-file\"><a id=\"wp-block-file--media-5a76c5f7-3274-4919-badb-dd8bcf6e8c31\" href=\"https:\/\/www.prumkadc.cz\/wp-content\/uploads\/2025\/01\/Skolni-_seznam_literarnich_del-pomucka.xlsx\">\u0160koln\u00ed _seznam_liter\u00e1rn\u00edch_d\u011bl pom\u016fcka<\/a><a href=\"https:\/\/www.prumkadc.cz\/wp-content\/uploads\/2025\/01\/Skolni-_seznam_literarnich_del-pomucka.xlsx\" class=\"wp-block-file__button wp-element-button\" download aria-describedby=\"wp-block-file--media-5a76c5f7-3274-4919-badb-dd8bcf6e8c31\">St\u00e1hnout<\/a><\/div>\n\n\n\n<hr class=\"wp-block-separator has-css-opacity\"\/>\n\n\n\n<p><strong>Archiv maturitn\u00edch zkou\u0161ek<\/strong><\/p>\n\n\n\n<p>Na tomto odkaze najdete informace o maturitn\u00edch zkou\u0161k\u00e1ch z&nbsp;p\u0159edchoz\u00edho obdob\u00ed <a href=\"https:\/\/www.prumkadc.cz\/index.php\/archiv-maturity\/\" data-type=\"URL\" data-id=\"https:\/\/www.prumkadc.cz\/index.php\/archiv-maturity\/\">https:\/\/www.prumkadc.cz\/index.php\/archiv-maturity\/<\/a><\/p>\n\n\n\n<hr class=\"wp-block-separator has-css-opacity\"\/>\n\n\n\n<p><strong>Audioknihy<\/strong><\/p>\n\n\n\n<p>Na tomto odkaze naleznete audioknihy, kter\u00e9 se v\u00e1m budou hodit k&nbsp;maturitn\u00edm ot\u00e1zk\u00e1m z&nbsp;\u010desk\u00e9ho jazyka. <a href=\"https:\/\/www.prumkadc.cz\/index.php\/audioknihy\/\">https:\/\/www.prumkadc.cz\/index.php\/audioknihy\/<\/a><\/p>\n\n\n\n<hr class=\"wp-block-separator has-alpha-channel-opacity\"\/>\n","protected":false},"excerpt":{"rendered":"<p>Maturitn\u00ed zkou\u0161ka P\u0159ihl\u00e1\u0161ku k&nbsp;maturitn\u00ed zkou\u0161ce pro jarn\u00ed obdob\u00ed pod\u00e1v\u00e1 \u017e\u00e1k nejpozd\u011bji do 1.&nbsp;prosince P\u0159ihl\u00e1\u0161ku k&nbsp;maturitn\u00ed zkou\u0161ce pro podzimn\u00ed obdob\u00ed pod\u00e1v\u00e1 \u017e\u00e1k nejpozd\u011bji do 25.&nbsp;\u010dervna Maturitn\u00ed zkou\u0161ka m\u00e1 dv\u011b \u010d\u00e1sti: spole\u010dnou a profilovou. Spole\u010dn\u00e1 \u010d\u00e1st je stanovena M\u0160MT.Skl\u00e1d\u00e1 ze dvou povinn\u00fdch zkou\u0161ek konan\u00fdch formou didaktick\u00e9ho testu: \u017d\u00e1k se m\u016f\u017ee ve spole\u010dn\u00e9 \u010d\u00e1sti p\u0159ihl\u00e1sit a\u017e ke dv\u011bma [&hellip;]<\/p>\n","protected":false},"author":5,"featured_media":0,"parent":0,"menu_order":0,"comment_status":"closed","ping_status":"closed","template":"","meta":{"_acf_changed":false,"footnotes":""},"class_list":["post-147","page","type-page","status-publish","hentry"],"acf":[],"_links":{"self":[{"href":"https:\/\/www.prumkadc.cz\/index.php\/wp-json\/wp\/v2\/pages\/147","targetHints":{"allow":["GET"]}}],"collection":[{"href":"https:\/\/www.prumkadc.cz\/index.php\/wp-json\/wp\/v2\/pages"}],"about":[{"href":"https:\/\/www.prumkadc.cz\/index.php\/wp-json\/wp\/v2\/types\/page"}],"author":[{"embeddable":true,"href":"https:\/\/www.prumkadc.cz\/index.php\/wp-json\/wp\/v2\/users\/5"}],"replies":[{"embeddable":true,"href":"https:\/\/www.prumkadc.cz\/index.php\/wp-json\/wp\/v2\/comments?post=147"}],"version-history":[{"count":61,"href":"https:\/\/www.prumkadc.cz\/index.php\/wp-json\/wp\/v2\/pages\/147\/revisions"}],"predecessor-version":[{"id":6568,"href":"https:\/\/www.prumkadc.cz\/index.php\/wp-json\/wp\/v2\/pages\/147\/revisions\/6568"}],"wp:attachment":[{"href":"https:\/\/www.prumkadc.cz\/index.php\/wp-json\/wp\/v2\/media?parent=147"}],"curies":[{"name":"wp","href":"https:\/\/api.w.org\/{rel}","templated":true}]}}