{"id":149,"date":"2021-04-20T14:46:26","date_gmt":"2021-04-20T14:46:26","guid":{"rendered":"https:\/\/www.prumkadc.cz\/?page_id=149"},"modified":"2026-01-27T08:13:39","modified_gmt":"2026-01-27T08:13:39","slug":"absolutoria","status":"publish","type":"page","link":"https:\/\/www.prumkadc.cz\/index.php\/absolutoria\/","title":{"rendered":"Absolutoria"},"content":{"rendered":"\n<hr class=\"wp-block-separator has-alpha-channel-opacity\"\/>\n\n\n\n<p><strong>Absolutoria pro \u0161koln\u00ed rok 2025\/2026 prob\u011bhnou dne 30.1.2026<\/strong><\/p>\n\n\n\n<div class=\"wp-block-file\"><a id=\"wp-block-file--media-8f5560a3-150b-4db7-824b-364f6c59c267\" href=\"https:\/\/www.prumkadc.cz\/wp-content\/uploads\/2026\/01\/Casovy-plan-absolutoria-leden-2026-.pdf\">\u010casov\u00fd pl\u00e1n absolutoria leden 2026<\/a><a href=\"https:\/\/www.prumkadc.cz\/wp-content\/uploads\/2026\/01\/Casovy-plan-absolutoria-leden-2026-.pdf\" class=\"wp-block-file__button wp-element-button\" download aria-describedby=\"wp-block-file--media-8f5560a3-150b-4db7-824b-364f6c59c267\">St\u00e1hnout<\/a><\/div>\n\n\n\n<div class=\"wp-block-file\"><a id=\"wp-block-file--media-44441af6-0db3-472d-837c-9b56f7c25e9e\" href=\"https:\/\/www.prumkadc.cz\/wp-content\/uploads\/2026\/01\/komise-leden-2026-INS-1.pdf\">komise leden 2026 INS<\/a><a href=\"https:\/\/www.prumkadc.cz\/wp-content\/uploads\/2026\/01\/komise-leden-2026-INS-1.pdf\" class=\"wp-block-file__button wp-element-button\" download aria-describedby=\"wp-block-file--media-44441af6-0db3-472d-837c-9b56f7c25e9e\">St\u00e1hnout<\/a><\/div>\n\n\n\n<p>Ot\u00e1zky k&nbsp;absolutoriu pro t\u0159\u00eddu D4Z viz p\u0159ilo\u017een\u00fd soubor:<\/p>\n\n\n\n<div class=\"wp-block-file\"><a id=\"wp-block-file--media-7259bc46-32fc-4cd4-9dd9-1f1d265d95ad\" href=\"https:\/\/www.prumkadc.cz\/wp-content\/uploads\/2025\/11\/otazky-ABS-D4Z-2025-26.pdf\">ot\u00e1zky ABS D4Z 2025-26<\/a><a href=\"https:\/\/www.prumkadc.cz\/wp-content\/uploads\/2025\/11\/otazky-ABS-D4Z-2025-26.pdf\" class=\"wp-block-file__button wp-element-button\" download aria-describedby=\"wp-block-file--media-7259bc46-32fc-4cd4-9dd9-1f1d265d95ad\">St\u00e1hnout<\/a><\/div>\n\n\n\n<hr class=\"wp-block-separator has-alpha-channel-opacity\"\/>\n\n\n\n<p><strong>Opravn\u00fd term\u00edn absolutoria<\/strong><\/p>\n\n\n\n<p>Opravn\u00fd term\u00edn absolutoria pro obor Ochrana pam\u00e1tek a krajiny \u2013 kombinovan\u00e1 forma vzd\u011bl\u00e1v\u00e1n\u00ed je stanoven na 28.11.2025.<\/p>\n\n\n\n<hr class=\"wp-block-separator has-alpha-channel-opacity\"\/>\n\n\n\n<p><strong>Absolutorium<\/strong>&nbsp;je z\u00e1v\u011bre\u010dn\u00e1 zkou\u0161ka, kterou se ukon\u010duje studium ve vy\u0161\u0161\u00ed odborn\u00e9 \u0161kole.<br>Podm\u00ednkou pro absolutorium je \u00fasp\u011b\u0161n\u00e9 ukon\u010den\u00ed posledn\u00edho ro\u010dn\u00edku vzd\u011bl\u00e1v\u00e1n\u00ed.<br>\u0158editel \u0161koly vyhla\u0161uje nejm\u00e9n\u011b 1 \u0159\u00e1dn\u00fd term\u00edn absolutoria ve \u0161koln\u00edm roce. Absolutorium se kon\u00e1 p\u0159ed zku\u0161ebn\u00ed komis\u00ed a je ve\u0159ejn\u00e9 s&nbsp;v\u00fdjimkou jedn\u00e1n\u00ed zku\u0161ebn\u00ed komise o hodnocen\u00ed studenta.<\/p>\n\n\n\n<p><strong>Absolutorium se skl\u00e1d\u00e1 za t\u0159\u00ed \u010d\u00e1st\u00ed:<\/strong><\/p>\n\n\n\n<ul class=\"wp-block-list\">\n<li>zkou\u0161ka z&nbsp;odborn\u00fdch p\u0159edm\u011bt\u016f<\/li>\n\n\n\n<li>zkou\u0161ka z&nbsp;ciz\u00edho jazyka odborn\u00e9ho<\/li>\n\n\n\n<li>obhajoba absolventsk\u00e9 pr\u00e1ce<\/li>\n<\/ul>\n\n\n\n<p><strong>Zkou\u0161ka z&nbsp;ciz\u00edho jazyka<\/strong>&nbsp;je slo\u017eena z&nbsp;\u010detby a p\u0159ekladu nezn\u00e1m\u00e9ho textu a pohovoru nad odborn\u00fdm t\u00e9matem.<\/p>\n\n\n\n<p><strong>Zkou\u0161ka z&nbsp;odborn\u00fdch p\u0159edm\u011bt\u016f<\/strong>&nbsp;je stanovena u\u010debn\u00edm pl\u00e1nem.<br>Pro obor In\u017een\u00fdrsk\u00e9 stavitelstv\u00ed se zam\u011b\u0159en\u00edm na \u017eelezni\u010dn\u00ed stavitelstv\u00ed zkou\u0161ka zahrnuje ot\u00e1zky z&nbsp;p\u0159edm\u011bt\u016f \u017delezni\u010dn\u00ed stavitelstv\u00ed, Mosty a Technologie pr\u00e1ce.<br>Pro obor Ochrana pam\u00e1tek a krajiny zkou\u0161ka zahrnuje ot\u00e1zky z&nbsp;p\u0159edm\u011bt\u016f Historick\u00e9 stavby, Kulturn\u00ed krajina a Rekonstrukce staveb<\/p>\n\n\n\n<p><strong>Obhajoba a prezentace absolventsk\u00e9 pr\u00e1ce<\/strong>&nbsp;&#8211; komision\u00e1ln\u00ed zkou\u0161ka ve form\u011b diskuse nad z\u00e1v\u011bry absolventsk\u00e9 pr\u00e1ce podle vypracovan\u00e9ho oponentsk\u00e9ho posudku.<br>T\u00e9ma absolventsk\u00fdch prac\u00ed vypisuje \u0159editel \u0161koly, zad\u00e1v\u00e1n\u00ed prob\u00edh\u00e1 na za\u010d\u00e1tku 5.&nbsp;semestru. Absolventskou pr\u00e1ci studenti zpracov\u00e1vaj\u00ed ve spolupr\u00e1ci s&nbsp;vedouc\u00edm absolventsk\u00e9 pr\u00e1ce.<br>K obhajob\u011b absolventsk\u00e9 pr\u00e1ce p\u0159istupuje student se znalost\u00ed posudk\u016f vedouc\u00edho a oponenta absolventsk\u00e9 pr\u00e1ce a po p\u0159edstaven\u00ed vlastn\u00ed pr\u00e1ce reaguje na dotazy \u010dlen\u016f zku\u0161ebn\u00ed komise.<\/p>\n\n\n\n<p><strong>P\u0159i \u00fasp\u011b\u0161n\u00e9m slo\u017een\u00ed t\u00e9to zkou\u0161ky<\/strong>&nbsp;z\u00edsk\u00e1 absolvent vysv\u011bd\u010den\u00ed o absolutoriu a diplom s&nbsp;pr\u00e1vem nosit za p\u0159\u00edjmen\u00edm titul DiS, diplomovan\u00fd specialista v&nbsp;oboru.<\/p>\n\n\n\n<p><strong>Neprosp\u011bl-li student z&nbsp;n\u011bkter\u00e9 zkou\u0161ky nebo neobh\u00e1jil-li absolventskou pr\u00e1ci<\/strong>, m\u016f\u017ee konat opravnou zkou\u0161ku z&nbsp;t\u00e9to zkou\u0161ky nebo obh\u00e1jit absolventskou pr\u00e1ci do 6 m\u011bs\u00edc\u016f od \u0159\u00e1dn\u00e9ho term\u00ednu absolutoria. Opravnou zkou\u0161ku nebo opravnou obhajobu absolventsk\u00e9 pr\u00e1ce je mo\u017en\u00e9 konat nejv\u00fd\u0161e dvakr\u00e1t, a to v&nbsp;term\u00ednu stanoven\u00e9m zku\u0161ebn\u00ed komis\u00ed.<\/p>\n\n\n\n<hr class=\"wp-block-separator has-alpha-channel-opacity\"\/>\n","protected":false},"excerpt":{"rendered":"<p>Absolutoria pro \u0161koln\u00ed rok 2025\/2026 prob\u011bhnou dne 30.1.2026 Ot\u00e1zky k&nbsp;absolutoriu pro t\u0159\u00eddu D4Z viz p\u0159ilo\u017een\u00fd soubor: Opravn\u00fd term\u00edn absolutoria Opravn\u00fd term\u00edn absolutoria pro obor Ochrana pam\u00e1tek a krajiny \u2013 kombinovan\u00e1 forma vzd\u011bl\u00e1v\u00e1n\u00ed je stanoven na 28.11.2025. Absolutorium&nbsp;je z\u00e1v\u011bre\u010dn\u00e1 zkou\u0161ka, kterou se ukon\u010duje studium ve vy\u0161\u0161\u00ed odborn\u00e9 \u0161kole.Podm\u00ednkou pro absolutorium je \u00fasp\u011b\u0161n\u00e9 ukon\u010den\u00ed posledn\u00edho ro\u010dn\u00edku vzd\u011bl\u00e1v\u00e1n\u00ed.\u0158editel [&hellip;]<\/p>\n","protected":false},"author":5,"featured_media":0,"parent":0,"menu_order":0,"comment_status":"closed","ping_status":"closed","template":"","meta":{"_acf_changed":false,"footnotes":""},"class_list":["post-149","page","type-page","status-publish","hentry"],"acf":[],"_links":{"self":[{"href":"https:\/\/www.prumkadc.cz\/index.php\/wp-json\/wp\/v2\/pages\/149","targetHints":{"allow":["GET"]}}],"collection":[{"href":"https:\/\/www.prumkadc.cz\/index.php\/wp-json\/wp\/v2\/pages"}],"about":[{"href":"https:\/\/www.prumkadc.cz\/index.php\/wp-json\/wp\/v2\/types\/page"}],"author":[{"embeddable":true,"href":"https:\/\/www.prumkadc.cz\/index.php\/wp-json\/wp\/v2\/users\/5"}],"replies":[{"embeddable":true,"href":"https:\/\/www.prumkadc.cz\/index.php\/wp-json\/wp\/v2\/comments?post=149"}],"version-history":[{"count":8,"href":"https:\/\/www.prumkadc.cz\/index.php\/wp-json\/wp\/v2\/pages\/149\/revisions"}],"predecessor-version":[{"id":6346,"href":"https:\/\/www.prumkadc.cz\/index.php\/wp-json\/wp\/v2\/pages\/149\/revisions\/6346"}],"wp:attachment":[{"href":"https:\/\/www.prumkadc.cz\/index.php\/wp-json\/wp\/v2\/media?parent=149"}],"curies":[{"name":"wp","href":"https:\/\/api.w.org\/{rel}","templated":true}]}}