{"id":151,"date":"2021-04-20T14:46:42","date_gmt":"2021-04-20T14:46:42","guid":{"rendered":"https:\/\/www.prumkadc.cz\/?page_id=151"},"modified":"2025-10-13T10:11:53","modified_gmt":"2025-10-13T10:11:53","slug":"primarni-prevence","status":"publish","type":"page","link":"https:\/\/www.prumkadc.cz\/index.php\/primarni-prevence\/","title":{"rendered":"Prim\u00e1rn\u00ed prevence"},"content":{"rendered":"\n<figure class=\"wp-block-table is-style-stripes\"><table><tbody><tr><td><strong>\u0160koln\u00ed metodik<\/strong><\/td><td>Lucie Bl\u00e1hov\u00e1<\/td><td><\/td><\/tr><tr><td><strong>Konzulta\u010dn\u00ed hodiny pro \u017e\u00e1ky<\/strong><\/td><td>St\u0159eda 8 &#8211; 8.45 hod budova Slovansk\u00e1<br>Pondeli 14.15 &#8211; 15.00hod budova \u010csl. arm\u00e1dy<\/td><td><\/td><\/tr><tr><td><strong>Konzulta\u010dn\u00ed hodiny pro rodi\u010de<\/strong><\/td><td>Dle domluvy<\/td><td><\/td><\/tr><\/tbody><\/table><\/figure>\n\n\n\n<div class=\"wp-block-file\"><a id=\"wp-block-file--media-ffa84e01-5b77-4227-8f0b-07dd3e7519d0\" href=\"https:\/\/www.prumkadc.cz\/wp-content\/uploads\/2025\/04\/Preventivni-program-skoly-2025.docx\">Preventivn\u00ed program \u0161koly 2025<\/a><a href=\"https:\/\/www.prumkadc.cz\/wp-content\/uploads\/2025\/04\/Preventivni-program-skoly-2025.docx\" class=\"wp-block-file__button wp-element-button\" download aria-describedby=\"wp-block-file--media-ffa84e01-5b77-4227-8f0b-07dd3e7519d0\">St\u00e1hnout<\/a><\/div>\n\n\n\n<div class=\"wp-block-file\"><a id=\"wp-block-file--media-fe5548fc-b897-4693-8d27-90cbb6765af2\" href=\"https:\/\/www.prumkadc.cz\/wp-content\/uploads\/2025\/04\/Krizovy-plan-skoly-2025.docx\">Krizovy-plan-skoly 2025<\/a><a href=\"https:\/\/www.prumkadc.cz\/wp-content\/uploads\/2025\/04\/Krizovy-plan-skoly-2025.docx\" class=\"wp-block-file__button wp-element-button\" download aria-describedby=\"wp-block-file--media-fe5548fc-b897-4693-8d27-90cbb6765af2\">St\u00e1hnout<\/a><\/div>\n\n\n\n<div class=\"wp-block-file\"><a id=\"wp-block-file--media-9447f5aa-ecaa-4d66-984f-508456c07149\" href=\"https:\/\/www.prumkadc.cz\/wp-content\/uploads\/2025\/10\/Strategie-predchazeni-skolni-neuspesnosti_2025_26.pdf\">Strategie p\u0159edch\u00e1zen\u00ed \u0161koln\u00ed ne\u00fasp\u011b\u0161nosti_2025_26<\/a><a href=\"https:\/\/www.prumkadc.cz\/wp-content\/uploads\/2025\/10\/Strategie-predchazeni-skolni-neuspesnosti_2025_26.pdf\" class=\"wp-block-file__button wp-element-button\" download aria-describedby=\"wp-block-file--media-9447f5aa-ecaa-4d66-984f-508456c07149\">St\u00e1hnout<\/a><\/div>\n\n\n\n<p><\/p>\n","protected":false},"excerpt":{"rendered":"<p>\u0160koln\u00ed metodik Lucie Bl\u00e1hov\u00e1 Konzulta\u010dn\u00ed hodiny pro \u017e\u00e1ky St\u0159eda 8 &#8211; 8.45 hod budova Slovansk\u00e1Pondeli 14.15 &#8211; 15.00hod budova \u010csl. arm\u00e1dy Konzulta\u010dn\u00ed hodiny pro rodi\u010de Dle domluvy<\/p>\n","protected":false},"author":5,"featured_media":0,"parent":0,"menu_order":0,"comment_status":"closed","ping_status":"closed","template":"","meta":{"_acf_changed":false,"footnotes":""},"class_list":["post-151","page","type-page","status-publish","hentry"],"acf":[],"_links":{"self":[{"href":"https:\/\/www.prumkadc.cz\/index.php\/wp-json\/wp\/v2\/pages\/151","targetHints":{"allow":["GET"]}}],"collection":[{"href":"https:\/\/www.prumkadc.cz\/index.php\/wp-json\/wp\/v2\/pages"}],"about":[{"href":"https:\/\/www.prumkadc.cz\/index.php\/wp-json\/wp\/v2\/types\/page"}],"author":[{"embeddable":true,"href":"https:\/\/www.prumkadc.cz\/index.php\/wp-json\/wp\/v2\/users\/5"}],"replies":[{"embeddable":true,"href":"https:\/\/www.prumkadc.cz\/index.php\/wp-json\/wp\/v2\/comments?post=151"}],"version-history":[{"count":10,"href":"https:\/\/www.prumkadc.cz\/index.php\/wp-json\/wp\/v2\/pages\/151\/revisions"}],"predecessor-version":[{"id":6060,"href":"https:\/\/www.prumkadc.cz\/index.php\/wp-json\/wp\/v2\/pages\/151\/revisions\/6060"}],"wp:attachment":[{"href":"https:\/\/www.prumkadc.cz\/index.php\/wp-json\/wp\/v2\/media?parent=151"}],"curies":[{"name":"wp","href":"https:\/\/api.w.org\/{rel}","templated":true}]}}