{"id":157,"date":"2021-04-20T14:47:42","date_gmt":"2021-04-20T14:47:42","guid":{"rendered":"https:\/\/www.prumkadc.cz\/?page_id=157"},"modified":"2021-04-20T14:47:42","modified_gmt":"2021-04-20T14:47:42","slug":"moodle","status":"publish","type":"page","link":"https:\/\/www.prumkadc.cz\/index.php\/moodle\/","title":{"rendered":"Moodle"},"content":{"rendered":"\n<p><strong>Na str\u00e1nky \u0161koln\u00edho syst\u00e9mu Moodle se studenti i u\u010ditel\u00e9 p\u0159ihla\u0161uj\u00ed pomoc\u00ed \u0161koln\u00edho emailu.<\/strong><strong><a href=\"https:\/\/moodle.prumkadc.cz\/\">https:\/\/moodle.prumkadc.cz<\/a>&nbsp;<\/strong><\/p>\n\n\n\n<p>Po p\u0159\u00edchodu na str\u00e1nku (obr\u00e1zek 1) si zvol\u00ed p\u0159ihl\u00e1\u0161en\u00ed pomoc\u00ed \u00fa\u010dtu Microsoft.<\/p>\n\n\n\n<figure class=\"wp-block-image\"><img decoding=\"async\" src=\"https:\/\/www.prumkadc.cz\/sites\/default\/files\/u30\/moodle_1o.png\" alt=\"\"\/><\/figure>\n\n\n\n<p><br>N\u00e1sledn\u011b jsou p\u0159esm\u011brov\u00e1ni na ov\u011b\u0159ovac\u00ed str\u00e1nku Microsoftu (obr\u00e1zek 2), kde zadaj\u00ed sv\u016fj \u0161koln\u00ed email. Studenti ve tvaru&nbsp;<a href=\"mailto:prijmeni.jmeno@prumkadc.cz\">prijmeni.jmeno@prumkadc.cz<\/a>&nbsp;u\u010ditel\u00e9 ve tvaru&nbsp;<a href=\"mailto:jmeno.prijmeni@prumkadc.cz\">jmeno.prijmeni@prumkadc.cz<\/a>.<\/p>\n\n\n\n<figure class=\"wp-block-image\"><img decoding=\"async\" src=\"https:\/\/www.prumkadc.cz\/sites\/default\/files\/u30\/moodle_2.png\" alt=\"\"\/><\/figure>\n\n\n\n<p>&nbsp;Na dal\u0161\u00ed str\u00e1nce jsou vyzv\u00e1ni k&nbsp;zad\u00e1n\u00ed hesla do \u00fa\u010dtu Microsoft (do emailu obr\u00e1zek 3).<\/p>\n\n\n\n<figure class=\"wp-block-image\"><img decoding=\"async\" src=\"https:\/\/www.prumkadc.cz\/sites\/default\/files\/u30\/moodle_3.png\" alt=\"\"\/><\/figure>\n\n\n\n<p>Po \u00fasp\u011b\u0161n\u00e9m ov\u011b\u0159en\u00ed \u00fadaj\u016f jsou je\u0161t\u011b dot\u00e1z\u00e1ni, zda cht\u011bj\u00ed z\u016fstat pernamentn\u011b p\u0159ihl\u00e1\u0161eni, \u010di nikoliv. (obr\u00e1zek 4). Doporu\u010deno je nez\u016fst\u00e1vat p\u0159ihl\u00e1\u0161en.<\/p>\n\n\n\n<figure class=\"wp-block-image\"><img decoding=\"async\" src=\"https:\/\/www.prumkadc.cz\/sites\/default\/files\/u30\/moodle_4.png\" alt=\"\"\/><\/figure>\n","protected":false},"excerpt":{"rendered":"<p>Na str\u00e1nky \u0161koln\u00edho syst\u00e9mu Moodle se studenti i u\u010ditel\u00e9 p\u0159ihla\u0161uj\u00ed pomoc\u00ed \u0161koln\u00edho emailu.https:\/\/moodle.prumkadc.cz&nbsp; Po p\u0159\u00edchodu na str\u00e1nku (obr\u00e1zek 1) si zvol\u00ed p\u0159ihl\u00e1\u0161en\u00ed pomoc\u00ed \u00fa\u010dtu Microsoft. N\u00e1sledn\u011b jsou p\u0159esm\u011brov\u00e1ni na ov\u011b\u0159ovac\u00ed str\u00e1nku Microsoftu (obr\u00e1zek 2), kde zadaj\u00ed sv\u016fj \u0161koln\u00ed email. Studenti ve tvaru&nbsp;prijmeni.jmeno@prumkadc.cz&nbsp;u\u010ditel\u00e9 ve tvaru&nbsp;jmeno.prijmeni@prumkadc.cz. &nbsp;Na dal\u0161\u00ed str\u00e1nce jsou vyzv\u00e1ni k&nbsp;zad\u00e1n\u00ed hesla do \u00fa\u010dtu Microsoft (do [&hellip;]<\/p>\n","protected":false},"author":5,"featured_media":0,"parent":0,"menu_order":0,"comment_status":"closed","ping_status":"closed","template":"","meta":{"_acf_changed":false,"footnotes":""},"class_list":["post-157","page","type-page","status-publish","hentry"],"acf":[],"_links":{"self":[{"href":"https:\/\/www.prumkadc.cz\/index.php\/wp-json\/wp\/v2\/pages\/157","targetHints":{"allow":["GET"]}}],"collection":[{"href":"https:\/\/www.prumkadc.cz\/index.php\/wp-json\/wp\/v2\/pages"}],"about":[{"href":"https:\/\/www.prumkadc.cz\/index.php\/wp-json\/wp\/v2\/types\/page"}],"author":[{"embeddable":true,"href":"https:\/\/www.prumkadc.cz\/index.php\/wp-json\/wp\/v2\/users\/5"}],"replies":[{"embeddable":true,"href":"https:\/\/www.prumkadc.cz\/index.php\/wp-json\/wp\/v2\/comments?post=157"}],"version-history":[{"count":1,"href":"https:\/\/www.prumkadc.cz\/index.php\/wp-json\/wp\/v2\/pages\/157\/revisions"}],"predecessor-version":[{"id":158,"href":"https:\/\/www.prumkadc.cz\/index.php\/wp-json\/wp\/v2\/pages\/157\/revisions\/158"}],"wp:attachment":[{"href":"https:\/\/www.prumkadc.cz\/index.php\/wp-json\/wp\/v2\/media?parent=157"}],"curies":[{"name":"wp","href":"https:\/\/api.w.org\/{rel}","templated":true}]}}