{"id":2371,"date":"2022-10-13T15:40:13","date_gmt":"2022-10-13T15:40:13","guid":{"rendered":"https:\/\/www.prumkadc.cz\/?page_id=2371"},"modified":"2022-10-15T08:38:21","modified_gmt":"2022-10-15T08:38:21","slug":"audioknihy","status":"publish","type":"page","link":"https:\/\/www.prumkadc.cz\/index.php\/audioknihy\/","title":{"rendered":"Audioknihy"},"content":{"rendered":"\n<figure class=\"wp-block-image size-full is-resized\"><img decoding=\"async\" src=\"https:\/\/www.prumkadc.cz\/wp-content\/uploads\/2022\/10\/01-Havran-a-liska.png\" alt=\"\" class=\"wp-image-2419\" width=\"150\" height=\"150\" srcset=\"https:\/\/www.prumkadc.cz\/wp-content\/uploads\/2022\/10\/01-Havran-a-liska.png 600w, https:\/\/www.prumkadc.cz\/wp-content\/uploads\/2022\/10\/01-Havran-a-liska-300x300.png 300w, https:\/\/www.prumkadc.cz\/wp-content\/uploads\/2022\/10\/01-Havran-a-liska-100x100.png 100w, https:\/\/www.prumkadc.cz\/wp-content\/uploads\/2022\/10\/01-Havran-a-liska-150x150.png 150w\" sizes=\"(max-width: 150px) 100vw, 150px\" \/><\/figure>\n\n\n\n<figure class=\"wp-block-audio\"><audio controls src=\"https:\/\/www.prumkadc.cz\/wp-content\/uploads\/2022\/10\/01-Knihy-podprahove-Havran-a-liska.mp3\"><\/audio><figcaption>01 Knihy podprahov\u011b &#8211; Havran a li\u0161ka<\/figcaption><\/figure>\n\n\n\n<hr class=\"wp-block-separator has-alpha-channel-opacity\"\/>\n\n\n\n<figure class=\"wp-block-image size-full is-resized\"><img decoding=\"async\" src=\"https:\/\/www.prumkadc.cz\/wp-content\/uploads\/2022\/10\/02-Lasicka-a-kohout.png\" alt=\"\" class=\"wp-image-2445\" width=\"150\" height=\"150\" srcset=\"https:\/\/www.prumkadc.cz\/wp-content\/uploads\/2022\/10\/02-Lasicka-a-kohout.png 600w, https:\/\/www.prumkadc.cz\/wp-content\/uploads\/2022\/10\/02-Lasicka-a-kohout-300x300.png 300w, https:\/\/www.prumkadc.cz\/wp-content\/uploads\/2022\/10\/02-Lasicka-a-kohout-100x100.png 100w, https:\/\/www.prumkadc.cz\/wp-content\/uploads\/2022\/10\/02-Lasicka-a-kohout-150x150.png 150w\" sizes=\"(max-width: 150px) 100vw, 150px\" \/><\/figure>\n\n\n\n<figure class=\"wp-block-audio\"><audio controls src=\"https:\/\/www.prumkadc.cz\/wp-content\/uploads\/2022\/10\/02-Knihy-podprahove-Lasicka-a-kohout.mp3\"><\/audio><figcaption>02 Knihy podprahov\u011b &#8211; Lasi\u010dka a kohout<\/figcaption><\/figure>\n\n\n\n<hr class=\"wp-block-separator has-alpha-channel-opacity\"\/>\n\n\n\n<figure class=\"wp-block-image size-full is-resized\"><img decoding=\"async\" src=\"https:\/\/www.prumkadc.cz\/wp-content\/uploads\/2022\/10\/03-Krest-svateho-Vladimira.png\" alt=\"\" class=\"wp-image-2447\" width=\"150\" height=\"150\" srcset=\"https:\/\/www.prumkadc.cz\/wp-content\/uploads\/2022\/10\/03-Krest-svateho-Vladimira.png 600w, https:\/\/www.prumkadc.cz\/wp-content\/uploads\/2022\/10\/03-Krest-svateho-Vladimira-300x300.png 300w, https:\/\/www.prumkadc.cz\/wp-content\/uploads\/2022\/10\/03-Krest-svateho-Vladimira-100x100.png 100w, https:\/\/www.prumkadc.cz\/wp-content\/uploads\/2022\/10\/03-Krest-svateho-Vladimira-150x150.png 150w\" sizes=\"(max-width: 150px) 100vw, 150px\" \/><\/figure>\n\n\n\n<figure class=\"wp-block-audio\"><audio controls src=\"https:\/\/www.prumkadc.cz\/wp-content\/uploads\/2022\/10\/03-Knihy-podprahove-Krest-svateho-Vladimira.mp3\"><\/audio><figcaption>03 Knihy podprahov\u011b &#8211; K\u0159est svat\u00e9ho Vladim\u00edra<\/figcaption><\/figure>\n\n\n\n<hr class=\"wp-block-separator has-alpha-channel-opacity\"\/>\n\n\n\n<figure class=\"wp-block-image size-full is-resized\"><img loading=\"lazy\" decoding=\"async\" src=\"https:\/\/www.prumkadc.cz\/wp-content\/uploads\/2022\/10\/04-Kulicka.png\" alt=\"\" class=\"wp-image-2448\" width=\"150\" height=\"150\" srcset=\"https:\/\/www.prumkadc.cz\/wp-content\/uploads\/2022\/10\/04-Kulicka.png 600w, https:\/\/www.prumkadc.cz\/wp-content\/uploads\/2022\/10\/04-Kulicka-300x300.png 300w, https:\/\/www.prumkadc.cz\/wp-content\/uploads\/2022\/10\/04-Kulicka-100x100.png 100w, https:\/\/www.prumkadc.cz\/wp-content\/uploads\/2022\/10\/04-Kulicka-150x150.png 150w\" sizes=\"(max-width: 150px) 100vw, 150px\" \/><\/figure>\n\n\n\n<figure class=\"wp-block-audio\"><audio controls src=\"https:\/\/www.prumkadc.cz\/wp-content\/uploads\/2022\/10\/04-Knihy-podprahove-Kulicka.mp3\"><\/audio><figcaption>04 Knihy podprahov\u011b &#8211; Kuli\u010dka<\/figcaption><\/figure>\n\n\n\n<hr class=\"wp-block-separator has-alpha-channel-opacity\"\/>\n\n\n\n<figure class=\"wp-block-image size-full is-resized\"><img loading=\"lazy\" decoding=\"async\" src=\"https:\/\/www.prumkadc.cz\/wp-content\/uploads\/2022\/10\/05-Maj.png\" alt=\"\" class=\"wp-image-2449\" width=\"150\" height=\"150\" srcset=\"https:\/\/www.prumkadc.cz\/wp-content\/uploads\/2022\/10\/05-Maj.png 600w, https:\/\/www.prumkadc.cz\/wp-content\/uploads\/2022\/10\/05-Maj-300x300.png 300w, https:\/\/www.prumkadc.cz\/wp-content\/uploads\/2022\/10\/05-Maj-100x100.png 100w, https:\/\/www.prumkadc.cz\/wp-content\/uploads\/2022\/10\/05-Maj-150x150.png 150w\" sizes=\"(max-width: 150px) 100vw, 150px\" \/><\/figure>\n\n\n\n<figure class=\"wp-block-audio\"><audio controls src=\"https:\/\/www.prumkadc.cz\/wp-content\/uploads\/2022\/10\/05-Knihy-podprahove-Maj.mp3\"><\/audio><figcaption>05 Knihy podprahov\u011b &#8211; M\u00e1j<\/figcaption><\/figure>\n\n\n\n<hr class=\"wp-block-separator has-alpha-channel-opacity\"\/>\n\n\n\n<figure class=\"wp-block-image size-full is-resized\"><img loading=\"lazy\" decoding=\"async\" src=\"https:\/\/www.prumkadc.cz\/wp-content\/uploads\/2022\/10\/06-Kytice.png\" alt=\"\" class=\"wp-image-2450\" width=\"150\" height=\"150\" srcset=\"https:\/\/www.prumkadc.cz\/wp-content\/uploads\/2022\/10\/06-Kytice.png 600w, https:\/\/www.prumkadc.cz\/wp-content\/uploads\/2022\/10\/06-Kytice-300x300.png 300w, https:\/\/www.prumkadc.cz\/wp-content\/uploads\/2022\/10\/06-Kytice-100x100.png 100w, https:\/\/www.prumkadc.cz\/wp-content\/uploads\/2022\/10\/06-Kytice-150x150.png 150w\" sizes=\"(max-width: 150px) 100vw, 150px\" \/><\/figure>\n\n\n\n<figure class=\"wp-block-audio\"><audio controls src=\"https:\/\/www.prumkadc.cz\/wp-content\/uploads\/2022\/10\/06-Knihy-podprahove-Kytice.mp3\"><\/audio><figcaption>06 Knihy podprahov\u011b &#8211; Kytice<\/figcaption><\/figure>\n\n\n\n<hr class=\"wp-block-separator has-alpha-channel-opacity\"\/>\n\n\n\n<figure class=\"wp-block-image size-full is-resized\"><img loading=\"lazy\" decoding=\"async\" src=\"https:\/\/www.prumkadc.cz\/wp-content\/uploads\/2022\/10\/07-Krysar.png\" alt=\"\" class=\"wp-image-2451\" width=\"150\" height=\"150\" srcset=\"https:\/\/www.prumkadc.cz\/wp-content\/uploads\/2022\/10\/07-Krysar.png 640w, https:\/\/www.prumkadc.cz\/wp-content\/uploads\/2022\/10\/07-Krysar-300x300.png 300w, https:\/\/www.prumkadc.cz\/wp-content\/uploads\/2022\/10\/07-Krysar-100x100.png 100w, https:\/\/www.prumkadc.cz\/wp-content\/uploads\/2022\/10\/07-Krysar-600x600.png 600w, https:\/\/www.prumkadc.cz\/wp-content\/uploads\/2022\/10\/07-Krysar-150x150.png 150w\" sizes=\"(max-width: 150px) 100vw, 150px\" \/><\/figure>\n\n\n\n<figure class=\"wp-block-audio\"><audio controls src=\"https:\/\/www.prumkadc.cz\/wp-content\/uploads\/2022\/10\/07-Knihy-podprahove-Krysar-1.mp3\"><\/audio><figcaption>07 Knihy podprahov\u011b &#8211; Krysa\u0159<\/figcaption><\/figure>\n\n\n\n<hr class=\"wp-block-separator has-alpha-channel-opacity\"\/>\n\n\n\n<figure class=\"wp-block-image size-full is-resized\"><img loading=\"lazy\" decoding=\"async\" src=\"https:\/\/www.prumkadc.cz\/wp-content\/uploads\/2022\/10\/08-Maly-princ.png\" alt=\"\" class=\"wp-image-2452\" width=\"150\" height=\"150\" srcset=\"https:\/\/www.prumkadc.cz\/wp-content\/uploads\/2022\/10\/08-Maly-princ.png 640w, https:\/\/www.prumkadc.cz\/wp-content\/uploads\/2022\/10\/08-Maly-princ-300x300.png 300w, https:\/\/www.prumkadc.cz\/wp-content\/uploads\/2022\/10\/08-Maly-princ-100x100.png 100w, https:\/\/www.prumkadc.cz\/wp-content\/uploads\/2022\/10\/08-Maly-princ-600x600.png 600w, https:\/\/www.prumkadc.cz\/wp-content\/uploads\/2022\/10\/08-Maly-princ-150x150.png 150w\" sizes=\"(max-width: 150px) 100vw, 150px\" \/><\/figure>\n\n\n\n<figure class=\"wp-block-audio\"><audio controls src=\"https:\/\/www.prumkadc.cz\/wp-content\/uploads\/2022\/10\/08-Knihy-podprahove-Maly-princ.mp3\"><\/audio><figcaption>08 Knihy podprahov\u011b &#8211; Mal\u00fd princ<\/figcaption><\/figure>\n\n\n\n<hr class=\"wp-block-separator has-alpha-channel-opacity\"\/>\n\n\n\n<figure class=\"wp-block-image size-full is-resized\"><img loading=\"lazy\" decoding=\"async\" src=\"https:\/\/www.prumkadc.cz\/wp-content\/uploads\/2022\/10\/09-Pygmalion.png\" alt=\"\" class=\"wp-image-2453\" width=\"150\" height=\"150\" srcset=\"https:\/\/www.prumkadc.cz\/wp-content\/uploads\/2022\/10\/09-Pygmalion.png 640w, https:\/\/www.prumkadc.cz\/wp-content\/uploads\/2022\/10\/09-Pygmalion-300x300.png 300w, https:\/\/www.prumkadc.cz\/wp-content\/uploads\/2022\/10\/09-Pygmalion-100x100.png 100w, https:\/\/www.prumkadc.cz\/wp-content\/uploads\/2022\/10\/09-Pygmalion-600x600.png 600w, https:\/\/www.prumkadc.cz\/wp-content\/uploads\/2022\/10\/09-Pygmalion-150x150.png 150w\" sizes=\"(max-width: 150px) 100vw, 150px\" \/><\/figure>\n\n\n\n<figure class=\"wp-block-audio\"><audio controls src=\"https:\/\/www.prumkadc.cz\/wp-content\/uploads\/2022\/10\/09-Knihy-podprahove-Pygmalion.mp3\"><\/audio><figcaption>09 Knihy podprahov\u011b &#8211; Pygmalion<\/figcaption><\/figure>\n\n\n\n<hr class=\"wp-block-separator has-alpha-channel-opacity\"\/>\n\n\n\n<figure class=\"wp-block-image size-full is-resized\"><img loading=\"lazy\" decoding=\"async\" src=\"https:\/\/www.prumkadc.cz\/wp-content\/uploads\/2022\/10\/10-Revizor.png\" alt=\"\" class=\"wp-image-2454\" width=\"150\" height=\"150\" srcset=\"https:\/\/www.prumkadc.cz\/wp-content\/uploads\/2022\/10\/10-Revizor.png 600w, https:\/\/www.prumkadc.cz\/wp-content\/uploads\/2022\/10\/10-Revizor-300x300.png 300w, https:\/\/www.prumkadc.cz\/wp-content\/uploads\/2022\/10\/10-Revizor-100x100.png 100w, https:\/\/www.prumkadc.cz\/wp-content\/uploads\/2022\/10\/10-Revizor-150x150.png 150w\" sizes=\"(max-width: 150px) 100vw, 150px\" \/><\/figure>\n\n\n\n<figure class=\"wp-block-audio\"><audio controls src=\"https:\/\/www.prumkadc.cz\/wp-content\/uploads\/2022\/10\/10-Knihy-podprahove-Revizor.mp3\"><\/audio><figcaption>10 Knihy podprahov\u011b &#8211; Revizor<\/figcaption><\/figure>\n\n\n\n<hr class=\"wp-block-separator has-alpha-channel-opacity\"\/>\n\n\n\n<figure class=\"wp-block-image size-full is-resized\"><img loading=\"lazy\" decoding=\"async\" src=\"https:\/\/www.prumkadc.cz\/wp-content\/uploads\/2022\/10\/11-Romeo-a-Julie.png\" alt=\"\" class=\"wp-image-2455\" width=\"150\" height=\"150\" srcset=\"https:\/\/www.prumkadc.cz\/wp-content\/uploads\/2022\/10\/11-Romeo-a-Julie.png 640w, https:\/\/www.prumkadc.cz\/wp-content\/uploads\/2022\/10\/11-Romeo-a-Julie-300x300.png 300w, https:\/\/www.prumkadc.cz\/wp-content\/uploads\/2022\/10\/11-Romeo-a-Julie-100x100.png 100w, https:\/\/www.prumkadc.cz\/wp-content\/uploads\/2022\/10\/11-Romeo-a-Julie-600x600.png 600w, https:\/\/www.prumkadc.cz\/wp-content\/uploads\/2022\/10\/11-Romeo-a-Julie-150x150.png 150w\" sizes=\"(max-width: 150px) 100vw, 150px\" \/><\/figure>\n\n\n\n<figure class=\"wp-block-audio\"><audio controls src=\"https:\/\/www.prumkadc.cz\/wp-content\/uploads\/2022\/10\/11-Knihy-podprahove-Romeo-a-Julie.mp3\"><\/audio><figcaption>11 Knihy podprahov\u011b &#8211; Romeo a Julie<\/figcaption><\/figure>\n\n\n\n<hr class=\"wp-block-separator has-alpha-channel-opacity\"\/>\n\n\n\n<figure class=\"wp-block-image size-full is-resized\"><img loading=\"lazy\" decoding=\"async\" src=\"https:\/\/www.prumkadc.cz\/wp-content\/uploads\/2022\/10\/12-Marysa.png\" alt=\"\" class=\"wp-image-2456\" width=\"150\" height=\"150\" srcset=\"https:\/\/www.prumkadc.cz\/wp-content\/uploads\/2022\/10\/12-Marysa.png 600w, https:\/\/www.prumkadc.cz\/wp-content\/uploads\/2022\/10\/12-Marysa-300x300.png 300w, https:\/\/www.prumkadc.cz\/wp-content\/uploads\/2022\/10\/12-Marysa-100x100.png 100w, https:\/\/www.prumkadc.cz\/wp-content\/uploads\/2022\/10\/12-Marysa-150x150.png 150w\" sizes=\"(max-width: 150px) 100vw, 150px\" \/><\/figure>\n\n\n\n<figure class=\"wp-block-audio\"><audio controls src=\"https:\/\/www.prumkadc.cz\/wp-content\/uploads\/2022\/10\/12-Knihy-podprahove-Marysa-1.mp3\"><\/audio><figcaption>12 Knihy podprahov\u011b &#8211; Mary\u0161a<\/figcaption><\/figure>\n\n\n\n<hr class=\"wp-block-separator has-alpha-channel-opacity\"\/>\n\n\n\n<figure class=\"wp-block-image size-full is-resized\"><img loading=\"lazy\" decoding=\"async\" src=\"https:\/\/www.prumkadc.cz\/wp-content\/uploads\/2022\/10\/13-O-mysich-a-lidech.png\" alt=\"\" class=\"wp-image-2457\" width=\"150\" height=\"150\" srcset=\"https:\/\/www.prumkadc.cz\/wp-content\/uploads\/2022\/10\/13-O-mysich-a-lidech.png 600w, https:\/\/www.prumkadc.cz\/wp-content\/uploads\/2022\/10\/13-O-mysich-a-lidech-300x300.png 300w, https:\/\/www.prumkadc.cz\/wp-content\/uploads\/2022\/10\/13-O-mysich-a-lidech-100x100.png 100w, https:\/\/www.prumkadc.cz\/wp-content\/uploads\/2022\/10\/13-O-mysich-a-lidech-150x150.png 150w\" sizes=\"(max-width: 150px) 100vw, 150px\" \/><\/figure>\n\n\n\n<figure class=\"wp-block-audio\"><audio controls src=\"https:\/\/www.prumkadc.cz\/wp-content\/uploads\/2022\/10\/13-Knihy-podprahove-O-mysich-a-lidech.mp3\"><\/audio><figcaption>13 Knihy podprahov\u011b &#8211; O my\u0161\u00edch a lidech<\/figcaption><\/figure>\n\n\n\n<hr class=\"wp-block-separator has-alpha-channel-opacity\"\/>\n\n\n\n<figure class=\"wp-block-image size-full is-resized\"><img loading=\"lazy\" decoding=\"async\" src=\"https:\/\/www.prumkadc.cz\/wp-content\/uploads\/2022\/10\/14-Otec-Goriot.png\" alt=\"\" class=\"wp-image-2458\" width=\"150\" height=\"150\" srcset=\"https:\/\/www.prumkadc.cz\/wp-content\/uploads\/2022\/10\/14-Otec-Goriot.png 600w, https:\/\/www.prumkadc.cz\/wp-content\/uploads\/2022\/10\/14-Otec-Goriot-300x300.png 300w, https:\/\/www.prumkadc.cz\/wp-content\/uploads\/2022\/10\/14-Otec-Goriot-100x100.png 100w, https:\/\/www.prumkadc.cz\/wp-content\/uploads\/2022\/10\/14-Otec-Goriot-150x150.png 150w\" sizes=\"(max-width: 150px) 100vw, 150px\" \/><\/figure>\n\n\n\n<figure class=\"wp-block-audio\"><audio controls src=\"https:\/\/www.prumkadc.cz\/wp-content\/uploads\/2022\/10\/14-Knihy-podprahove-Otec-Goriot.mp3\"><\/audio><figcaption>14 Knihy podprahov\u011b &#8211; Otec Goriot<\/figcaption><\/figure>\n\n\n\n<hr class=\"wp-block-separator has-alpha-channel-opacity\"\/>\n\n\n\n<figure class=\"wp-block-image size-full is-resized\"><img loading=\"lazy\" decoding=\"async\" src=\"https:\/\/www.prumkadc.cz\/wp-content\/uploads\/2022\/10\/15-Modlitba-pro-Katerinu-H..png\" alt=\"\" class=\"wp-image-2459\" width=\"150\" height=\"150\" srcset=\"https:\/\/www.prumkadc.cz\/wp-content\/uploads\/2022\/10\/15-Modlitba-pro-Katerinu-H..png 600w, https:\/\/www.prumkadc.cz\/wp-content\/uploads\/2022\/10\/15-Modlitba-pro-Katerinu-H.-300x300.png 300w, https:\/\/www.prumkadc.cz\/wp-content\/uploads\/2022\/10\/15-Modlitba-pro-Katerinu-H.-100x100.png 100w, https:\/\/www.prumkadc.cz\/wp-content\/uploads\/2022\/10\/15-Modlitba-pro-Katerinu-H.-150x150.png 150w\" sizes=\"(max-width: 150px) 100vw, 150px\" \/><\/figure>\n\n\n\n<figure class=\"wp-block-audio\"><audio controls src=\"https:\/\/www.prumkadc.cz\/wp-content\/uploads\/2022\/10\/15-Knihy-podprahove-Motlidba-pro-Katerinu-Horovitzovou.mp3\"><\/audio><figcaption>15 Knihy podprahov\u011b &#8211; Modlitba pro Kate\u0159inu Horovitzovou<\/figcaption><\/figure>\n\n\n\n<hr class=\"wp-block-separator has-alpha-channel-opacity\"\/>\n\n\n\n<figure class=\"wp-block-image size-full is-resized\"><img loading=\"lazy\" decoding=\"async\" src=\"https:\/\/www.prumkadc.cz\/wp-content\/uploads\/2022\/10\/19-Nebe-pod-Berlinem.png\" alt=\"\" class=\"wp-image-2461\" width=\"150\" height=\"150\" srcset=\"https:\/\/www.prumkadc.cz\/wp-content\/uploads\/2022\/10\/19-Nebe-pod-Berlinem.png 600w, https:\/\/www.prumkadc.cz\/wp-content\/uploads\/2022\/10\/19-Nebe-pod-Berlinem-300x300.png 300w, https:\/\/www.prumkadc.cz\/wp-content\/uploads\/2022\/10\/19-Nebe-pod-Berlinem-100x100.png 100w, https:\/\/www.prumkadc.cz\/wp-content\/uploads\/2022\/10\/19-Nebe-pod-Berlinem-150x150.png 150w\" sizes=\"(max-width: 150px) 100vw, 150px\" \/><\/figure>\n\n\n\n<figure class=\"wp-block-audio\"><audio controls src=\"https:\/\/www.prumkadc.cz\/wp-content\/uploads\/2022\/10\/16-Knihy-podprahove-Nebe-pod-Berlinem.mp3\"><\/audio><figcaption>16 Knihy podprahov\u011b &#8211; Nebe pod Berl\u00ednem<\/figcaption><\/figure>\n\n\n\n<hr class=\"wp-block-separator has-alpha-channel-opacity\"\/>\n\n\n\n<figure class=\"wp-block-image size-full is-resized\"><img loading=\"lazy\" decoding=\"async\" src=\"https:\/\/www.prumkadc.cz\/wp-content\/uploads\/2022\/10\/16-Smrt-krasnych-srncu.png\" alt=\"\" class=\"wp-image-2460\" width=\"150\" height=\"150\" srcset=\"https:\/\/www.prumkadc.cz\/wp-content\/uploads\/2022\/10\/16-Smrt-krasnych-srncu.png 600w, https:\/\/www.prumkadc.cz\/wp-content\/uploads\/2022\/10\/16-Smrt-krasnych-srncu-300x300.png 300w, https:\/\/www.prumkadc.cz\/wp-content\/uploads\/2022\/10\/16-Smrt-krasnych-srncu-100x100.png 100w, https:\/\/www.prumkadc.cz\/wp-content\/uploads\/2022\/10\/16-Smrt-krasnych-srncu-150x150.png 150w\" sizes=\"(max-width: 150px) 100vw, 150px\" \/><\/figure>\n\n\n\n<figure class=\"wp-block-audio\"><audio controls src=\"https:\/\/www.prumkadc.cz\/wp-content\/uploads\/2022\/10\/16-Knihy-podprahove-Smrt-krasnych-srncu.mp3\"><\/audio><figcaption>16 Knihy podprahov\u011b &#8211; Smrt kr\u00e1sn\u00fdch srnc\u016f<\/figcaption><\/figure>\n\n\n\n<hr class=\"wp-block-separator has-alpha-channel-opacity\"\/>\n\n\n\n<figure class=\"wp-block-image size-full is-resized\"><img loading=\"lazy\" decoding=\"async\" src=\"https:\/\/www.prumkadc.cz\/wp-content\/uploads\/2022\/10\/17-Sophiina-volba.png\" alt=\"\" class=\"wp-image-2462\" width=\"150\" height=\"150\" srcset=\"https:\/\/www.prumkadc.cz\/wp-content\/uploads\/2022\/10\/17-Sophiina-volba.png 640w, https:\/\/www.prumkadc.cz\/wp-content\/uploads\/2022\/10\/17-Sophiina-volba-300x300.png 300w, https:\/\/www.prumkadc.cz\/wp-content\/uploads\/2022\/10\/17-Sophiina-volba-100x100.png 100w, https:\/\/www.prumkadc.cz\/wp-content\/uploads\/2022\/10\/17-Sophiina-volba-600x600.png 600w, https:\/\/www.prumkadc.cz\/wp-content\/uploads\/2022\/10\/17-Sophiina-volba-150x150.png 150w\" sizes=\"(max-width: 150px) 100vw, 150px\" \/><\/figure>\n\n\n\n<figure class=\"wp-block-audio\"><audio controls src=\"https:\/\/www.prumkadc.cz\/wp-content\/uploads\/2022\/10\/17-Knihy-podprahove-Sofiina-volba.mp3\"><\/audio><figcaption>17 Knihy podprahov\u011b &#8211; Sofiina volba<\/figcaption><\/figure>\n\n\n\n<hr class=\"wp-block-separator has-alpha-channel-opacity\"\/>\n\n\n\n<figure class=\"wp-block-image size-full is-resized\"><img loading=\"lazy\" decoding=\"async\" src=\"https:\/\/www.prumkadc.cz\/wp-content\/uploads\/2022\/10\/18-Ostre-sledovane-vlaky.png\" alt=\"\" class=\"wp-image-2463\" width=\"150\" height=\"150\" srcset=\"https:\/\/www.prumkadc.cz\/wp-content\/uploads\/2022\/10\/18-Ostre-sledovane-vlaky.png 600w, https:\/\/www.prumkadc.cz\/wp-content\/uploads\/2022\/10\/18-Ostre-sledovane-vlaky-300x300.png 300w, https:\/\/www.prumkadc.cz\/wp-content\/uploads\/2022\/10\/18-Ostre-sledovane-vlaky-100x100.png 100w, https:\/\/www.prumkadc.cz\/wp-content\/uploads\/2022\/10\/18-Ostre-sledovane-vlaky-150x150.png 150w\" sizes=\"(max-width: 150px) 100vw, 150px\" \/><\/figure>\n\n\n\n<figure class=\"wp-block-audio\"><audio controls src=\"https:\/\/www.prumkadc.cz\/wp-content\/uploads\/2022\/10\/18-Knihy-podprahove-Ostre-sledovane-vlaky.mp3\"><\/audio><figcaption>18 Knihy podprahov\u011b &#8211; Ost\u0159e sledovan\u00e9 vlaky<\/figcaption><\/figure>\n","protected":false},"excerpt":{"rendered":"","protected":false},"author":2,"featured_media":2392,"parent":0,"menu_order":0,"comment_status":"closed","ping_status":"closed","template":"","meta":{"_acf_changed":false,"footnotes":""},"class_list":["post-2371","page","type-page","status-publish","has-post-thumbnail","hentry"],"acf":[],"_links":{"self":[{"href":"https:\/\/www.prumkadc.cz\/index.php\/wp-json\/wp\/v2\/pages\/2371","targetHints":{"allow":["GET"]}}],"collection":[{"href":"https:\/\/www.prumkadc.cz\/index.php\/wp-json\/wp\/v2\/pages"}],"about":[{"href":"https:\/\/www.prumkadc.cz\/index.php\/wp-json\/wp\/v2\/types\/page"}],"author":[{"embeddable":true,"href":"https:\/\/www.prumkadc.cz\/index.php\/wp-json\/wp\/v2\/users\/2"}],"replies":[{"embeddable":true,"href":"https:\/\/www.prumkadc.cz\/index.php\/wp-json\/wp\/v2\/comments?post=2371"}],"version-history":[{"count":6,"href":"https:\/\/www.prumkadc.cz\/index.php\/wp-json\/wp\/v2\/pages\/2371\/revisions"}],"predecessor-version":[{"id":2464,"href":"https:\/\/www.prumkadc.cz\/index.php\/wp-json\/wp\/v2\/pages\/2371\/revisions\/2464"}],"wp:featuredmedia":[{"embeddable":true,"href":"https:\/\/www.prumkadc.cz\/index.php\/wp-json\/wp\/v2\/media\/2392"}],"wp:attachment":[{"href":"https:\/\/www.prumkadc.cz\/index.php\/wp-json\/wp\/v2\/media?parent=2371"}],"curies":[{"name":"wp","href":"https:\/\/api.w.org\/{rel}","templated":true}]}}