{"id":2708,"date":"2022-12-16T10:55:52","date_gmt":"2022-12-16T10:55:52","guid":{"rendered":"https:\/\/www.prumkadc.cz\/?page_id=2708"},"modified":"2022-12-16T11:30:03","modified_gmt":"2022-12-16T11:30:03","slug":"volnocasove-aktivity","status":"publish","type":"page","link":"https:\/\/www.prumkadc.cz\/index.php\/nabizime\/volnocasove-aktivity\/","title":{"rendered":"Volno\u010dasov\u00e9 aktivity"},"content":{"rendered":"\n<p><strong>V r\u00e1mci projektu Technick\u00e9 kluby realizujeme tyto krou\u017eky:<\/strong><\/p>\n\n\n\n<p><strong>Poj\u010fme si hr\u00e1t<\/strong><\/p>\n\n\n\n<p>Krou\u017eek je ur\u010den pro d\u011bti mate\u0159sk\u00fdch \u0161kol. Prob\u00edh\u00e1 jednou t\u00fddn\u011b ve spolupr\u00e1ci s&nbsp;partnerskou \u0161kolou \u0160kola Sv\u011bt, a to v&nbsp;prostor\u00e1ch Mate\u0159sk\u00e9 \u0161kolky Sv\u011bt v&nbsp;ulici Na Str\u00e1ni a v&nbsp;ulici Dobrovsk\u00e9ho.<\/p>\n\n\n\n<p><strong>Kreativita ve 3D<\/strong><\/p>\n\n\n\n<p>Krou\u017eek je ur\u010den pro \u017e\u00e1ky st\u0159edn\u00edch a z\u00e1kladn\u00edch \u0161kol (2.&nbsp;stupe\u0148). Krou\u017eek prob\u00edh\u00e1 v&nbsp;prostor\u00e1ch na\u0161\u00ed \u0161koly na st\u0159edisku Slovansk\u00e1 a je zam\u011b\u0159en na pr\u00e1ci s&nbsp;3D tisk\u00e1rnou, na tvorbu jednoduch\u00fdch v\u00fdrobk\u016f.<\/p>\n\n\n\n<p><strong>Kreativn\u00ed tvorba<\/strong><\/p>\n\n\n\n<p>Krou\u017eek je ur\u010den pro \u017e\u00e1ky st\u0159edn\u00edch a z\u00e1kladn\u00edch \u0161kol (2.&nbsp;stupe\u0148). Krou\u017eek prob\u00edh\u00e1 v&nbsp;prostor\u00e1ch na\u0161\u00ed \u0161koly na st\u0159edisku \u010csl. arm\u00e1dy a je zam\u011b\u0159en na pr\u00e1ci se d\u0159evem a netradi\u010dn\u00edmi materi\u00e1ly.<\/p>\n\n\n\n<figure class=\"wp-block-image size-large\"><img decoding=\"async\" src=\"https:\/\/www.prumkadc.cz\/wp-content\/uploads\/2022\/12\/20221019_161137-1024x462.jpg\" alt=\"\" class=\"wp-image-2715\"\/><\/figure>\n\n\n\n<p><strong>V r\u00e1mci projektu Technick\u00e9 kluby d\u00e1le realizujeme Otev\u0159en\u00e9 d\u00edlny<\/strong>. Otev\u0159en\u00e9 d\u00edlny prob\u00edhaj\u00ed dvakr\u00e1t za m\u011bs\u00edc a v&nbsp;r\u00e1mci t\u00e9to aktivity nab\u00edz\u00edme ve\u0159ejnosti \u010dinnosti v&nbsp;oblasti zpracov\u00e1n\u00ed d\u0159eva, netradi\u010dn\u00edch materi\u00e1l\u016f nebo pr\u00e1ci s&nbsp;3D tisk\u00e1rnou. Otev\u0159en\u00e9 d\u00edlny jsou zam\u011b\u0159eny p\u0159edev\u0161\u00edm na skupinu z\u00e1k\u016f z\u00e1kladn\u00edch a st\u0159edn\u00edch \u0161kol.<\/p>\n\n\n\n<figure class=\"wp-block-image size-large\"><img decoding=\"async\" src=\"https:\/\/www.prumkadc.cz\/wp-content\/uploads\/2022\/12\/IMG_20221024_160920_1-1024x766.jpg\" alt=\"\" class=\"wp-image-2713\"\/><\/figure>\n","protected":false},"excerpt":{"rendered":"<p>V r\u00e1mci projektu Technick\u00e9 kluby realizujeme tyto krou\u017eky: Poj\u010fme si hr\u00e1t Krou\u017eek je ur\u010den pro d\u011bti mate\u0159sk\u00fdch \u0161kol. Prob\u00edh\u00e1 jednou t\u00fddn\u011b ve spolupr\u00e1ci s&nbsp;partnerskou \u0161kolou \u0160kola Sv\u011bt, a to v&nbsp;prostor\u00e1ch Mate\u0159sk\u00e9 \u0161kolky Sv\u011bt v&nbsp;ulici Na Str\u00e1ni a v&nbsp;ulici Dobrovsk\u00e9ho. Kreativita ve 3D Krou\u017eek je ur\u010den pro \u017e\u00e1ky st\u0159edn\u00edch a z\u00e1kladn\u00edch \u0161kol (2.&nbsp;stupe\u0148). Krou\u017eek prob\u00edh\u00e1 v&nbsp;prostor\u00e1ch [&hellip;]<\/p>\n","protected":false},"author":5,"featured_media":0,"parent":53,"menu_order":6,"comment_status":"closed","ping_status":"closed","template":"","meta":{"_acf_changed":false,"footnotes":""},"class_list":["post-2708","page","type-page","status-publish","hentry"],"acf":[],"_links":{"self":[{"href":"https:\/\/www.prumkadc.cz\/index.php\/wp-json\/wp\/v2\/pages\/2708","targetHints":{"allow":["GET"]}}],"collection":[{"href":"https:\/\/www.prumkadc.cz\/index.php\/wp-json\/wp\/v2\/pages"}],"about":[{"href":"https:\/\/www.prumkadc.cz\/index.php\/wp-json\/wp\/v2\/types\/page"}],"author":[{"embeddable":true,"href":"https:\/\/www.prumkadc.cz\/index.php\/wp-json\/wp\/v2\/users\/5"}],"replies":[{"embeddable":true,"href":"https:\/\/www.prumkadc.cz\/index.php\/wp-json\/wp\/v2\/comments?post=2708"}],"version-history":[{"count":0,"href":"https:\/\/www.prumkadc.cz\/index.php\/wp-json\/wp\/v2\/pages\/2708\/revisions"}],"up":[{"embeddable":true,"href":"https:\/\/www.prumkadc.cz\/index.php\/wp-json\/wp\/v2\/pages\/53"}],"wp:attachment":[{"href":"https:\/\/www.prumkadc.cz\/index.php\/wp-json\/wp\/v2\/media?parent=2708"}],"curies":[{"name":"wp","href":"https:\/\/api.w.org\/{rel}","templated":true}]}}