{"id":315,"date":"2021-06-28T10:24:56","date_gmt":"2021-06-28T10:24:56","guid":{"rendered":"https:\/\/www.prumkadc.cz\/?page_id=315"},"modified":"2024-05-02T11:29:54","modified_gmt":"2024-05-02T11:29:54","slug":"help-desk","status":"publish","type":"page","link":"https:\/\/www.prumkadc.cz\/index.php\/help-desk\/","title":{"rendered":"Help desk"},"content":{"rendered":"\n<p class=\"has-vivid-red-color has-text-color has-medium-font-size\"><strong>Bakal\u00e1\u0159i<\/strong><\/p>\n\n\n\n<p><strong>P\u0159\u00edstupov\u00e9 \u00fadaje<\/strong><\/p>\n\n\n\n<p>\u017d\u00e1k nebo student obdr\u017e\u00ed  p\u0159\u00edstupov\u00e9 \u00fadaje (u\u017eivatelsk\u00e9 jm\u00e9no a heslo) p\u0159i n\u00e1stupu do \u0161koly od t\u0159\u00eddn\u00edho u\u010ditele.<br>Rodi\u010d obdr\u017e\u00ed  p\u0159\u00edstupov\u00e9 \u00fadaje (u\u017eivatelsk\u00e9 jm\u00e9no a heslo) na t\u0159\u00eddn\u00edch sch\u016fzk\u00e1ch.<\/p>\n\n\n\n<p><strong>Co d\u011blat, kdy\u017e zapomenu nebo ztrat\u00edm heslo do bakal\u00e1\u0159\u016f?<\/strong><\/p>\n\n\n\n<p><mark style=\"background-color:rgba(0, 0, 0, 0)\" class=\"has-inline-color has-black-color\"><strong>Je zprovozn\u011bn syst\u00e9m &#8222;zapomenut\u00e9 heslo&#8220;<\/strong>.<\/mark> Ka\u017ed\u00fd, kdo m\u00e1 p\u0159id\u011bleno u\u017eivatelsk\u00e9 jm\u00e9no a v&nbsp;dotazn\u00edku \u017e\u00e1ka uvedl kontaktn\u00ed e-mail, si m\u016f\u017ee heslo zm\u011bnit s\u00e1m. Prost\u0159ednictv\u00edm tohoto e-mailu je V\u00e1m po zad\u00e1n\u00ed tohoto e-mailu do kontaktn\u00ed tabulky &#8222;zapomenut\u00e9 heslo&#8220; odesl\u00e1n na tento e-mail odkaz, na kter\u00e9m si zad\u00e1te nov\u00e9 heslo. To prob\u011bhne pouze tehdy, pokud zad\u00e1te spr\u00e1vn\u00fd e-mail, zkontrolujte si tedy pros\u00edm v\u017edy na za\u010d\u00e1tku \u0161koln\u00edho roku, \u017ee m\u00e1te zad\u00e1n spr\u00e1vn\u00fd e-mail.<\/p>\n\n\n\n<p>Pokud se toto nepovede, dal\u0161\u00ed mo\u017enost je vy\u017e\u00e1dat si restart hesla na sekretari\u00e1tu \u0161koly.<\/p>\n\n\n\n<p><strong>\u017d\u00e1k nebo student<\/strong> si mohou nov\u00e9 heslo vy\u017e\u00e1dat na sekretari\u00e1tu \u010csl. arm\u00e1dy, a to osobn\u011b &#8211; bude jim p\u0159egenerov\u00e1no a vyti\u0161t\u011bno, nebo \u0161koln\u00edm e-mailem zaslan\u00fdm na <strong>info@prumkadc.cz<\/strong> &#8211; bude jim odesl\u00e1no na \u0161koln\u00ed e-mail.<br><strong>Rodi\u010d<\/strong> si m\u016f\u017ee nov\u00e9 heslo vy\u017e\u00e1dat e-mailem, zaslan\u00fdm na <strong>info@prumkadc.cz<\/strong>. \u017d\u00e1dost mus\u00ed b\u00fdt odesl\u00e1na z&nbsp;e-mailu, kter\u00fd rodi\u010d udal jako kontaktn\u00ed v&nbsp;dotazn\u00edku, kter\u00fd se vypl\u0148uje ka\u017ed\u00e9 z\u00e1\u0159\u00edpro dan\u00fd \u0161koln\u00ed rok. Nov\u00e9 heslo bude zasl\u00e1no v\u00fdhradn\u011b na tento e-mail, a to z&nbsp;d\u016fvod\u016f ochrany osobn\u00edch \u00fadaj\u016f. <br>Pokud rodi\u010d v&nbsp;pr\u016fb\u011bhu roku e-mail zm\u011bn\u00ed nebo m\u00e1 jin\u00fd probl\u00e9m s&nbsp;p\u0159ihl\u00e1\u0161en\u00edm, je nutno kontaktovat studijn\u00ed odd\u011blen\u00ed, kde v\u00e1m porad\u00edme, jak tuto situaci vy\u0159e\u0161it. (tel.: 412&nbsp;516&nbsp;136, Reimerov\u00e1)<\/p>\n\n\n\n<p class=\"has-vivid-red-color has-text-color has-medium-font-size\">Office 365<\/p>\n\n\n\n<p><strong>P\u0159\u00edstupov\u00e9 \u00fadaje<\/strong><\/p>\n\n\n\n<p>\u017d\u00e1k nebo student obdr\u017e\u00ed  p\u0159\u00edstupov\u00e9 \u00fadaje (u\u017eivatelsk\u00e9 jm\u00e9no a heslo) od sv\u00e9ho u\u010ditele IKT a to p\u0159i prvn\u00ed vyu\u010dovac\u00ed hodin\u011b. <\/p>\n\n\n\n<p><strong>Co d\u011blat, kdy\u017e zapomenu nebo ztrat\u00edm heslo do bakal\u00e1\u0159\u016f?<\/strong><\/p>\n\n\n\n<p>Studenti provedou na prvn\u00ed hodin\u011b IKT aktivaci jejich studentsk\u00fdch \u00fa\u010dt\u016f office 365 a n\u00e1sledn\u00e9 zad\u00e1n\u00ed jejich sekund\u00e1rn\u00ed emailov\u00e9 adresy a zad\u00e1n\u00ed jejich telefonn\u00edho \u010d\u00edsla, pomoc\u00ed kter\u00e9ho je mo\u017en\u00e9 resetovat jejich p\u0159\u00edstupov\u00e1 hesla.<\/p>\n","protected":false},"excerpt":{"rendered":"<p>Bakal\u00e1\u0159i P\u0159\u00edstupov\u00e9 \u00fadaje \u017d\u00e1k nebo student obdr\u017e\u00ed p\u0159\u00edstupov\u00e9 \u00fadaje (u\u017eivatelsk\u00e9 jm\u00e9no a heslo) p\u0159i n\u00e1stupu do \u0161koly od t\u0159\u00eddn\u00edho u\u010ditele.Rodi\u010d obdr\u017e\u00ed p\u0159\u00edstupov\u00e9 \u00fadaje (u\u017eivatelsk\u00e9 jm\u00e9no a heslo) na t\u0159\u00eddn\u00edch sch\u016fzk\u00e1ch. Co d\u011blat, kdy\u017e zapomenu nebo ztrat\u00edm heslo do bakal\u00e1\u0159\u016f? Je zprovozn\u011bn syst\u00e9m &#8222;zapomenut\u00e9 heslo&#8220;. Ka\u017ed\u00fd, kdo m\u00e1 p\u0159id\u011bleno u\u017eivatelsk\u00e9 jm\u00e9no a v&nbsp;dotazn\u00edku \u017e\u00e1ka uvedl kontaktn\u00ed [&hellip;]<\/p>\n","protected":false},"author":5,"featured_media":0,"parent":0,"menu_order":0,"comment_status":"closed","ping_status":"closed","template":"","meta":{"_acf_changed":false,"footnotes":""},"class_list":["post-315","page","type-page","status-publish","hentry"],"acf":[],"_links":{"self":[{"href":"https:\/\/www.prumkadc.cz\/index.php\/wp-json\/wp\/v2\/pages\/315","targetHints":{"allow":["GET"]}}],"collection":[{"href":"https:\/\/www.prumkadc.cz\/index.php\/wp-json\/wp\/v2\/pages"}],"about":[{"href":"https:\/\/www.prumkadc.cz\/index.php\/wp-json\/wp\/v2\/types\/page"}],"author":[{"embeddable":true,"href":"https:\/\/www.prumkadc.cz\/index.php\/wp-json\/wp\/v2\/users\/5"}],"replies":[{"embeddable":true,"href":"https:\/\/www.prumkadc.cz\/index.php\/wp-json\/wp\/v2\/comments?post=315"}],"version-history":[{"count":3,"href":"https:\/\/www.prumkadc.cz\/index.php\/wp-json\/wp\/v2\/pages\/315\/revisions"}],"predecessor-version":[{"id":2189,"href":"https:\/\/www.prumkadc.cz\/index.php\/wp-json\/wp\/v2\/pages\/315\/revisions\/2189"}],"wp:attachment":[{"href":"https:\/\/www.prumkadc.cz\/index.php\/wp-json\/wp\/v2\/media?parent=315"}],"curies":[{"name":"wp","href":"https:\/\/api.w.org\/{rel}","templated":true}]}}