{"id":43,"date":"2021-04-20T14:25:33","date_gmt":"2021-04-20T14:25:33","guid":{"rendered":"https:\/\/www.prumkadc.cz\/?page_id=43"},"modified":"2021-09-24T11:35:27","modified_gmt":"2021-09-24T11:35:27","slug":"o-skole","status":"publish","type":"page","link":"https:\/\/www.prumkadc.cz\/index.php\/o-skole\/","title":{"rendered":"O \u0161kole"},"content":{"rendered":"\n<p><br><strong>Vy\u0161\u0161\u00ed odborn\u00e1 \u0161kola a St\u0159edn\u00ed pr\u016fmyslov\u00e1 \u0161kola strojn\u00ed, stavebn\u00ed a dopravn\u00ed, D\u011b\u010d\u00edn, p\u0159\u00edsp\u011bvkov\u00e1 organizace<\/strong><br><br>\u0160kola nab\u00edz\u00ed technick\u00e9 vzd\u011bl\u00e1v\u00e1n\u00ed ve st\u0159edn\u00ed odborn\u00e9 \u0161kole a vy\u0161\u0161\u00ed odborn\u00e9 \u0161kole.<\/p>\n\n\n\n<p>V\u00fduka prob\u00edh\u00e1 ve dvou budov\u00e1ch, a to ve st\u0159edisku VO\u0160 a SP\u0160 stavebn\u00ed a dopravn\u00ed na adrese \u010csl. arm\u00e1dy 681\/10 , D\u011b\u010d\u00edn I, a st\u0159edisku SP\u0160 strojn\u00ed a elektro na adrese Slovansk\u00e1 1000\/55, D\u011b\u010d\u00edn VI .<\/p>\n\n\n\n<p>Ob\u011b budovy \u0161kol umo\u017e\u0148uj\u00ed student\u016fm v\u00fduku v&nbsp;modern\u00edch laborato\u0159\u00edch a odborn\u00fdch u\u010debn\u00e1ch. Studenti maj\u00ed mo\u017enost pracovat na po\u010d\u00edta\u010d\u00edch, k&nbsp;dispozici je Internet i v&nbsp;mimo\u0161koln\u00ed dob\u011b. Jsou zde d\u00edlny pro praktick\u00e9 vyu\u010dov\u00e1n\u00ed, strojn\u00ed i elektro laborato\u0159e a fiktivn\u00ed firmy, kter\u00e9 si studenti sami vedou. Ka\u017ed\u00e1 budova m\u00e1 vlastn\u00ed t\u011blocvi\u010dnu s&nbsp;posilovnou, kter\u00e1 je velmi dob\u0159e vybavena, a velk\u00e9 h\u0159i\u0161t\u011b s&nbsp;tenisov\u00fdm kurtem.<br>\u017d\u00e1ci a studenti s&nbsp;bydli\u0161t\u011bm mimo D\u011b\u010d\u00edn maj\u00ed mo\u017enost ubytov\u00e1n\u00ed v&nbsp;nov\u011b zrekonstruovan\u00e9m domov\u011b ml\u00e1de\u017ee s&nbsp;vlastn\u00ed \u0161koln\u00ed j\u00eddelnou.<\/p>\n\n\n\n<figure class=\"wp-block-image\"><img decoding=\"async\" src=\"https:\/\/www.prumkadc.cz\/wp-content\/uploads\/2021\/08\/DJI_0536-1024x576.jpg\" alt=\"\"\/><figcaption>St\u0159edisko VO\u0160 a SP\u0160 stavebn\u00ed a dopravn\u00ed, \u010csl. arm\u00e1dy 681\/10, D\u011b\u010d\u00edn I<\/figcaption><\/figure>\n\n\n\n<figure class=\"wp-block-image\"><img decoding=\"async\" src=\"https:\/\/www.prumkadc.cz\/wp-content\/uploads\/2021\/08\/DJI_0546-1024x576.jpg\" alt=\"\"\/><figcaption>St\u0159edisko SP\u0160 strojn\u00ed a elektro, Slovansk\u00e1 1000\/55, D\u011b\u010d\u00edn VI<\/figcaption><\/figure>\n\n\n\n<p>\u0160kola vznikla k&nbsp;1.9.2012 slou\u010den\u00edm dvou d\u011b\u010d\u00ednsk\u00fdch pr\u016fmyslov\u00fdch \u0161kol. Ob\u011b p\u016fvodn\u00ed \u0161koly maj\u00ed v\u00edce ne\u017e stoletou historii. Vznik stavebn\u00ed \u0161koly v&nbsp;D\u011b\u010d\u00edn\u011b souvis\u00ed s&nbsp;rozvojem odborn\u00e9ho \u0161kolstv\u00ed v&nbsp;2.&nbsp;polovin\u011b 19.&nbsp;stolet\u00ed. Roku 1872 byla v&nbsp;D\u011b\u010d\u00edn\u011b z\u0159\u00edzena \u0159emeslnick\u00e1 pokra\u010dovac\u00ed \u0161kola. Ta se postupn\u011b vyv\u00edjela ve \u0161kolu stavebn\u00edch \u0159emesel.<br>Historie \u0161koly strojn\u00ed a dopravn\u00ed navazuje na Technick\u00fd vzd\u011bl\u00e1vac\u00ed \u00fastav, kter\u00fd byl v&nbsp;D\u011b\u010d\u00edn\u011b zalo\u017een u\u017e v&nbsp;roce 1911.<br><\/p>\n\n\n\n<p>P\u016fvodn\u00ed \u0161koly:<br><strong>Vy\u0161\u0161\u00ed odborn\u00e1 \u0161kola a St\u0159edn\u00ed pr\u016fmyslov\u00e1 \u0161kola stavebn\u00ed, D\u011b\u010d\u00edn I, \u010cs. arm\u00e1dy 10, p\u0159\u00edsp\u011bvkov\u00e1 organizace<br>St\u0159edn\u00ed pr\u016fmyslov\u00e1 \u0161kola strojn\u00ed a dopravn\u00ed, D\u011b\u010d\u00edn VI, Slovansk\u00e1 100\/55, p\u0159\u00edsp\u011bvkov\u00e1 organizace<\/strong><\/p>\n","protected":false},"excerpt":{"rendered":"<p>Vy\u0161\u0161\u00ed odborn\u00e1 \u0161kola a St\u0159edn\u00ed pr\u016fmyslov\u00e1 \u0161kola strojn\u00ed, stavebn\u00ed a dopravn\u00ed, D\u011b\u010d\u00edn, p\u0159\u00edsp\u011bvkov\u00e1 organizace \u0160kola nab\u00edz\u00ed technick\u00e9 vzd\u011bl\u00e1v\u00e1n\u00ed ve st\u0159edn\u00ed odborn\u00e9 \u0161kole a vy\u0161\u0161\u00ed odborn\u00e9 \u0161kole. V\u00fduka prob\u00edh\u00e1 ve dvou budov\u00e1ch, a to ve st\u0159edisku VO\u0160 a SP\u0160 stavebn\u00ed a dopravn\u00ed na adrese \u010csl. arm\u00e1dy 681\/10 , D\u011b\u010d\u00edn I, a st\u0159edisku SP\u0160 strojn\u00ed a elektro [&hellip;]<\/p>\n","protected":false},"author":5,"featured_media":0,"parent":0,"menu_order":0,"comment_status":"closed","ping_status":"closed","template":"","meta":{"_acf_changed":false,"footnotes":""},"class_list":["post-43","page","type-page","status-publish","hentry"],"acf":[],"_links":{"self":[{"href":"https:\/\/www.prumkadc.cz\/index.php\/wp-json\/wp\/v2\/pages\/43","targetHints":{"allow":["GET"]}}],"collection":[{"href":"https:\/\/www.prumkadc.cz\/index.php\/wp-json\/wp\/v2\/pages"}],"about":[{"href":"https:\/\/www.prumkadc.cz\/index.php\/wp-json\/wp\/v2\/types\/page"}],"author":[{"embeddable":true,"href":"https:\/\/www.prumkadc.cz\/index.php\/wp-json\/wp\/v2\/users\/5"}],"replies":[{"embeddable":true,"href":"https:\/\/www.prumkadc.cz\/index.php\/wp-json\/wp\/v2\/comments?post=43"}],"version-history":[{"count":5,"href":"https:\/\/www.prumkadc.cz\/index.php\/wp-json\/wp\/v2\/pages\/43\/revisions"}],"predecessor-version":[{"id":957,"href":"https:\/\/www.prumkadc.cz\/index.php\/wp-json\/wp\/v2\/pages\/43\/revisions\/957"}],"wp:attachment":[{"href":"https:\/\/www.prumkadc.cz\/index.php\/wp-json\/wp\/v2\/media?parent=43"}],"curies":[{"name":"wp","href":"https:\/\/api.w.org\/{rel}","templated":true}]}}