{"id":5398,"date":"2024-11-27T20:37:50","date_gmt":"2024-11-27T20:37:50","guid":{"rendered":"https:\/\/www.prumkadc.cz\/?page_id=5398"},"modified":"2026-02-16T09:22:01","modified_gmt":"2026-02-16T09:22:01","slug":"karierove-poradenstvi","status":"publish","type":"page","link":"https:\/\/www.prumkadc.cz\/index.php\/karierove-poradenstvi\/","title":{"rendered":"Kari\u00e9rov\u00e9 poradenstv\u00ed"},"content":{"rendered":"\n<hr class=\"wp-block-separator has-alpha-channel-opacity\"\/>\n\n\n\n<p><strong>St\u0159edisko \u010csl. arm\u00e1dy<\/strong><\/p>\n\n\n\n<p><strong>Mgr. Kate\u0159ina Fridrichov\u00e1<\/strong><br>Konzulta\u010dn\u00ed hodiny: ka\u017ed\u00fd p\u00e1tek 8.00-11.35<br>Kabinet \u010d. 202 v&nbsp;1.&nbsp;poschod\u00ed<br>E-mail: <a href=\"mailto:katerina.fridrichova@prumkadc.cz\">katerina.fridrichova@prumkadc.cz<\/a><\/p>\n\n\n\n<hr class=\"wp-block-separator has-alpha-channel-opacity\"\/>\n\n\n\n<p><strong>St\u0159edisko Slovansk\u00e1<\/strong><\/p>\n\n\n\n<p><strong>Mgr. Simona Wisurov\u00e1<\/strong><br>Konzulta\u010dn\u00ed hodiny: p\u00e1tek 8:00 &#8211; 9:30, pop\u0159. po domluv\u011b<br>Kabinet \u010d. 118 v&nbsp;p\u0159\u00edzem\u00ed<br>E-mail:&nbsp;<a href=\"mailto:simona.wisurova@prumkadc.cz\">simona.wisurova@prumkadc.cz<\/a><br>Tel.: +420&nbsp;771&nbsp;520&nbsp;590<\/p>\n\n\n\n<hr class=\"wp-block-separator has-alpha-channel-opacity\"\/>\n\n\n\n<p>Oblasti, ve kter\u00fdch v\u00e1m kari\u00e9rov\u00fd poradce m\u016f\u017ee b\u00fdt n\u00e1pomocn\u00fd:<\/p>\n\n\n\n<p>1\/ \u0159e\u0161en\u00ed probl\u00e9m\u016f s&nbsp;prosp\u011bchem a s&nbsp;t\u00edm souvisej\u00edc\u00ed p\u0159ed\u010dasn\u00fd odchod ze vzd\u011bl\u00e1v\u00e1n\u00ed<\/p>\n\n\n\n<p>2\/ oblast p\u0159\u00edpravy vstupu na trh pr\u00e1ce<\/p>\n\n\n\n<p>3\/ volba dal\u0161\u00edho studia (vhodn\u00e9 navazuj\u00edc\u00ed studium, dny otev\u0159en\u00fdch dve\u0159\u00ed, vypl\u0148ov\u00e1n\u00ed p\u0159ihl\u00e1\u0161ek ke studiu)<\/p>\n\n\n\n<p>4\/ probl\u00e9my s&nbsp;motivac\u00ed ke studiu<\/p>\n\n\n\n<p>5\/ zaji\u0161t\u011bn\u00ed testov\u00e1n\u00ed z\u00e1jm\u016f a p\u0159edpoklad\u016f<\/p>\n\n\n\n<hr class=\"wp-block-separator has-alpha-channel-opacity\"\/>\n\n\n\n<p>V&nbsp;sekci Kari\u00e9rov\u00e9 poradenstv\u00ed m\u016f\u017eete naj\u00edt i zaj\u00edmav\u00e9 informace o v\u00fdb\u011bru zam\u011bstn\u00e1n\u00ed a nab\u00eddky firem:<\/p>\n\n\n\n<p>&#8211;&nbsp;&nbsp;&nbsp;&nbsp;&nbsp;&nbsp;&nbsp;&nbsp;&nbsp;&nbsp;<a href=\"https:\/\/www.youtube.com\/watch?v=6f4OQ-UI_t0&amp;t=11s\">HZS ULK bu\u010f hasi\u010dem<\/a><\/p>\n\n\n\n<p>&#8211;&nbsp;&nbsp;&nbsp;&nbsp;&nbsp;&nbsp;&nbsp;&nbsp;&nbsp;&nbsp;<a href=\"https:\/\/www.youtube.com\/watch?v=OkY-Ca9JwfE\">HZS ULK bu\u010f hasi\u010dem 2<\/a><\/p>\n\n\n\n<hr class=\"wp-block-separator has-alpha-channel-opacity\"\/>\n\n\n\n<p>Otev\u0159en\u00ed Ekonomick\u00e9 fakulty ERUNI v&nbsp;Ostrav\u011b,&nbsp;otev\u0159en\u00ed ostravsk\u00e9ho v\u00fdukov\u00e9ho centra&nbsp;jedn\u00e9 z&nbsp;nejlep\u0161\u00edch sv\u011btov\u00fdch univerzit \u2013&nbsp;University of London.<\/p>\n\n\n\n<div class=\"wp-block-file\"><a id=\"wp-block-file--media-5c016bf7-0a83-4f1b-8c31-78d730ad314c\" href=\"https:\/\/www.prumkadc.cz\/wp-content\/uploads\/2025\/01\/Otevreni_EkF_ERUNI-verejne_oznameni.pdf\">Otevreni_EkF_ERUNI-verejne_oznameni<\/a><a href=\"https:\/\/www.prumkadc.cz\/wp-content\/uploads\/2025\/01\/Otevreni_EkF_ERUNI-verejne_oznameni.pdf\" class=\"wp-block-file__button wp-element-button\" download aria-describedby=\"wp-block-file--media-5c016bf7-0a83-4f1b-8c31-78d730ad314c\">St\u00e1hnout<\/a><\/div>\n\n\n\n<div class=\"wp-block-file\"><a id=\"wp-block-file--media-f1537fdd-14b0-40ca-8ba8-ea1020f721e6\" href=\"https:\/\/www.prumkadc.cz\/wp-content\/uploads\/2025\/01\/Otevreni_Vyukoveho_centra_UoL_ERUNI-verejne_oznameni.pdf\">Otevreni_Vyukoveho_centra_UoL_ERUNI-verejne_oznameni<\/a><a href=\"https:\/\/www.prumkadc.cz\/wp-content\/uploads\/2025\/01\/Otevreni_Vyukoveho_centra_UoL_ERUNI-verejne_oznameni.pdf\" class=\"wp-block-file__button wp-element-button\" download aria-describedby=\"wp-block-file--media-f1537fdd-14b0-40ca-8ba8-ea1020f721e6\">St\u00e1hnout<\/a><\/div>\n\n\n\n<hr class=\"wp-block-separator has-alpha-channel-opacity\"\/>\n\n\n\n<p><strong>Policie \u010cR<\/strong><\/p>\n\n\n\n<p><a href=\"https:\/\/www.policista.cz\">https:\/\/www.policista.cz<\/a><\/p>\n\n\n\n<p><a href=\"https:\/\/nabor.policie.gov.cz\/?_gl=11mlmin0_gaMjA4MjMwNTkwMC4xNzM3NjM2NjU0_ga_MGE9DCQJ5M*MTczNzYzNjY1NC4xLjAuMTczNzYzNjY1NC42MC4wLjA\">N\u00e1bor police \u010cR<\/a><\/p>\n\n\n\n<p><a href=\"https:\/\/policie.gov.cz\/clanek\/pridej-se-k-nam.aspx\">P\u0159idej se k&nbsp;n\u00e1m Police \u010cR<\/a><\/p>\n\n\n\n<p><a href=\"https:\/\/policie.gov.cz\/policie-cr-videogalerie.aspx\">Video galerie<\/a><\/p>\n\n\n\n<hr class=\"wp-block-separator has-alpha-channel-opacity\"\/>\n\n\n\n<figure class=\"wp-block-image size-large\"><img fetchpriority=\"high\" decoding=\"async\" width=\"753\" height=\"1024\" src=\"https:\/\/www.prumkadc.cz\/wp-content\/uploads\/2025\/03\/Snimek-obrazovky-2025-03-19-v-11.53.46-753x1024.png\" alt=\"\" class=\"wp-image-5636\" srcset=\"https:\/\/www.prumkadc.cz\/wp-content\/uploads\/2025\/03\/Snimek-obrazovky-2025-03-19-v-11.53.46-753x1024.png 753w, https:\/\/www.prumkadc.cz\/wp-content\/uploads\/2025\/03\/Snimek-obrazovky-2025-03-19-v-11.53.46-221x300.png 221w, https:\/\/www.prumkadc.cz\/wp-content\/uploads\/2025\/03\/Snimek-obrazovky-2025-03-19-v-11.53.46-768x1045.png 768w, https:\/\/www.prumkadc.cz\/wp-content\/uploads\/2025\/03\/Snimek-obrazovky-2025-03-19-v-11.53.46.png 1088w\" sizes=\"(max-width: 753px) 100vw, 753px\" \/><\/figure>\n\n\n\n<hr class=\"wp-block-separator has-alpha-channel-opacity\"\/>\n\n\n\n<figure class=\"wp-block-image size-large\"><img decoding=\"async\" width=\"724\" height=\"1024\" src=\"https:\/\/www.prumkadc.cz\/wp-content\/uploads\/2025\/03\/Snimek-obrazovky-2025-03-19-v-11.54.23-724x1024.png\" alt=\"\" class=\"wp-image-5637\" srcset=\"https:\/\/www.prumkadc.cz\/wp-content\/uploads\/2025\/03\/Snimek-obrazovky-2025-03-19-v-11.54.23-724x1024.png 724w, https:\/\/www.prumkadc.cz\/wp-content\/uploads\/2025\/03\/Snimek-obrazovky-2025-03-19-v-11.54.23-212x300.png 212w, https:\/\/www.prumkadc.cz\/wp-content\/uploads\/2025\/03\/Snimek-obrazovky-2025-03-19-v-11.54.23-768x1087.png 768w, https:\/\/www.prumkadc.cz\/wp-content\/uploads\/2025\/03\/Snimek-obrazovky-2025-03-19-v-11.54.23.png 892w\" sizes=\"(max-width: 724px) 100vw, 724px\" \/><\/figure>\n\n\n\n<hr class=\"wp-block-separator has-alpha-channel-opacity\"\/>\n\n\n\n<p>Nab\u00eddka pr\u00e1ce Termo + holding a.s. &#8211; <a href=\"https:\/\/www.termoholding.cz\">https:\/\/www.termoholding.cz<\/a><\/p>\n\n\n\n<p><a href=\"https:\/\/www.prace.cz\/nabidka\/UP-32420520782\/?rps=77&amp;searchId=a3814933-a0db-45af-88c0-ff85b6027b51\">Nab\u00eddka pr\u00e1ce zde<\/a><\/p>\n","protected":false},"excerpt":{"rendered":"<p>St\u0159edisko \u010csl. arm\u00e1dy Mgr. Kate\u0159ina Fridrichov\u00e1Konzulta\u010dn\u00ed hodiny: ka\u017ed\u00fd p\u00e1tek 8.00-11.35Kabinet \u010d. 202 v&nbsp;1.&nbsp;poschod\u00edE-mail: katerina.fridrichova@prumkadc.cz St\u0159edisko Slovansk\u00e1 Mgr. Simona Wisurov\u00e1Konzulta\u010dn\u00ed hodiny: p\u00e1tek 8:00 &#8211; 9:30, pop\u0159. po domluv\u011bKabinet \u010d. 118 v&nbsp;p\u0159\u00edzem\u00edE-mail:&nbsp;simona.wisurova@prumkadc.czTel.: +420&nbsp;771&nbsp;520&nbsp;590 Oblasti, ve kter\u00fdch v\u00e1m kari\u00e9rov\u00fd poradce m\u016f\u017ee b\u00fdt n\u00e1pomocn\u00fd: 1\/ \u0159e\u0161en\u00ed probl\u00e9m\u016f s&nbsp;prosp\u011bchem a s&nbsp;t\u00edm souvisej\u00edc\u00ed p\u0159ed\u010dasn\u00fd odchod ze vzd\u011bl\u00e1v\u00e1n\u00ed 2\/ oblast p\u0159\u00edpravy vstupu [&hellip;]<\/p>\n","protected":false},"author":2,"featured_media":0,"parent":0,"menu_order":0,"comment_status":"closed","ping_status":"closed","template":"","meta":{"_acf_changed":false,"footnotes":""},"class_list":["post-5398","page","type-page","status-publish","hentry"],"acf":[],"_links":{"self":[{"href":"https:\/\/www.prumkadc.cz\/index.php\/wp-json\/wp\/v2\/pages\/5398","targetHints":{"allow":["GET"]}}],"collection":[{"href":"https:\/\/www.prumkadc.cz\/index.php\/wp-json\/wp\/v2\/pages"}],"about":[{"href":"https:\/\/www.prumkadc.cz\/index.php\/wp-json\/wp\/v2\/types\/page"}],"author":[{"embeddable":true,"href":"https:\/\/www.prumkadc.cz\/index.php\/wp-json\/wp\/v2\/users\/2"}],"replies":[{"embeddable":true,"href":"https:\/\/www.prumkadc.cz\/index.php\/wp-json\/wp\/v2\/comments?post=5398"}],"version-history":[{"count":9,"href":"https:\/\/www.prumkadc.cz\/index.php\/wp-json\/wp\/v2\/pages\/5398\/revisions"}],"predecessor-version":[{"id":6401,"href":"https:\/\/www.prumkadc.cz\/index.php\/wp-json\/wp\/v2\/pages\/5398\/revisions\/6401"}],"wp:attachment":[{"href":"https:\/\/www.prumkadc.cz\/index.php\/wp-json\/wp\/v2\/media?parent=5398"}],"curies":[{"name":"wp","href":"https:\/\/api.w.org\/{rel}","templated":true}]}}