{"id":55,"date":"2021-04-20T14:26:37","date_gmt":"2021-04-20T14:26:37","guid":{"rendered":"https:\/\/www.prumkadc.cz\/?page_id=55"},"modified":"2025-02-26T19:57:13","modified_gmt":"2025-02-26T19:57:13","slug":"jednotliva-zkouska-profilova-mz","status":"publish","type":"page","link":"https:\/\/www.prumkadc.cz\/index.php\/maturitni-zkousky\/jednotliva-zkouska-profilova-mz\/","title":{"rendered":"Jednotliv\u00e1 zkou\u0161ka (profilov\u00e1 MZ)"},"content":{"rendered":"\n<p><strong>Jednotlivou zkou\u0161ku, kter\u00e1 sv\u00fdm obsahem odpov\u00edd\u00e1 profilov\u00e9 maturitn\u00ed zkou\u0161c<\/strong>e, lze skl\u00e1dat pouze v&nbsp;jarn\u00edm term\u00ednu MZ.<\/p>\n\n\n\n<p><strong>P\u0159ed kon\u00e1n\u00edm jednotliv\u00e9 zkou\u0161ky je t\u0159eba:<\/strong><\/p>\n\n\n\n<p><strong>1.<\/strong>&nbsp;<strong>Vyplnit p\u0159ihl\u00e1\u0161ku k&nbsp;jednotliv\u00e9 zkou\u0161ce a doru\u010dit ji v&nbsp;p\u00edsemn\u00e9 podob\u011b do 1.12.&nbsp;na adresu:<\/strong>&nbsp;VO\u0160 a SP\u0160 strojn\u00ed, stavebn\u00ed a dopravn\u00ed, D\u011b\u010d\u00edn, \u010cs. arm\u00e1dy 1, 405&nbsp;02.<br>Ned\u00edlnou sou\u010d\u00e1st\u00ed p\u0159ihl\u00e1\u0161ky k&nbsp;Jednotliv\u00e9 zkou\u0161ce je \u00fa\u0159edn\u011b ov\u011b\u0159en\u00e1 kopie vysv\u011bd\u010den\u00ed, kter\u00e9 dokl\u00e1d\u00e1 z\u00edsk\u00e1n\u00ed alespo\u0148 z\u00e1kladn\u00edho vzd\u011bl\u00e1n\u00ed uchaze\u010de.<\/p>\n\n\n\n<p><strong>2. Nejpozd\u011bji do 10.12.&nbsp;uhradit \u010d\u00e1stku 1500&nbsp;K\u010d na \u00fa\u010det \u0161koly, \u010d.\u00fa\u010dtu, variabiln\u00ed a specifick\u00fd symbol platby dostane p\u0159ihl\u00e1\u0161en\u00fd po p\u0159ed\u00e1n\u00ed p\u0159ihl\u00e1\u0161ky.<\/strong><br>Do 20.&nbsp;12.&nbsp;obdr\u017e\u00ed uchaze\u010d odpov\u011b\u010f, zda \u0159editelka \u0161koly \u017e\u00e1dosti vyhov\u00ed. Nebude-li platba poplatku provedena do term\u00ednu (viz bod 2), nebude \u017e\u00e1dosti o zkou\u0161ku vyhov\u011bno.<\/p>\n\n\n\n<p>Term\u00edn jednotliv\u00e9 zkou\u0161ky, kter\u00e1 sv\u00fdm obsahem odpov\u00edd\u00e1 profilov\u00e9 zkou\u0161ce konan\u00e9 formou \u00fastn\u00ed zkou\u0161ky p\u0159ed komis\u00ed, je shodn\u00fd s&nbsp;term\u00edny \u00fastn\u00ed \u010d\u00e1sti maturitn\u00ed zkou\u0161ky.<br>Term\u00edn jednotliv\u00e9 zkou\u0161ky, kter\u00e1 sv\u00fdm obsahem odpov\u00edd\u00e1 profilov\u00e9 zkou\u0161ce konan\u00e9 formou praktick\u00e9 zkou\u0161ky, je shodn\u00fd s&nbsp;term\u00edny praktick\u00e9 zkou\u0161ky maturitn\u00ed zkou\u0161ky.<br>Uchaze\u010d obdr\u017e\u00ed pozv\u00e1nku na e-mail uveden\u00fd v&nbsp;p\u0159ihl\u00e1\u0161ce a to nejpozd\u011bji v&nbsp;den, kdy kon\u010d\u00ed spole\u010dn\u00e1 \u010d\u00e1st MZ. Pozv\u00e1nka bude obsahovat datum, \u010das a m\u00edsto ka\u017ed\u00e9 jednotliv\u00e9 zkou\u0161ky.<br>Term\u00edny a komise (s&nbsp;v\u00fdjimkou p\u0159edsedy) odpov\u00eddaj\u00ed term\u00edn\u016fm a komis\u00edm platn\u00fdm pro maturitn\u00ed zkou\u0161ky JARO dan\u00e9ho \u0161koln\u00edho roku.<br>Term\u00edny hodnocen\u00ed a p\u0159ed\u00e1n\u00ed protokolu o v\u00fdsledc\u00edch budou vych\u00e1zet z&nbsp;platn\u00fdch z\u00e1kon\u016f. <\/p>\n\n\n\n<div class=\"wp-block-file\"><a id=\"wp-block-file--media-d629ef45-26fa-4ebd-8407-31e87c7ec970\" href=\"https:\/\/www.prumkadc.cz\/wp-content\/uploads\/2025\/02\/2018-PRIHLASKA-K.docx\">2018 P\u0158IHL\u00c1\u0160KA K<\/a><a href=\"https:\/\/www.prumkadc.cz\/wp-content\/uploads\/2025\/02\/2018-PRIHLASKA-K.docx\" class=\"wp-block-file__button wp-element-button\" download aria-describedby=\"wp-block-file--media-d629ef45-26fa-4ebd-8407-31e87c7ec970\">St\u00e1hnout<\/a><\/div>\n","protected":false},"excerpt":{"rendered":"<p>Jednotlivou zkou\u0161ku, kter\u00e1 sv\u00fdm obsahem odpov\u00edd\u00e1 profilov\u00e9 maturitn\u00ed zkou\u0161ce, lze skl\u00e1dat pouze v&nbsp;jarn\u00edm term\u00ednu MZ. P\u0159ed kon\u00e1n\u00edm jednotliv\u00e9 zkou\u0161ky je t\u0159eba: 1.&nbsp;Vyplnit p\u0159ihl\u00e1\u0161ku k&nbsp;jednotliv\u00e9 zkou\u0161ce a doru\u010dit ji v&nbsp;p\u00edsemn\u00e9 podob\u011b do 1.12.&nbsp;na adresu:&nbsp;VO\u0160 a SP\u0160 strojn\u00ed, stavebn\u00ed a dopravn\u00ed, D\u011b\u010d\u00edn, \u010cs. arm\u00e1dy 1, 405&nbsp;02.Ned\u00edlnou sou\u010d\u00e1st\u00ed p\u0159ihl\u00e1\u0161ky k&nbsp;Jednotliv\u00e9 zkou\u0161ce je \u00fa\u0159edn\u011b ov\u011b\u0159en\u00e1 kopie vysv\u011bd\u010den\u00ed, kter\u00e9 dokl\u00e1d\u00e1 [&hellip;]<\/p>\n","protected":false},"author":5,"featured_media":0,"parent":147,"menu_order":1,"comment_status":"closed","ping_status":"closed","template":"","meta":{"_acf_changed":false,"footnotes":""},"class_list":["post-55","page","type-page","status-publish","hentry"],"acf":[],"_links":{"self":[{"href":"https:\/\/www.prumkadc.cz\/index.php\/wp-json\/wp\/v2\/pages\/55","targetHints":{"allow":["GET"]}}],"collection":[{"href":"https:\/\/www.prumkadc.cz\/index.php\/wp-json\/wp\/v2\/pages"}],"about":[{"href":"https:\/\/www.prumkadc.cz\/index.php\/wp-json\/wp\/v2\/types\/page"}],"author":[{"embeddable":true,"href":"https:\/\/www.prumkadc.cz\/index.php\/wp-json\/wp\/v2\/users\/5"}],"replies":[{"embeddable":true,"href":"https:\/\/www.prumkadc.cz\/index.php\/wp-json\/wp\/v2\/comments?post=55"}],"version-history":[{"count":4,"href":"https:\/\/www.prumkadc.cz\/index.php\/wp-json\/wp\/v2\/pages\/55\/revisions"}],"predecessor-version":[{"id":5602,"href":"https:\/\/www.prumkadc.cz\/index.php\/wp-json\/wp\/v2\/pages\/55\/revisions\/5602"}],"up":[{"embeddable":true,"href":"https:\/\/www.prumkadc.cz\/index.php\/wp-json\/wp\/v2\/pages\/147"}],"wp:attachment":[{"href":"https:\/\/www.prumkadc.cz\/index.php\/wp-json\/wp\/v2\/media?parent=55"}],"curies":[{"name":"wp","href":"https:\/\/api.w.org\/{rel}","templated":true}]}}