{"id":567,"date":"2021-08-09T10:05:12","date_gmt":"2021-08-09T10:05:12","guid":{"rendered":"https:\/\/www.prumkadc.cz\/?page_id=567"},"modified":"2024-05-02T12:04:16","modified_gmt":"2024-05-02T12:04:16","slug":"krouzek-modelove-zeleznice","status":"publish","type":"page","link":"https:\/\/www.prumkadc.cz\/index.php\/krouzek-modelove-zeleznice\/","title":{"rendered":"Krou\u017eek modelov\u00e9 \u017eeleznice"},"content":{"rendered":"\n<p>Krou\u017eek modelov\u00e9 \u017eeleznice pracuje na Letn\u00e9 pod veden\u00edm p. Danity. Nav\u0161t\u011bvovat ho lze po p\u0159edchoz\u00ed domluv\u011b ka\u017ed\u00e9 pond\u011bl\u00ed od 14.30 na st\u0159edisku Slovansk\u00e1.<\/p>\n\n\n\n<p>Krou\u017eek m\u00e1 vlastn\u00ed webov\u00e9 str\u00e1nky&nbsp;<a href=\"http:\/\/www.masinkydc.cz\/\" target=\"_blank\" rel=\"noreferrer noopener\">http:\/\/www.masinkydc.cz\/<\/a><\/p>\n","protected":false},"excerpt":{"rendered":"<p>Krou\u017eek modelov\u00e9 \u017eeleznice pracuje na Letn\u00e9 pod veden\u00edm p. Danity. Nav\u0161t\u011bvovat ho lze po p\u0159edchoz\u00ed domluv\u011b ka\u017ed\u00e9 pond\u011bl\u00ed od 14.30 na st\u0159edisku Slovansk\u00e1. Krou\u017eek m\u00e1 vlastn\u00ed webov\u00e9 str\u00e1nky&nbsp;http:\/\/www.masinkydc.cz\/<\/p>\n","protected":false},"author":5,"featured_media":0,"parent":0,"menu_order":0,"comment_status":"closed","ping_status":"closed","template":"","meta":{"_acf_changed":false,"footnotes":""},"class_list":["post-567","page","type-page","status-publish","hentry"],"acf":[],"_links":{"self":[{"href":"https:\/\/www.prumkadc.cz\/index.php\/wp-json\/wp\/v2\/pages\/567","targetHints":{"allow":["GET"]}}],"collection":[{"href":"https:\/\/www.prumkadc.cz\/index.php\/wp-json\/wp\/v2\/pages"}],"about":[{"href":"https:\/\/www.prumkadc.cz\/index.php\/wp-json\/wp\/v2\/types\/page"}],"author":[{"embeddable":true,"href":"https:\/\/www.prumkadc.cz\/index.php\/wp-json\/wp\/v2\/users\/5"}],"replies":[{"embeddable":true,"href":"https:\/\/www.prumkadc.cz\/index.php\/wp-json\/wp\/v2\/comments?post=567"}],"version-history":[{"count":1,"href":"https:\/\/www.prumkadc.cz\/index.php\/wp-json\/wp\/v2\/pages\/567\/revisions"}],"predecessor-version":[{"id":568,"href":"https:\/\/www.prumkadc.cz\/index.php\/wp-json\/wp\/v2\/pages\/567\/revisions\/568"}],"wp:attachment":[{"href":"https:\/\/www.prumkadc.cz\/index.php\/wp-json\/wp\/v2\/media?parent=567"}],"curies":[{"name":"wp","href":"https:\/\/api.w.org\/{rel}","templated":true}]}}