{"id":573,"date":"2021-08-09T10:06:36","date_gmt":"2021-08-09T10:06:36","guid":{"rendered":"https:\/\/www.prumkadc.cz\/?page_id=573"},"modified":"2024-05-02T12:06:23","modified_gmt":"2024-05-02T12:06:23","slug":"svarecsky-kurz-2","status":"publish","type":"page","link":"https:\/\/www.prumkadc.cz\/index.php\/svarecsky-kurz-2\/","title":{"rendered":"Sv\u00e1\u0159e\u010dsk\u00fd kurz"},"content":{"rendered":"\n<p>Vy\u0161\u0161\u00ed odborn\u00e1 \u0161kola a St\u0159edn\u00ed pr\u016fmyslov\u00e1 \u0161kola strojn\u00ed, stavebn\u00ed a dopravn\u00ed D\u011b\u010d\u00edn v\u00e1m nab\u00edz\u00ed mo\u017enost z\u00edskat b\u011bhem studia sv\u00e1\u0159e\u010dsk\u00fd pr\u016fkaz.<\/p>\n\n\n\n<p>Ve spolupr\u00e1ci se sv\u00e1\u0159e\u010dskou \u0161kolou TESTWELDING \u2013 Ing. Ji\u0159\u00ed Dvo\u0159\u00e1k, maj\u00ed \u017e\u00e1ci mo\u017enost absolvovat kurz pro sva\u0159ovac\u00ed metodu:<\/p>\n\n\n\n<p><strong>ZK 135&nbsp;1.1 \u2013 Z\u00e1kladn\u00ed kurz ru\u010dn\u00edho obloukov\u00e9ho sva\u0159ov\u00e1n\u00ed tav\u00edc\u00ed se elektrodou v&nbsp;aktivn\u00edm plynu (MAG<\/strong>).<\/p>\n\n\n\n<p>V\u00fduka bude p\u0159ev\u00e1\u017en\u011b prob\u00edhat v&nbsp;prostor\u00e1ch sv\u00e1\u0159e\u010dsk\u00e9 \u0161koly TESTWELDING, K\u0159e\u0161ice \u2013 D\u011b\u010d\u00edn 31, Klicperova ul. 79, pod veden\u00edm majitele sv\u00e1\u0159e\u010dsk\u00e9 \u0161koly Ing. Ji\u0159\u00edho Dvo\u0159\u00e1ka (IWT \u2013 mezin\u00e1rodn\u00ed sv\u00e1\u0159e\u010dsk\u00fd technolog) a Jana Kutzlera (evropsk\u00fd sv\u00e1\u0159e\u010dsk\u00fd praktik).<\/p>\n\n\n\n<p>Z\u00e1jemci se mohou hl\u00e1sit ze t\u0159\u00edd 2., 3.&nbsp;a 4.&nbsp;ro\u010dn\u00edku VO\u0160 a SP\u0160 strojn\u00ed, stavebn\u00ed a dopravn\u00ed D\u011b\u010d\u00edn.<\/p>\n","protected":false},"excerpt":{"rendered":"<p>Vy\u0161\u0161\u00ed odborn\u00e1 \u0161kola a St\u0159edn\u00ed pr\u016fmyslov\u00e1 \u0161kola strojn\u00ed, stavebn\u00ed a dopravn\u00ed D\u011b\u010d\u00edn v\u00e1m nab\u00edz\u00ed mo\u017enost z\u00edskat b\u011bhem studia sv\u00e1\u0159e\u010dsk\u00fd pr\u016fkaz. Ve spolupr\u00e1ci se sv\u00e1\u0159e\u010dskou \u0161kolou TESTWELDING \u2013 Ing. Ji\u0159\u00ed Dvo\u0159\u00e1k, maj\u00ed \u017e\u00e1ci mo\u017enost absolvovat kurz pro sva\u0159ovac\u00ed metodu: ZK 135&nbsp;1.1 \u2013 Z\u00e1kladn\u00ed kurz ru\u010dn\u00edho obloukov\u00e9ho sva\u0159ov\u00e1n\u00ed tav\u00edc\u00ed se elektrodou v&nbsp;aktivn\u00edm plynu (MAG). V\u00fduka bude p\u0159ev\u00e1\u017en\u011b [&hellip;]<\/p>\n","protected":false},"author":5,"featured_media":0,"parent":0,"menu_order":0,"comment_status":"closed","ping_status":"closed","template":"","meta":{"_acf_changed":false,"footnotes":""},"class_list":["post-573","page","type-page","status-publish","hentry"],"acf":[],"_links":{"self":[{"href":"https:\/\/www.prumkadc.cz\/index.php\/wp-json\/wp\/v2\/pages\/573","targetHints":{"allow":["GET"]}}],"collection":[{"href":"https:\/\/www.prumkadc.cz\/index.php\/wp-json\/wp\/v2\/pages"}],"about":[{"href":"https:\/\/www.prumkadc.cz\/index.php\/wp-json\/wp\/v2\/types\/page"}],"author":[{"embeddable":true,"href":"https:\/\/www.prumkadc.cz\/index.php\/wp-json\/wp\/v2\/users\/5"}],"replies":[{"embeddable":true,"href":"https:\/\/www.prumkadc.cz\/index.php\/wp-json\/wp\/v2\/comments?post=573"}],"version-history":[{"count":2,"href":"https:\/\/www.prumkadc.cz\/index.php\/wp-json\/wp\/v2\/pages\/573\/revisions"}],"predecessor-version":[{"id":681,"href":"https:\/\/www.prumkadc.cz\/index.php\/wp-json\/wp\/v2\/pages\/573\/revisions\/681"}],"wp:attachment":[{"href":"https:\/\/www.prumkadc.cz\/index.php\/wp-json\/wp\/v2\/media?parent=573"}],"curies":[{"name":"wp","href":"https:\/\/api.w.org\/{rel}","templated":true}]}}