{"id":6184,"date":"2025-11-26T11:07:37","date_gmt":"2025-11-26T11:07:37","guid":{"rendered":"https:\/\/www.prumkadc.cz\/?page_id=6184"},"modified":"2025-11-26T14:25:21","modified_gmt":"2025-11-26T14:25:21","slug":"eduroam","status":"publish","type":"page","link":"https:\/\/www.prumkadc.cz\/index.php\/eduroam\/","title":{"rendered":"Eduroam"},"content":{"rendered":"\n<p><strong>Na\u0161e instituce\/\u0161kola je p\u0159ipojena k&nbsp;eduroamu<\/strong><\/p>\n\n\n\n<p>Federace&nbsp;<a href=\"https:\/\/www.eduroam.cz\/\"><em>eduroam<\/em><\/a>&nbsp;je mezin\u00e1rodn\u00ed projekt zab\u00fdvaj\u00edc\u00ed se podporou mobility a roamingu v&nbsp;s\u00edt\u00edch n\u00e1rodn\u00edho v\u00fdzkumu a vzd\u011bl\u00e1v\u00e1n\u00ed (NREN). V&nbsp;\u010cesk\u00e9 republice je tento projekt zast\u0159e\u0161ov\u00e1n sdru\u017een\u00edm&nbsp;<a href=\"https:\/\/www.cesnet.cz\/\">CESNET<\/a>. Na\u0161e \u0161kola\/instituce se do projektu zapojila v&nbsp;roce 2025. Byl tak u\u010din\u011bn dal\u0161\u00ed krok ke zv\u00fd\u0161en\u00ed kvality zaji\u0161t\u011bn\u00ed studia a presti\u017ee instituce.&nbsp;<\/p>\n\n\n\n<p><strong>Jeden \u00fa\u010det. Kdekoliv.<\/strong><\/p>\n\n\n\n<p>Registrovan\u00fd \u00fa\u010dastn\u00edk m\u016f\u017ee pou\u017e\u00edvat tuto bezdr\u00e1tovou s\u00ed\u0165 (kdekoliv je dostupn\u00e1) pomoc\u00ed jednoho u\u017eivatelsk\u00e9ho \u00fa\u010dtu. Spr\u00e1vu \u00fa\u010dtu prov\u00e1d\u00ed domovsk\u00e1 (z\u0159izuj\u00edc\u00ed) organizace.&nbsp;<\/p>\n\n\n\n<p>Pou\u017eit\u00ed roamingu je jednoduch\u00e9, \u0159\u00e1dn\u011b nastaven\u00e9 za\u0159\u00edzen\u00ed \u00fa\u010dastn\u00edka se p\u0159ipojuje automaticky, jakmile je s\u00ed\u0165 eduroam k&nbsp;dispozici. Podobn\u011b jako funguje p\u0159ipojen\u00ed k&nbsp;zahrani\u010dn\u00edm s\u00edt\u00edm mobiln\u00edch oper\u00e1tor\u016f v&nbsp;r\u00e1mci roamingu. Odtud tak\u00e9 akronym:&nbsp;<strong>edu<\/strong>cation&nbsp;<strong>roam<\/strong>ing.&nbsp;<\/p>\n\n\n\n<p>Slu\u017eba je pro v\u0161echny \u00fa\u010dastn\u00edky zdarma.&nbsp;<\/p>\n\n\n\n<p><strong>Aktivace eduroam \u00fa\u010dtu<\/strong><\/p>\n\n\n\n<p>V&nbsp;<em>eduroam<\/em>u se pou\u017e\u00edv\u00e1 u\u017eivatelsk\u00e9 jm\u00e9no sest\u00e1vaj\u00edc\u00ed ze dvou \u010d\u00e1st\u00ed &#8211; samotn\u00e9ho u\u017eivatelsk\u00e9ho jm\u00e9na a realmu. Za&nbsp;<strong>u\u017eivatelsk\u00e9 jm\u00e9no<\/strong>, na n\u011b\u017e jste zvykl\u00ed z&nbsp;ostatn\u00edch syst\u00e9m\u016f \u0161koly\/instituce, budete v&nbsp;r\u00e1mci roamingu p\u0159id\u00e1vat znak&nbsp;<strong>@<\/strong>&nbsp;a realm&nbsp;<strong>prumkadc.cz&nbsp;<\/strong>(tj. nap\u0159.&nbsp;<strong>uzivatel@prumkadc.cz<\/strong>).<\/p>\n\n\n\n<p><strong>Nastaven\u00ed u\u017eivatelsk\u00fdch za\u0159\u00edzen\u00ed pro p\u0159ipojen\u00ed k&nbsp;eduroamu<\/strong><\/p>\n\n\n\n<p>Pro ru\u010dn\u00ed nastaven\u00ed budete pot\u0159ebovat n\u00e1sleduj\u00edc\u00ed informace:<\/p>\n\n\n\n<ul class=\"wp-block-list\">\n<li>n\u00e1zev s\u00edt\u011b (SSID): eduroam<\/li>\n\n\n\n<li>protokol p\u0159ipojen\u00ed: 802.1x<\/li>\n\n\n\n<li>zabezpe\u010den\u00ed a \u0161ifrov\u00e1n\u00ed: WPA2\/AES<\/li>\n\n\n\n<li>ov\u011b\u0159ov\u00e1n\u00ed: PEAP<\/li>\n\n\n\n<li>vnit\u0159n\u00ed autentiza\u010dn\u00ed protokol: MS-CHAPv2<\/li>\n\n\n\n<li>jm\u00e9no RADIUS serveru: SPSC-DC01 a SPSL-DC01<\/li>\n\n\n\n<li>certifika\u010dn\u00ed autorita:&nbsp;<strong><a href=\"http:\/\/prumkadc.cz\/PRUMKADC-CA.cer\" data-type=\"link\" data-id=\"prumkadc.cz\/PRUMKADC-CA.cer\">CERTIFIK\u00c1T KE STA\u017dEN\u00cd ZDE<\/a><\/strong><\/li>\n\n\n\n<li>IP adresa je p\u0159id\u011blov\u00e1na automaticky prost\u0159ednictv\u00edm protokolu DHCP<\/li>\n<\/ul>\n\n\n\n<p>N\u00e1vod na konfiguraci za\u0159\u00edzen\u00ed pro eduroam: <a href=\"https:\/\/www.eduroam.cz\/cs\/uzivatel\/sw\/uvod\">https:\/\/www.eduroam.cz\/cs\/uzivatel\/sw\/uvod<\/a><\/p>\n\n\n\n<p><strong>Pokryt\u00e9 prostory<\/strong><\/p>\n\n\n\n<p><em>eduroam<\/em>&nbsp;je vys\u00edl\u00e1n ve v\u0161ech vnit\u0159n\u00edch prostorech \u0161koly.<\/p>\n\n\n\n<p><strong>Filtrov\u00e1n\u00ed provozu<\/strong><\/p>\n\n\n\n<p>Provoz \u017e\u00e1k\u016f \u0161koly je filtrov\u00e1n v&nbsp;souladu se z\u00e1kony \u010cR.&nbsp;<\/p>\n\n\n\n<p><strong>Podpora<\/strong><\/p>\n\n\n\n<p>U\u017eivatel\u00e9 na\u0161\u00ed \u0161koly\/instituce se mohou obracet na email eduroam@prumkadc.cz a nebo telefon +420&nbsp;775&nbsp;859&nbsp;772.<\/p>\n\n\n\n<p>N\u00e1v\u0161t\u011bvn\u00edci s&nbsp;<em>eduroam<\/em>&nbsp;\u00fa\u010dtem by m\u011bli podporu hledat prim\u00e1rn\u011b ve sv\u00e9 domovsk\u00e9 instituce, tedy t\u00e9, kter\u00e1 jim poskytla \u00fa\u010det.&nbsp;<\/p>\n\n\n\n<hr class=\"wp-block-separator has-alpha-channel-opacity\"\/>\n\n\n\n<p><\/p>\n\n\n\n<p><strong>Our institution\/school is connected to eduroam<\/strong><\/p>\n\n\n\n<p><br>The eduroam Federation is an international project that supports mobility and roaming in national research and education networks (NREN). In the Czech Republic, this project is overseen by the CESNET association. Our school\/institution joined the project in 2025. This is another step towards improving the quality of study provision and the prestige of the institution.<\/p>\n\n\n\n<p><strong>One account. Anywhere.<\/strong><\/p>\n\n\n\n<p>A registered participant can use this wireless network (wherever it is available) using a single user account. The account is managed by the home (establishing) organization.<br>Using roaming is simple, a properly configured participant&#8217;s&nbsp;device connects automatically as soon as the eduroam network is available. It works similarly to connecting to foreign mobile operator networks within roaming. Hence the acronym: education roaming.<br>The service is free for all participants.<\/p>\n\n\n\n<p><strong>Activating an eduroam account<\/strong><\/p>\n\n\n\n<ul class=\"wp-block-list\">\n<li>network name (SSID): eduroam<\/li>\n\n\n\n<li>connection protocol: 802.1x<\/li>\n\n\n\n<li>security and encryption: WPA2\/AES<\/li>\n\n\n\n<li>authentication: PEAP<\/li>\n\n\n\n<li>inner authentication protocol: MS-CHAPv2<\/li>\n\n\n\n<li>RADIUS server name: SPSC-DC01 a SPSL-DC01<\/li>\n\n\n\n<li>certification Authority:&nbsp;<strong><a href=\"http:\/\/prumkadc.cz\/PRUMKADC-CA.cer\" data-type=\"link\" data-id=\"prumkadc.cz\/PRUMKADC-CA.cer\">CERTIFIK\u00c1T KE STA\u017dEN\u00cd ZDE<\/a><\/strong><\/li>\n\n\n\n<li>IP address is assigned automatically via DHCP<\/li>\n<\/ul>\n\n\n\n<p>Instructions for configuring your device for eduroam: <a href=\"https:\/\/www.eduroam.cz\/cs\/uzivatel\/sw\/uvod\">https:\/\/www.eduroam.cz\/cs\/uzivatel\/sw\/uvod<\/a><\/p>\n\n\n\n<p><strong>Covered areas<\/strong><\/p>\n\n\n\n<p>eduroam is broadcast in all internal areas of the school.<\/p>\n\n\n\n<p><br><strong>Traffic filtering<\/strong><\/p>\n\n\n\n<p><br>The traffic of school students is filtered in accordance with the laws of the Czech Republic.<\/p>\n\n\n\n<p><br><strong>Support<\/strong><\/p>\n\n\n\n<p><br>Users of our school\/institution can contact us by email at eduroam@prumkadc.cz or by phone at +420&nbsp;775&nbsp;859&nbsp;772.<br>Visitors with an eduroam account should seek support primarily from their home institution, i.e. the one that provided them with the account.<\/p>\n","protected":false},"excerpt":{"rendered":"<p>Na\u0161e instituce\/\u0161kola je p\u0159ipojena k&nbsp;eduroamu Federace&nbsp;eduroam&nbsp;je mezin\u00e1rodn\u00ed projekt zab\u00fdvaj\u00edc\u00ed se podporou mobility a roamingu v&nbsp;s\u00edt\u00edch n\u00e1rodn\u00edho v\u00fdzkumu a vzd\u011bl\u00e1v\u00e1n\u00ed (NREN). V&nbsp;\u010cesk\u00e9 republice je tento projekt zast\u0159e\u0161ov\u00e1n sdru\u017een\u00edm&nbsp;CESNET. Na\u0161e \u0161kola\/instituce se do projektu zapojila v&nbsp;roce 2025. Byl tak u\u010din\u011bn dal\u0161\u00ed krok ke zv\u00fd\u0161en\u00ed kvality zaji\u0161t\u011bn\u00ed studia a presti\u017ee instituce.&nbsp; Jeden \u00fa\u010det. Kdekoliv. Registrovan\u00fd \u00fa\u010dastn\u00edk m\u016f\u017ee pou\u017e\u00edvat [&hellip;]<\/p>\n","protected":false},"author":2,"featured_media":0,"parent":0,"menu_order":0,"comment_status":"closed","ping_status":"closed","template":"","meta":{"_acf_changed":false,"footnotes":""},"class_list":["post-6184","page","type-page","status-publish","hentry"],"acf":[],"_links":{"self":[{"href":"https:\/\/www.prumkadc.cz\/index.php\/wp-json\/wp\/v2\/pages\/6184","targetHints":{"allow":["GET"]}}],"collection":[{"href":"https:\/\/www.prumkadc.cz\/index.php\/wp-json\/wp\/v2\/pages"}],"about":[{"href":"https:\/\/www.prumkadc.cz\/index.php\/wp-json\/wp\/v2\/types\/page"}],"author":[{"embeddable":true,"href":"https:\/\/www.prumkadc.cz\/index.php\/wp-json\/wp\/v2\/users\/2"}],"replies":[{"embeddable":true,"href":"https:\/\/www.prumkadc.cz\/index.php\/wp-json\/wp\/v2\/comments?post=6184"}],"version-history":[{"count":5,"href":"https:\/\/www.prumkadc.cz\/index.php\/wp-json\/wp\/v2\/pages\/6184\/revisions"}],"predecessor-version":[{"id":6196,"href":"https:\/\/www.prumkadc.cz\/index.php\/wp-json\/wp\/v2\/pages\/6184\/revisions\/6196"}],"wp:attachment":[{"href":"https:\/\/www.prumkadc.cz\/index.php\/wp-json\/wp\/v2\/media?parent=6184"}],"curies":[{"name":"wp","href":"https:\/\/api.w.org\/{rel}","templated":true}]}}