{"id":63,"date":"2021-04-20T14:27:13","date_gmt":"2021-04-20T14:27:13","guid":{"rendered":"https:\/\/www.prumkadc.cz\/?page_id=63"},"modified":"2025-04-29T06:32:00","modified_gmt":"2025-04-29T06:32:00","slug":"skolni-rada","status":"publish","type":"page","link":"https:\/\/www.prumkadc.cz\/index.php\/skolni-rada\/","title":{"rendered":"\u0160kolsk\u00e1 rada"},"content":{"rendered":"\n<p><strong>\u0160kolsk\u00e1 rada bude v&nbsp;obdob\u00ed 03\/2025 \u2013 03\/2028 pracovat ve slo\u017een\u00ed:<\/strong><\/p>\n\n\n\n<p><strong>za z\u0159izovatele:<\/strong><br>\u2022 Mgr. \u0160\u00e1rka Oberl\u00e4nder<br>\u2022 Ing. Petr Sukdol<\/p>\n\n\n\n<p><strong>za pedagogy:<\/strong><br>\u2022 Ing. Alexandra Pru\u017eincov\u00e1<br>\u2022 Ing. Jaroslav Svoboda<\/p>\n\n\n\n<p><strong>za \u017e\u00e1ky a studenty:<\/strong><br>\u2022 Emil \u010cech\u00e1k<br>\u2022 Mgr. Petr Ku\u017eel<\/p>\n\n\n\n<div class=\"wp-block-file\"><a id=\"wp-block-file--media-08f9dc80-e85a-4fcc-9741-2e531719c97a\" href=\"https:\/\/www.prumkadc.cz\/wp-content\/uploads\/2022\/02\/Zapis-z-jednani-SR-20220112-web.pdf\">Z\u00e1pis z&nbsp;jedn\u00e1n\u00ed \u0160R den 12.1.2022<\/a><a href=\"https:\/\/www.prumkadc.cz\/wp-content\/uploads\/2022\/02\/Zapis-z-jednani-SR-20220112-web.pdf\" class=\"wp-block-file__button wp-element-button\" download aria-describedby=\"wp-block-file--media-08f9dc80-e85a-4fcc-9741-2e531719c97a\">St\u00e1hnout<\/a><\/div>\n\n\n\n<div class=\"wp-block-file\"><a id=\"wp-block-file--media-b89ddc9c-c98f-4f55-ad37-51011ae0c79f\" href=\"https:\/\/www.prumkadc.cz\/wp-content\/uploads\/2023\/11\/Zapis-z-jednani-SR-20221110.pdf\">Z\u00e1pis z&nbsp;jedn\u00e1n\u00ed \u0160R den 10.11.2022<\/a><a href=\"https:\/\/www.prumkadc.cz\/wp-content\/uploads\/2023\/11\/Zapis-z-jednani-SR-20221110.pdf\" class=\"wp-block-file__button wp-element-button\" download aria-describedby=\"wp-block-file--media-b89ddc9c-c98f-4f55-ad37-51011ae0c79f\">St\u00e1hnout<\/a><\/div>\n\n\n\n<div class=\"wp-block-file\"><a id=\"wp-block-file--media-48240a26-4b91-4e60-b152-ef0b02558206\" href=\"https:\/\/www.prumkadc.cz\/wp-content\/uploads\/2023\/11\/Zapis-z-jednani-SR-20231113.pdf\">Z\u00e1pis z&nbsp;jedn\u00e1n\u00ed \u0160R den 13.11.2023<\/a><a href=\"https:\/\/www.prumkadc.cz\/wp-content\/uploads\/2023\/11\/Zapis-z-jednani-SR-20231113.pdf\" class=\"wp-block-file__button wp-element-button\" download aria-describedby=\"wp-block-file--media-48240a26-4b91-4e60-b152-ef0b02558206\">St\u00e1hnout<\/a><\/div>\n\n\n\n<div class=\"wp-block-file\"><a id=\"wp-block-file--media-f806eb8f-cc64-421e-a59a-72955183b994\" href=\"https:\/\/www.prumkadc.cz\/wp-content\/uploads\/2025\/04\/zapis_z_jednani_skolske_rady_2024.pdf\">zapis_z_jednani_skolske_rady_2024<\/a><a href=\"https:\/\/www.prumkadc.cz\/wp-content\/uploads\/2025\/04\/zapis_z_jednani_skolske_rady_2024.pdf\" class=\"wp-block-file__button wp-element-button\" download aria-describedby=\"wp-block-file--media-f806eb8f-cc64-421e-a59a-72955183b994\">St\u00e1hnout<\/a><\/div>\n\n\n\n<div class=\"wp-block-file\"><a id=\"wp-block-file--media-5f15d389-8989-4316-b4b0-fd6f6ccd6868\" href=\"https:\/\/www.prumkadc.cz\/wp-content\/uploads\/2025\/04\/zapis_z_jednani_skolske_rady_2025.pdf\">zapis_z_jednani_skolske_rady_2025<\/a><a href=\"https:\/\/www.prumkadc.cz\/wp-content\/uploads\/2025\/04\/zapis_z_jednani_skolske_rady_2025.pdf\" class=\"wp-block-file__button wp-element-button\" download aria-describedby=\"wp-block-file--media-5f15d389-8989-4316-b4b0-fd6f6ccd6868\">St\u00e1hnout<\/a><\/div>\n","protected":false},"excerpt":{"rendered":"<p>\u0160kolsk\u00e1 rada bude v&nbsp;obdob\u00ed 03\/2025 \u2013 03\/2028 pracovat ve slo\u017een\u00ed: za z\u0159izovatele:\u2022 Mgr. \u0160\u00e1rka Oberl\u00e4nder\u2022 Ing. Petr Sukdol za pedagogy:\u2022 Ing. Alexandra Pru\u017eincov\u00e1\u2022 Ing. Jaroslav Svoboda za \u017e\u00e1ky a studenty:\u2022 Emil \u010cech\u00e1k\u2022 Mgr. Petr Ku\u017eel<\/p>\n","protected":false},"author":5,"featured_media":0,"parent":0,"menu_order":0,"comment_status":"closed","ping_status":"closed","template":"","meta":{"_acf_changed":false,"footnotes":""},"class_list":["post-63","page","type-page","status-publish","hentry"],"acf":[],"_links":{"self":[{"href":"https:\/\/www.prumkadc.cz\/index.php\/wp-json\/wp\/v2\/pages\/63","targetHints":{"allow":["GET"]}}],"collection":[{"href":"https:\/\/www.prumkadc.cz\/index.php\/wp-json\/wp\/v2\/pages"}],"about":[{"href":"https:\/\/www.prumkadc.cz\/index.php\/wp-json\/wp\/v2\/types\/page"}],"author":[{"embeddable":true,"href":"https:\/\/www.prumkadc.cz\/index.php\/wp-json\/wp\/v2\/users\/5"}],"replies":[{"embeddable":true,"href":"https:\/\/www.prumkadc.cz\/index.php\/wp-json\/wp\/v2\/comments?post=63"}],"version-history":[{"count":8,"href":"https:\/\/www.prumkadc.cz\/index.php\/wp-json\/wp\/v2\/pages\/63\/revisions"}],"predecessor-version":[{"id":5721,"href":"https:\/\/www.prumkadc.cz\/index.php\/wp-json\/wp\/v2\/pages\/63\/revisions\/5721"}],"wp:attachment":[{"href":"https:\/\/www.prumkadc.cz\/index.php\/wp-json\/wp\/v2\/media?parent=63"}],"curies":[{"name":"wp","href":"https:\/\/api.w.org\/{rel}","templated":true}]}}