{"id":6468,"date":"2026-03-26T13:27:09","date_gmt":"2026-03-26T13:27:09","guid":{"rendered":"https:\/\/www.prumkadc.cz\/?page_id=6468"},"modified":"2026-03-26T13:27:10","modified_gmt":"2026-03-26T13:27:10","slug":"sachovy-krouzek","status":"publish","type":"page","link":"https:\/\/www.prumkadc.cz\/index.php\/sachovy-krouzek\/","title":{"rendered":"\u0160achov\u00fd krou\u017eek"},"content":{"rendered":"\n<p>\u0160kola nab\u00edz\u00ed pro z\u00e1jemce \u0161achov\u00fd krou\u017eek, kter\u00fd se kon\u00e1 jednou t\u00fddn\u011b v&nbsp;odpoledn\u00edch hodin\u00e1ch po vyu\u010dov\u00e1n\u00ed. Krou\u017eek je ur\u010den jak pokro\u010dil\u00fdm hr\u00e1\u010d\u016fm, tak \u00fapln\u00fdm za\u010d\u00e1te\u010dn\u00edk\u016fm \u2013 z\u00e1kladn\u00ed pravidla nau\u010d\u00edme ka\u017ed\u00e9ho a postupn\u011b se v\u011bnujeme i r\u016fzn\u00fdm \u0161achov\u00fdm trik\u016fm, taktik\u00e1m a strategi\u00edm. Krom\u011b \u0159e\u0161en\u00ed tematick\u00fdch \u00faloh ob\u010das po\u0159\u00e1d\u00e1me drobn\u00e9 turnaje. \u017d\u00e1ci se zapojuj\u00ed i do p\u0159eboru \u0161kol v&nbsp;\u0161achu, ve kter\u00e9m hraj\u00ed \u010dty\u0159\u010dlenn\u00e1 dru\u017estva z&nbsp;r\u016fzn\u00fdch \u0161kol.<\/p>\n\n\n\n<p>Kontaktn\u00ed osoba v&nbsp;p\u0159\u00edpad\u011b z\u00e1jmu: Ing. Jind\u0159ich R\u016fzna<\/p>\n\n\n\n<figure class=\"wp-block-gallery has-nested-images columns-default is-cropped wp-block-gallery-1 is-layout-flex wp-block-gallery-is-layout-flex\">\n<figure class=\"wp-block-image size-large\"><img fetchpriority=\"high\" decoding=\"async\" width=\"1024\" height=\"577\" data-id=\"6469\" src=\"https:\/\/www.prumkadc.cz\/wp-content\/uploads\/2026\/03\/dot-2-1024x577.jpg\" alt=\"\" class=\"wp-image-6469\" srcset=\"https:\/\/www.prumkadc.cz\/wp-content\/uploads\/2026\/03\/dot-2-1024x577.jpg 1024w, https:\/\/www.prumkadc.cz\/wp-content\/uploads\/2026\/03\/dot-2-300x169.jpg 300w, https:\/\/www.prumkadc.cz\/wp-content\/uploads\/2026\/03\/dot-2-768x432.jpg 768w, https:\/\/www.prumkadc.cz\/wp-content\/uploads\/2026\/03\/dot-2-100x56.jpg 100w, https:\/\/www.prumkadc.cz\/wp-content\/uploads\/2026\/03\/dot-2-1536x865.jpg 1536w, https:\/\/www.prumkadc.cz\/wp-content\/uploads\/2026\/03\/dot-2-2048x1153.jpg 2048w\" sizes=\"(max-width: 1024px) 100vw, 1024px\" \/><\/figure>\n\n\n\n<figure class=\"wp-block-image size-large\"><img decoding=\"async\" width=\"1024\" height=\"577\" data-id=\"6470\" src=\"https:\/\/www.prumkadc.cz\/wp-content\/uploads\/2026\/03\/dot-5-1024x577.jpg\" alt=\"\" class=\"wp-image-6470\" srcset=\"https:\/\/www.prumkadc.cz\/wp-content\/uploads\/2026\/03\/dot-5-1024x577.jpg 1024w, https:\/\/www.prumkadc.cz\/wp-content\/uploads\/2026\/03\/dot-5-300x169.jpg 300w, https:\/\/www.prumkadc.cz\/wp-content\/uploads\/2026\/03\/dot-5-768x432.jpg 768w, https:\/\/www.prumkadc.cz\/wp-content\/uploads\/2026\/03\/dot-5-100x56.jpg 100w, https:\/\/www.prumkadc.cz\/wp-content\/uploads\/2026\/03\/dot-5-1536x865.jpg 1536w, https:\/\/www.prumkadc.cz\/wp-content\/uploads\/2026\/03\/dot-5-2048x1153.jpg 2048w\" sizes=\"(max-width: 1024px) 100vw, 1024px\" \/><\/figure>\n\n\n\n<figure class=\"wp-block-image size-large\"><img decoding=\"async\" width=\"1024\" height=\"768\" data-id=\"6474\" src=\"https:\/\/www.prumkadc.cz\/wp-content\/uploads\/2026\/03\/psvs-8-1024x768.jpg\" alt=\"\" class=\"wp-image-6474\" srcset=\"https:\/\/www.prumkadc.cz\/wp-content\/uploads\/2026\/03\/psvs-8-1024x768.jpg 1024w, https:\/\/www.prumkadc.cz\/wp-content\/uploads\/2026\/03\/psvs-8-300x225.jpg 300w, https:\/\/www.prumkadc.cz\/wp-content\/uploads\/2026\/03\/psvs-8-768x576.jpg 768w, https:\/\/www.prumkadc.cz\/wp-content\/uploads\/2026\/03\/psvs-8-100x75.jpg 100w, https:\/\/www.prumkadc.cz\/wp-content\/uploads\/2026\/03\/psvs-8-1536x1152.jpg 1536w, https:\/\/www.prumkadc.cz\/wp-content\/uploads\/2026\/03\/psvs-8-2048x1536.jpg 2048w\" sizes=\"(max-width: 1024px) 100vw, 1024px\" \/><\/figure>\n\n\n\n<figure class=\"wp-block-image size-large\"><img loading=\"lazy\" decoding=\"async\" width=\"1024\" height=\"768\" data-id=\"6471\" src=\"https:\/\/www.prumkadc.cz\/wp-content\/uploads\/2026\/03\/psvs-142-1024x768.jpg\" alt=\"\" class=\"wp-image-6471\" srcset=\"https:\/\/www.prumkadc.cz\/wp-content\/uploads\/2026\/03\/psvs-142-1024x768.jpg 1024w, https:\/\/www.prumkadc.cz\/wp-content\/uploads\/2026\/03\/psvs-142-300x225.jpg 300w, https:\/\/www.prumkadc.cz\/wp-content\/uploads\/2026\/03\/psvs-142-768x576.jpg 768w, https:\/\/www.prumkadc.cz\/wp-content\/uploads\/2026\/03\/psvs-142-100x75.jpg 100w, https:\/\/www.prumkadc.cz\/wp-content\/uploads\/2026\/03\/psvs-142-1536x1152.jpg 1536w, https:\/\/www.prumkadc.cz\/wp-content\/uploads\/2026\/03\/psvs-142-2048x1536.jpg 2048w\" sizes=\"(max-width: 1024px) 100vw, 1024px\" \/><\/figure>\n\n\n\n<figure class=\"wp-block-image size-large\"><img loading=\"lazy\" decoding=\"async\" width=\"1024\" height=\"768\" data-id=\"6473\" src=\"https:\/\/www.prumkadc.cz\/wp-content\/uploads\/2026\/03\/psvs-144-1024x768.jpg\" alt=\"\" class=\"wp-image-6473\" srcset=\"https:\/\/www.prumkadc.cz\/wp-content\/uploads\/2026\/03\/psvs-144-1024x768.jpg 1024w, https:\/\/www.prumkadc.cz\/wp-content\/uploads\/2026\/03\/psvs-144-300x225.jpg 300w, https:\/\/www.prumkadc.cz\/wp-content\/uploads\/2026\/03\/psvs-144-768x576.jpg 768w, https:\/\/www.prumkadc.cz\/wp-content\/uploads\/2026\/03\/psvs-144-100x75.jpg 100w, https:\/\/www.prumkadc.cz\/wp-content\/uploads\/2026\/03\/psvs-144-1536x1152.jpg 1536w, https:\/\/www.prumkadc.cz\/wp-content\/uploads\/2026\/03\/psvs-144-2048x1536.jpg 2048w\" sizes=\"(max-width: 1024px) 100vw, 1024px\" \/><\/figure>\n\n\n\n<figure class=\"wp-block-image size-large\"><img loading=\"lazy\" decoding=\"async\" width=\"1024\" height=\"768\" data-id=\"6475\" src=\"https:\/\/www.prumkadc.cz\/wp-content\/uploads\/2026\/03\/ts-6-1024x768.jpg\" alt=\"\" class=\"wp-image-6475\" srcset=\"https:\/\/www.prumkadc.cz\/wp-content\/uploads\/2026\/03\/ts-6-1024x768.jpg 1024w, https:\/\/www.prumkadc.cz\/wp-content\/uploads\/2026\/03\/ts-6-300x225.jpg 300w, https:\/\/www.prumkadc.cz\/wp-content\/uploads\/2026\/03\/ts-6-768x576.jpg 768w, https:\/\/www.prumkadc.cz\/wp-content\/uploads\/2026\/03\/ts-6-100x75.jpg 100w, https:\/\/www.prumkadc.cz\/wp-content\/uploads\/2026\/03\/ts-6-1536x1152.jpg 1536w, https:\/\/www.prumkadc.cz\/wp-content\/uploads\/2026\/03\/ts-6-2048x1536.jpg 2048w\" sizes=\"(max-width: 1024px) 100vw, 1024px\" \/><\/figure>\n\n\n\n<figure class=\"wp-block-image size-large\"><img loading=\"lazy\" decoding=\"async\" width=\"1024\" height=\"768\" data-id=\"6472\" src=\"https:\/\/www.prumkadc.cz\/wp-content\/uploads\/2026\/03\/ts-8-1024x768.jpg\" alt=\"\" class=\"wp-image-6472\" srcset=\"https:\/\/www.prumkadc.cz\/wp-content\/uploads\/2026\/03\/ts-8-1024x768.jpg 1024w, https:\/\/www.prumkadc.cz\/wp-content\/uploads\/2026\/03\/ts-8-300x225.jpg 300w, https:\/\/www.prumkadc.cz\/wp-content\/uploads\/2026\/03\/ts-8-768x576.jpg 768w, https:\/\/www.prumkadc.cz\/wp-content\/uploads\/2026\/03\/ts-8-100x75.jpg 100w, https:\/\/www.prumkadc.cz\/wp-content\/uploads\/2026\/03\/ts-8-1536x1152.jpg 1536w, https:\/\/www.prumkadc.cz\/wp-content\/uploads\/2026\/03\/ts-8-2048x1536.jpg 2048w\" sizes=\"(max-width: 1024px) 100vw, 1024px\" \/><\/figure>\n<\/figure>\n","protected":false},"excerpt":{"rendered":"<p>\u0160kola nab\u00edz\u00ed pro z\u00e1jemce \u0161achov\u00fd krou\u017eek, kter\u00fd se kon\u00e1 jednou t\u00fddn\u011b v&nbsp;odpoledn\u00edch hodin\u00e1ch po vyu\u010dov\u00e1n\u00ed. Krou\u017eek je ur\u010den jak pokro\u010dil\u00fdm hr\u00e1\u010d\u016fm, tak \u00fapln\u00fdm za\u010d\u00e1te\u010dn\u00edk\u016fm \u2013 z\u00e1kladn\u00ed pravidla nau\u010d\u00edme ka\u017ed\u00e9ho a postupn\u011b se v\u011bnujeme i r\u016fzn\u00fdm \u0161achov\u00fdm trik\u016fm, taktik\u00e1m a strategi\u00edm. Krom\u011b \u0159e\u0161en\u00ed tematick\u00fdch \u00faloh ob\u010das po\u0159\u00e1d\u00e1me drobn\u00e9 turnaje. \u017d\u00e1ci se zapojuj\u00ed i do p\u0159eboru \u0161kol [&hellip;]<\/p>\n","protected":false},"author":2,"featured_media":6472,"parent":0,"menu_order":0,"comment_status":"closed","ping_status":"closed","template":"","meta":{"_acf_changed":false,"footnotes":""},"class_list":["post-6468","page","type-page","status-publish","has-post-thumbnail","hentry"],"acf":[],"_links":{"self":[{"href":"https:\/\/www.prumkadc.cz\/index.php\/wp-json\/wp\/v2\/pages\/6468","targetHints":{"allow":["GET"]}}],"collection":[{"href":"https:\/\/www.prumkadc.cz\/index.php\/wp-json\/wp\/v2\/pages"}],"about":[{"href":"https:\/\/www.prumkadc.cz\/index.php\/wp-json\/wp\/v2\/types\/page"}],"author":[{"embeddable":true,"href":"https:\/\/www.prumkadc.cz\/index.php\/wp-json\/wp\/v2\/users\/2"}],"replies":[{"embeddable":true,"href":"https:\/\/www.prumkadc.cz\/index.php\/wp-json\/wp\/v2\/comments?post=6468"}],"version-history":[{"count":1,"href":"https:\/\/www.prumkadc.cz\/index.php\/wp-json\/wp\/v2\/pages\/6468\/revisions"}],"predecessor-version":[{"id":6476,"href":"https:\/\/www.prumkadc.cz\/index.php\/wp-json\/wp\/v2\/pages\/6468\/revisions\/6476"}],"wp:featuredmedia":[{"embeddable":true,"href":"https:\/\/www.prumkadc.cz\/index.php\/wp-json\/wp\/v2\/media\/6472"}],"wp:attachment":[{"href":"https:\/\/www.prumkadc.cz\/index.php\/wp-json\/wp\/v2\/media?parent=6468"}],"curies":[{"name":"wp","href":"https:\/\/api.w.org\/{rel}","templated":true}]}}