{"id":69,"date":"2021-04-20T14:28:01","date_gmt":"2021-04-20T14:28:01","guid":{"rendered":"https:\/\/www.prumkadc.cz\/?page_id=69"},"modified":"2024-01-11T08:57:09","modified_gmt":"2024-01-11T08:57:09","slug":"uredni-deska","status":"publish","type":"page","link":"https:\/\/www.prumkadc.cz\/index.php\/uredni-deska\/","title":{"rendered":"\u00da\u0159edn\u00ed deska"},"content":{"rendered":"\n<figure class=\"wp-block-table\"><table><tbody><tr><td><strong>Datum vyv\u011b\u0161en\u00ed<\/strong><\/td><td><strong>\u010c\u00edslo jednac\u00ed<\/strong><\/td><td><strong>Obsah dokumentu<\/strong><\/td><td><strong>Datum sejmut\u00ed<br>= doru\u010den\u00ed<\/strong><\/td><td><strong>Datum nabyt\u00ed<br>pr\u00e1vn\u00ed moci<\/strong><\/td><td><strong>Pozn\u00e1mka<\/strong><\/td><\/tr><tr><td><\/td><td>\u00a0<\/td><td><\/td><td>&nbsp;<\/td><td>&nbsp;<\/td><td>&nbsp;<\/td><\/tr><tr><td><\/td><td><\/td><td><\/td><td><\/td><td><\/td><td><\/td><\/tr><\/tbody><\/table><\/figure>\n","protected":false},"excerpt":{"rendered":"<p>Datum vyv\u011b\u0161en\u00ed \u010c\u00edslo jednac\u00ed Obsah dokumentu Datum sejmut\u00ed= doru\u010den\u00ed Datum nabyt\u00edpr\u00e1vn\u00ed moci Pozn\u00e1mka \u00a0 &nbsp; &nbsp; &nbsp;<\/p>\n","protected":false},"author":5,"featured_media":0,"parent":0,"menu_order":0,"comment_status":"closed","ping_status":"closed","template":"","meta":{"_acf_changed":false,"footnotes":""},"class_list":["post-69","page","type-page","status-publish","hentry"],"acf":[],"_links":{"self":[{"href":"https:\/\/www.prumkadc.cz\/index.php\/wp-json\/wp\/v2\/pages\/69","targetHints":{"allow":["GET"]}}],"collection":[{"href":"https:\/\/www.prumkadc.cz\/index.php\/wp-json\/wp\/v2\/pages"}],"about":[{"href":"https:\/\/www.prumkadc.cz\/index.php\/wp-json\/wp\/v2\/types\/page"}],"author":[{"embeddable":true,"href":"https:\/\/www.prumkadc.cz\/index.php\/wp-json\/wp\/v2\/users\/5"}],"replies":[{"embeddable":true,"href":"https:\/\/www.prumkadc.cz\/index.php\/wp-json\/wp\/v2\/comments?post=69"}],"version-history":[{"count":3,"href":"https:\/\/www.prumkadc.cz\/index.php\/wp-json\/wp\/v2\/pages\/69\/revisions"}],"predecessor-version":[{"id":626,"href":"https:\/\/www.prumkadc.cz\/index.php\/wp-json\/wp\/v2\/pages\/69\/revisions\/626"}],"wp:attachment":[{"href":"https:\/\/www.prumkadc.cz\/index.php\/wp-json\/wp\/v2\/media?parent=69"}],"curies":[{"name":"wp","href":"https:\/\/api.w.org\/{rel}","templated":true}]}}