{"id":73,"date":"2021-04-20T14:28:26","date_gmt":"2021-04-20T14:28:26","guid":{"rendered":"https:\/\/www.prumkadc.cz\/?page_id=73"},"modified":"2026-04-16T07:56:07","modified_gmt":"2026-04-16T07:56:07","slug":"dokumenty-2","status":"publish","type":"page","link":"https:\/\/www.prumkadc.cz\/index.php\/dokumenty-2\/","title":{"rendered":"Dokumenty \u0161koly"},"content":{"rendered":"\n<p class=\"has-medium-font-size\"><strong>Pedagogick\u00e9 dokumenty<\/strong><br><\/p>\n\n\n\n<div class=\"wp-block-columns is-layout-flex wp-container-core-columns-is-layout-28f84493 wp-block-columns-is-layout-flex\">\n<div class=\"wp-block-column is-layout-flow wp-block-column-is-layout-flow\" style=\"flex-basis:100%\">\n<details class=\"wp-block-details is-layout-flow wp-block-details-is-layout-flow\"><summary>\u0160koln\u00ed \u0159\u00e1d<\/summary>\n<p><\/p>\n<\/details>\n<\/div>\n<\/div>\n\n\n\n<div class=\"wp-block-file\"><a id=\"wp-block-file--media-7a67fd89-30ca-4a56-bcd8-8ec8f5120ae7\" href=\"https:\/\/www.prumkadc.cz\/wp-content\/uploads\/2026\/02\/SM_22_2026_skolni_rad_platny_od_1_2_2026.pdf\">SM_22_2026_skolni_rad_platny_od_1_2_2026<\/a><a href=\"https:\/\/www.prumkadc.cz\/wp-content\/uploads\/2026\/02\/SM_22_2026_skolni_rad_platny_od_1_2_2026.pdf\" class=\"wp-block-file__button wp-element-button\" download aria-describedby=\"wp-block-file--media-7a67fd89-30ca-4a56-bcd8-8ec8f5120ae7\">St\u00e1hnout<\/a><\/div>\n\n\n\n<div class=\"wp-block-file\"><a id=\"wp-block-file--media-6d8cc7d2-095d-4f0d-ac61-8bec21d7ba1c\" href=\"https:\/\/www.prumkadc.cz\/wp-content\/uploads\/2025\/03\/DESATERO-SR_2022_11.pdf\">DESATERO \u0160\u0158_2022_11<\/a><\/div>\n\n\n\n<p class=\"has-medium-font-size\"><br><strong>Ekonomick\u00e9 dokumenty<\/strong><br><\/p>\n\n\n\n<div class=\"wp-block-file\"><a id=\"wp-block-file--media-8ccdb453-30a3-4dca-8d16-c419966134aa\" href=\"https:\/\/www.prumkadc.cz\/wp-content\/uploads\/2026\/01\/Rozpocet-ke-zverejneni_2026.xlsx\">Rozpocet_2026<\/a><a href=\"https:\/\/www.prumkadc.cz\/wp-content\/uploads\/2026\/01\/Rozpocet-ke-zverejneni_2026.xlsx\" class=\"wp-block-file__button wp-element-button\" download aria-describedby=\"wp-block-file--media-8ccdb453-30a3-4dca-8d16-c419966134aa\">St\u00e1hnout<\/a><\/div>\n\n\n\n<div class=\"wp-block-file\"><a id=\"wp-block-file--media-a1a5de34-4342-4756-9a76-b936a2b559b0\" href=\"https:\/\/www.prumkadc.cz\/wp-content\/uploads\/2025\/01\/Rozpocet_ke_zverejneni_2025.xlsx\">Rozpocet_2025<\/a><\/div>\n\n\n\n<div class=\"wp-block-file\"><a id=\"wp-block-file--media-52c230ce-f25a-4439-b38f-27e35dfe7613\" href=\"https:\/\/www.prumkadc.cz\/wp-content\/uploads\/2024\/01\/Rozpocet-ke-zverejneni_2024.pdf\">Rozpo\u010det_2024<\/a><\/div>\n\n\n\n<div class=\"wp-block-file\"><a id=\"wp-block-file--media-ac1036e7-d6c9-4ded-a9d2-0a1d9a27c2ce\" href=\"https:\/\/www.prumkadc.cz\/wp-content\/uploads\/2023\/01\/Rozpocet-ke-zverejneni_2023.pdf\">Rozpo\u010det_2023<\/a><\/div>\n\n\n\n<div class=\"wp-block-file\"><a id=\"wp-block-file--media-99184914-23e2-4d3e-bf57-0047956b5b93\" href=\"https:\/\/www.prumkadc.cz\/wp-content\/uploads\/2026\/01\/Strednedoby-vyhled-rozpoctu-prispevkove-organizace_2027_2028.xlsx\">St\u0159edn\u011bdob\u00fd v\u00fdhled rozpo\u010dtu p\u0159\u00edsp\u011bvkov\u00e9 organizace_v_letech_2027_2028<\/a><a href=\"https:\/\/www.prumkadc.cz\/wp-content\/uploads\/2026\/01\/Strednedoby-vyhled-rozpoctu-prispevkove-organizace_2027_2028.xlsx\" class=\"wp-block-file__button wp-element-button\" download aria-describedby=\"wp-block-file--media-99184914-23e2-4d3e-bf57-0047956b5b93\">St\u00e1hnout<\/a><\/div>\n\n\n\n<div class=\"wp-block-file\"><a id=\"wp-block-file--media-9699e8da-e577-454e-91a0-fcce7937f0cf\" href=\"https:\/\/www.prumkadc.cz\/wp-content\/uploads\/2025\/01\/Strednedoby_vyhled_rozpoctu_prispevkove_organizace_2026_2027.xlsx\">St\u0159edn\u011bdob\u00fd v\u00fdhled rozpo\u010dtu p\u0159\u00edsp\u011bvkov\u00e9 organizace v&nbsp;letech 2026 &#8211; 2027<\/a><a href=\"https:\/\/www.prumkadc.cz\/wp-content\/uploads\/2025\/01\/Strednedoby_vyhled_rozpoctu_prispevkove_organizace_2026_2027.xlsx\" class=\"wp-block-file__button wp-element-button\" download aria-describedby=\"wp-block-file--media-9699e8da-e577-454e-91a0-fcce7937f0cf\">St\u00e1hnout<\/a><\/div>\n\n\n\n<div class=\"wp-block-file\"><a id=\"wp-block-file--media-1c419720-6068-49b5-b72c-cc69b5caaeb7\" href=\"https:\/\/www.prumkadc.cz\/wp-content\/uploads\/2024\/01\/Strednedoby-vyhled-rozpoctu-prispevkove-organizace_2025_2026.pdf\">St\u0159edn\u011bdob\u00fd v\u00fdhled rozpo\u010dtu p\u0159\u00edsp\u011bvkov\u00e9 organizace v&nbsp;letech _2025-2026<\/a><\/div>\n\n\n\n<div class=\"wp-block-file\"><a id=\"wp-block-file--media-ecdfe056-3c9a-4dee-af68-135ab2b0d6fd\" href=\"https:\/\/www.prumkadc.cz\/wp-content\/uploads\/2023\/01\/Strednedoby-vyhled-rozpoctu-prispevkove-organizace_2024.pdf\">St\u0159edn\u011bdob\u00fd v\u00fdhled rozpo\u010dtu p\u0159\u00edsp\u011bvkov\u00e9 organizace v&nbsp;letech _2024-2025<\/a><\/div>\n\n\n\n<div class=\"wp-block-file\"><a id=\"wp-block-file--media-9f285b4e-89ac-4b0a-8774-6c8e96b8c5f8\" href=\"https:\/\/www.prumkadc.cz\/wp-content\/uploads\/2022\/01\/Strednedoby-vyhled-rozpoctu-prispevkove-organizace_2023.pdf\">St\u0159edn\u011bdob\u00fd v\u00fdhled rozpo\u010dtu p\u0159\u00edsp\u011bvkov\u00e9 organizace v&nbsp;letech _2023-2024<\/a><\/div>\n\n\n\n<div class=\"wp-block-file\"><a id=\"wp-block-file--media-689242a3-d80d-4666-9f74-be95c3bed66b\" href=\"https:\/\/www.prumkadc.cz\/wp-content\/uploads\/2021\/09\/Strednedoby-vyhled-rozpoctu-prispevkove-organizace_2022_2023.pdf\">St\u0159edn\u011bdob\u00fd v\u00fdhled rozpo\u010dtu p\u0159\u00edsp\u011bvkov\u00e9 organizace v&nbsp;letech 2022-2023<\/a><\/div>\n\n\n\n<p class=\"has-medium-font-size\"><br><strong>V\u00fdro\u010dn\u00ed zpr\u00e1vy<\/strong><br><\/p>\n\n\n\n<div class=\"wp-block-file\"><a id=\"wp-block-file--media-e68e70c7-b353-4c2f-ae59-0ec5407326d0\" href=\"https:\/\/www.prumkadc.cz\/wp-content\/uploads\/2026\/04\/vyrocni_zprava_2024_25.pdf\">vyrocni_zprava_2024_25<\/a><a href=\"https:\/\/www.prumkadc.cz\/wp-content\/uploads\/2026\/04\/vyrocni_zprava_2024_25.pdf\" class=\"wp-block-file__button wp-element-button\" download aria-describedby=\"wp-block-file--media-e68e70c7-b353-4c2f-ae59-0ec5407326d0\">St\u00e1hnout<\/a><\/div>\n\n\n\n<div class=\"wp-block-file\"><a id=\"wp-block-file--media-4031423f-1140-491e-94b1-af54e8998869\" href=\"https:\/\/www.prumkadc.cz\/wp-content\/uploads\/2025\/01\/VOS_SPS_DECIN_vyrocni_zprava_2023_2024.pdf\">V\u00fdro\u010dn\u00ed zpr\u00e1va 2023-24<\/a><\/div>\n\n\n\n<div class=\"wp-block-file\"><a id=\"wp-block-file--media-7e45f1d4-ca55-45d7-ac24-5b85b12892db\" href=\"https:\/\/www.prumkadc.cz\/wp-content\/uploads\/2026\/04\/Vyrocni_zprava_2022_23_Optimized-1.pdf\">V\u00fdro\u010dn\u00ed_zpr\u00e1va_2022_23<\/a><a href=\"https:\/\/www.prumkadc.cz\/wp-content\/uploads\/2026\/04\/Vyrocni_zprava_2022_23_Optimized-1.pdf\" class=\"wp-block-file__button wp-element-button\" download aria-describedby=\"wp-block-file--media-7e45f1d4-ca55-45d7-ac24-5b85b12892db\">St\u00e1hnout<\/a><\/div>\n\n\n\n<div class=\"wp-block-file\"><a id=\"wp-block-file--media-b7583b27-6192-4a58-9a4f-cf553d19e479\" href=\"https:\/\/www.prumkadc.cz\/wp-content\/uploads\/2022\/11\/VYROCNI-ZPRAVA-2021_2022.pdf\">V\u00fdro\u010dn\u00ed zpr\u00e1va 2021-22<\/a><\/div>\n","protected":false},"excerpt":{"rendered":"<p>Pedagogick\u00e9 dokumenty Ekonomick\u00e9 dokumenty V\u00fdro\u010dn\u00ed zpr\u00e1vy<\/p>\n","protected":false},"author":5,"featured_media":0,"parent":0,"menu_order":0,"comment_status":"closed","ping_status":"closed","template":"","meta":{"_acf_changed":false,"footnotes":""},"class_list":["post-73","page","type-page","status-publish","hentry"],"acf":[],"_links":{"self":[{"href":"https:\/\/www.prumkadc.cz\/index.php\/wp-json\/wp\/v2\/pages\/73","targetHints":{"allow":["GET"]}}],"collection":[{"href":"https:\/\/www.prumkadc.cz\/index.php\/wp-json\/wp\/v2\/pages"}],"about":[{"href":"https:\/\/www.prumkadc.cz\/index.php\/wp-json\/wp\/v2\/types\/page"}],"author":[{"embeddable":true,"href":"https:\/\/www.prumkadc.cz\/index.php\/wp-json\/wp\/v2\/users\/5"}],"replies":[{"embeddable":true,"href":"https:\/\/www.prumkadc.cz\/index.php\/wp-json\/wp\/v2\/comments?post=73"}],"version-history":[{"count":39,"href":"https:\/\/www.prumkadc.cz\/index.php\/wp-json\/wp\/v2\/pages\/73\/revisions"}],"predecessor-version":[{"id":6557,"href":"https:\/\/www.prumkadc.cz\/index.php\/wp-json\/wp\/v2\/pages\/73\/revisions\/6557"}],"wp:attachment":[{"href":"https:\/\/www.prumkadc.cz\/index.php\/wp-json\/wp\/v2\/media?parent=73"}],"curies":[{"name":"wp","href":"https:\/\/api.w.org\/{rel}","templated":true}]}}