{"id":75,"date":"2021-04-20T14:28:39","date_gmt":"2021-04-20T14:28:39","guid":{"rendered":"https:\/\/www.prumkadc.cz\/?page_id=75"},"modified":"2025-01-11T20:18:22","modified_gmt":"2025-01-11T20:18:22","slug":"formulare","status":"publish","type":"page","link":"https:\/\/www.prumkadc.cz\/index.php\/formulare\/","title":{"rendered":"Formul\u00e1\u0159e"},"content":{"rendered":"\n<div class=\"wp-block-file\"><a id=\"wp-block-file--media-c3b91e04-c74b-44c1-aa43-13d650b1b3fc\" href=\"https:\/\/www.prumkadc.cz\/wp-content\/uploads\/2025\/01\/SC250i25010911500.pdf\">\u017d\u00e1dost v\u0161eobecn\u00e1 (pdf)<\/a><a href=\"https:\/\/www.prumkadc.cz\/wp-content\/uploads\/2025\/01\/SC250i25010911500.pdf\" class=\"wp-block-file__button wp-element-button\" download aria-describedby=\"wp-block-file--media-c3b91e04-c74b-44c1-aa43-13d650b1b3fc\">St\u00e1hnout<\/a><\/div>\n\n\n\n<div class=\"wp-block-file\"><a id=\"wp-block-file--media-42507b30-1995-4a4e-9823-c427ee0ba970\" href=\"https:\/\/www.prumkadc.cz\/wp-content\/uploads\/2025\/01\/Zadost-o-vystaveni-stejnopisu-vysvedceni.pdf\">\u017d\u00e1dost o vystaven\u00ed stejnopisu vysv\u011bd\u010den\u00ed<\/a><a href=\"https:\/\/www.prumkadc.cz\/wp-content\/uploads\/2025\/01\/Zadost-o-vystaveni-stejnopisu-vysvedceni.pdf\" class=\"wp-block-file__button wp-element-button\" download aria-describedby=\"wp-block-file--media-42507b30-1995-4a4e-9823-c427ee0ba970\">St\u00e1hnout<\/a><\/div>\n\n\n\n<div class=\"wp-block-file\"><a id=\"wp-block-file--media-ef1fec8d-aa84-43f5-ace9-27abbd2db08a\" href=\"https:\/\/www.prumkadc.cz\/wp-content\/uploads\/2025\/01\/Zadost-o-uvolneni-z-TEV-nebo-presun-na-ZTV.pdf\">\u017d\u00e1dost o uvoln\u011bn\u00ed z&nbsp;TEV nebo p\u0159esun na ZTV<\/a><a href=\"https:\/\/www.prumkadc.cz\/wp-content\/uploads\/2025\/01\/Zadost-o-uvolneni-z-TEV-nebo-presun-na-ZTV.pdf\" class=\"wp-block-file__button wp-element-button\" download aria-describedby=\"wp-block-file--media-ef1fec8d-aa84-43f5-ace9-27abbd2db08a\">St\u00e1hnout<\/a><\/div>\n\n\n\n<div class=\"wp-block-file\"><a id=\"wp-block-file--media-b382a77d-c73c-46e3-86d7-93100103801c\" href=\"https:\/\/www.prumkadc.cz\/wp-content\/uploads\/2024\/05\/Oznameni-o-vzdelavani-dle-IVP-2023.pdf\">Ozn\u00e1men\u00ed o vzd\u011bl\u00e1v\u00e1n\u00ed dle IVP (pdf)<\/a><a href=\"https:\/\/www.prumkadc.cz\/wp-content\/uploads\/2024\/05\/Oznameni-o-vzdelavani-dle-IVP-2023.pdf\" class=\"wp-block-file__button wp-element-button\" download aria-describedby=\"wp-block-file--media-b382a77d-c73c-46e3-86d7-93100103801c\">St\u00e1hnout<\/a><\/div>\n\n\n\n<div class=\"wp-block-file\"><a id=\"wp-block-file--media-87740fe8-273a-4336-aa9e-2f6fde2c04c1\" href=\"https:\/\/www.prumkadc.cz\/wp-content\/uploads\/2021\/07\/Prihlaska-VOS-1.pdf\">P\u0159ihl\u00e1\u0161ka na VO\u0160 (pdf)<\/a><a href=\"https:\/\/www.prumkadc.cz\/wp-content\/uploads\/2021\/07\/Prihlaska-VOS-1.pdf\" class=\"wp-block-file__button wp-element-button\" download aria-describedby=\"wp-block-file--media-87740fe8-273a-4336-aa9e-2f6fde2c04c1\">St\u00e1hnout<\/a><\/div>\n\n\n\n<div class=\"wp-block-file\"><a id=\"wp-block-file--media-285a8c0c-c625-4909-bdf4-1438843c8ee8\" href=\"https:\/\/www.prumkadc.cz\/wp-content\/uploads\/2025\/01\/zadost_snizeni_skolneho-na-VOS.pdf\">zadost_snizeni_skolneho na VOS<\/a><a href=\"https:\/\/www.prumkadc.cz\/wp-content\/uploads\/2025\/01\/zadost_snizeni_skolneho-na-VOS.pdf\" class=\"wp-block-file__button wp-element-button\" download aria-describedby=\"wp-block-file--media-285a8c0c-c625-4909-bdf4-1438843c8ee8\">St\u00e1hnout<\/a><\/div>\n\n\n\n<div class=\"wp-block-file\"><a id=\"wp-block-file--media-3abc91b2-4c30-475a-bdc6-e736c8022352\" href=\"https:\/\/www.prumkadc.cz\/wp-content\/uploads\/2025\/01\/zadost_uznani_predmetu_VOS.pdf\">zadost_uznani_predmetu_VOS<\/a><a href=\"https:\/\/www.prumkadc.cz\/wp-content\/uploads\/2025\/01\/zadost_uznani_predmetu_VOS.pdf\" class=\"wp-block-file__button wp-element-button\" download aria-describedby=\"wp-block-file--media-3abc91b2-4c30-475a-bdc6-e736c8022352\">St\u00e1hnout<\/a><\/div>\n\n\n\n<div class=\"wp-block-file\"><a id=\"wp-block-file--media-d65dbe97-b923-46a4-a12e-6caa8299b348\" href=\"https:\/\/www.prumkadc.cz\/wp-content\/uploads\/2025\/01\/zadost_prodlouzeni_ZKO.pdf\">zadost_prodlouzeni_ZKO<\/a><a href=\"https:\/\/www.prumkadc.cz\/wp-content\/uploads\/2025\/01\/zadost_prodlouzeni_ZKO.pdf\" class=\"wp-block-file__button wp-element-button\" download aria-describedby=\"wp-block-file--media-d65dbe97-b923-46a4-a12e-6caa8299b348\">St\u00e1hnout<\/a><\/div>\n","protected":false},"excerpt":{"rendered":"","protected":false},"author":5,"featured_media":0,"parent":0,"menu_order":0,"comment_status":"closed","ping_status":"closed","template":"","meta":{"_acf_changed":false,"footnotes":""},"class_list":["post-75","page","type-page","status-publish","hentry"],"acf":[],"_links":{"self":[{"href":"https:\/\/www.prumkadc.cz\/index.php\/wp-json\/wp\/v2\/pages\/75","targetHints":{"allow":["GET"]}}],"collection":[{"href":"https:\/\/www.prumkadc.cz\/index.php\/wp-json\/wp\/v2\/pages"}],"about":[{"href":"https:\/\/www.prumkadc.cz\/index.php\/wp-json\/wp\/v2\/types\/page"}],"author":[{"embeddable":true,"href":"https:\/\/www.prumkadc.cz\/index.php\/wp-json\/wp\/v2\/users\/5"}],"replies":[{"embeddable":true,"href":"https:\/\/www.prumkadc.cz\/index.php\/wp-json\/wp\/v2\/comments?post=75"}],"version-history":[{"count":9,"href":"https:\/\/www.prumkadc.cz\/index.php\/wp-json\/wp\/v2\/pages\/75\/revisions"}],"predecessor-version":[{"id":5483,"href":"https:\/\/www.prumkadc.cz\/index.php\/wp-json\/wp\/v2\/pages\/75\/revisions\/5483"}],"wp:attachment":[{"href":"https:\/\/www.prumkadc.cz\/index.php\/wp-json\/wp\/v2\/media?parent=75"}],"curies":[{"name":"wp","href":"https:\/\/api.w.org\/{rel}","templated":true}]}}