{"id":83,"date":"2021-04-20T14:29:17","date_gmt":"2021-04-20T14:29:17","guid":{"rendered":"https:\/\/www.prumkadc.cz\/?page_id=83"},"modified":"2024-10-15T19:28:36","modified_gmt":"2024-10-15T19:28:36","slug":"stravovani","status":"publish","type":"page","link":"https:\/\/www.prumkadc.cz\/index.php\/pro-uchazece\/stravovani\/","title":{"rendered":"Stravov\u00e1n\u00ed"},"content":{"rendered":"\n<p>Stravov\u00e1n\u00ed \u0161kola nab\u00edz\u00ed ve vlastn\u00ed \u0161koln\u00ed j\u00eddeln\u011b s&nbsp;v\u00fddejnou.<\/p>\n\n\n\n<p>\u0160koln\u00ed j\u00eddelna je sou\u010d\u00e1st\u00ed domova ml\u00e1de\u017ee a nach\u00e1z\u00ed se v&nbsp;jeho hlavn\u00ed budov\u011b na adrese \u010csl. arm\u00e1dy 1, D\u011b\u010d\u00edn I. Ta slou\u017e\u00ed p\u0159edev\u0161\u00edm pro celodenn\u00ed stravov\u00e1n\u00ed \u017e\u00e1k\u016f a student\u016f ubytovan\u00fdch na DM, zam\u011bstnanc\u016f a \u017e\u00e1k\u016f st\u0159ediska \u010csl. arm\u00e1dy. <\/p>\n\n\n\n<p><strong>V\u00fddej ob\u011bd\u016f pro ciz\u00ed str\u00e1vn\u00edky&nbsp;<\/strong>od<strong>&nbsp;11:30&nbsp;<\/strong>do<strong>&nbsp;12:00<\/strong>.<strong><br>V\u00fddej ob\u011bd\u016f pro \u017e\u00e1ky a studenty<\/strong>&nbsp;od&nbsp;<strong>12:00&nbsp;<\/strong>do<strong>&nbsp;14:30<\/strong>.<br><strong>V\u00fddej ob\u011bd\u016f pro zam\u011bstnance<\/strong>&nbsp;od&nbsp;<strong>11:30&nbsp;do 14:30<\/strong>.<\/p>\n\n\n\n<p>Nov\u011b je sou\u010d\u00e1st\u00ed v\u00fddejna na adrese Slovansk\u00e1 1000\/55, D\u011b\u010d\u00edn VI. Tato v\u00fddejna je ur\u010dena pro \u017e\u00e1ky a zam\u011bstnance st\u0159ediska Slovansk\u00e1 a ob\u011bdy jsou zde vyd\u00e1v\u00e1ny od 12:15 do 14:30.<\/p>\n\n\n\n<p>Od 1.9.2024 se upravuje cena stravn\u00e9ho v&nbsp;t\u00e9to v\u00fd\u0161i:<\/p>\n\n\n\n<p><strong>Cena&nbsp;ob\u011bda<\/strong>&nbsp;<strong>je pro \u017e\u00e1ky a studenty<\/strong>&nbsp;40&nbsp;K\u010d<br><strong>Cena&nbsp;ob\u011bda<\/strong>&nbsp;<strong>je pro zam\u011bstnance  <\/strong>40&nbsp;K\u010d<strong> <\/strong>(b\u00fdval\u00ed zam\u011bstnanci a na DPP 85,- K\u010d)<br><strong>Cena ob\u011bda pro ciz\u00ed str\u00e1vn\u00edky<\/strong>&nbsp;85&nbsp;K\u010d<br><strong>Celodenn\u00ed stravov\u00e1n\u00ed<\/strong>&nbsp;<strong>pro ubytovan\u00e9<\/strong>&nbsp;140&nbsp;K\u010d<\/p>\n\n\n\n<ul class=\"wp-block-list\">\n<li>sn\u00eddan\u011b 21&nbsp;K\u010d<\/li>\n\n\n\n<li>p\u0159esn\u00edd\u00e1vka 17&nbsp;K\u010d &#8211; vyd\u00e1v\u00e1na spole\u010dn\u011b se sn\u00eddan\u00ed<\/li>\n\n\n\n<li>ob\u011bd 40&nbsp;K\u010d<\/li>\n\n\n\n<li>odpoledn\u00ed sva\u010dina 12&nbsp;K\u010d &#8211; vyd\u00e1v\u00e1na spole\u010dn\u011b se sn\u00eddan\u00ed<\/li>\n\n\n\n<li>ve\u010de\u0159e 31&nbsp;K\u010d<\/li>\n\n\n\n<li>druh\u00e1 ve\u010de\u0159e 19&nbsp;K\u010d&nbsp;&#8211;&nbsp;vyd\u00e1v\u00e1na spole\u010dn\u011b s&nbsp;ve\u010de\u0159\u00ed<\/li>\n<\/ul>\n\n\n\n<p><\/p>\n\n\n\n<p><strong>Objedn\u00e1vky a odhl\u00e1\u0161ky ob\u011bd\u016f<\/strong>&nbsp; do 14:00 p\u0159edchoz\u00edho dne&nbsp; &#8211; online na str\u00e1nk\u00e1ch&nbsp;<a rel=\"noreferrer noopener\" href=\"https:\/\/www.strava.cz\/strava\/Stravnik\/Prihlaseni\" target=\"_blank\">strava.cz<\/a><\/p>\n\n\n\n<p><strong>P\u0159ihl\u00e1sit ke stravov\u00e1n\u00ed<\/strong> se mohou \u017e\u00e1ci, studenti a zam\u011bstnanci \u0161koly on-line prost\u0159ednictv\u00edm elektronick\u00e9 p\u0159ihl\u00e1\u0161ky, kterou naleznete <a href=\"https:\/\/www.strava.cz\/Strava5\/ZalozeniUzivatele?zarizeni=4142\"><strong>zde<\/strong><\/a>. <br><\/p>\n\n\n\n<figure class=\"wp-block-image size-full\"><a href=\"https:\/\/www.strava.cz\/Strava5\/ZalozeniUzivatele?zarizeni=4142\"><img decoding=\"async\" src=\"https:\/\/www.prumkadc.cz\/wp-content\/uploads\/2022\/12\/prihlaska.jpg\" alt=\"\" class=\"wp-image-2765\"\/><\/a><\/figure>\n\n\n\n<p>Po vypln\u011bn\u00ed p\u0159ihl\u00e1\u0161ky jsou kontaktov\u00e1ni vedouc\u00ed \u0161koln\u00ed j\u00eddelny, od kter\u00e9 obdr\u017e\u00ed p\u0159ihla\u0161ovac\u00ed \u00fadaje na strava.cz a informace k&nbsp;platb\u011b.<br>Platbu lze prov\u00e1d\u011bt pouze bankovn\u00edm p\u0159evodem.<\/p>\n\n\n\n<p><\/p>\n\n\n\n<div class=\"wp-block-file\"><a id=\"wp-block-file--media-5127da30-2d7e-4e1c-b044-db6018374643\" href=\"https:\/\/www.prumkadc.cz\/wp-content\/uploads\/2024\/09\/Vnitrni-rad-sk.-jidelny-2024.pdf\">Vnit\u0159n\u00ed \u0159\u00e1d \u0161k. j\u00eddelny 2024<\/a><a href=\"https:\/\/www.prumkadc.cz\/wp-content\/uploads\/2024\/09\/Vnitrni-rad-sk.-jidelny-2024.pdf\" class=\"wp-block-file__button wp-element-button\" download aria-describedby=\"wp-block-file--media-5127da30-2d7e-4e1c-b044-db6018374643\">St\u00e1hnout<\/a><\/div>\n","protected":false},"excerpt":{"rendered":"<p>Stravov\u00e1n\u00ed \u0161kola nab\u00edz\u00ed ve vlastn\u00ed \u0161koln\u00ed j\u00eddeln\u011b s&nbsp;v\u00fddejnou. \u0160koln\u00ed j\u00eddelna je sou\u010d\u00e1st\u00ed domova ml\u00e1de\u017ee a nach\u00e1z\u00ed se v&nbsp;jeho hlavn\u00ed budov\u011b na adrese \u010csl. arm\u00e1dy 1, D\u011b\u010d\u00edn I. Ta slou\u017e\u00ed p\u0159edev\u0161\u00edm pro celodenn\u00ed stravov\u00e1n\u00ed \u017e\u00e1k\u016f a student\u016f ubytovan\u00fdch na DM, zam\u011bstnanc\u016f a \u017e\u00e1k\u016f st\u0159ediska \u010csl. arm\u00e1dy. V\u00fddej ob\u011bd\u016f pro ciz\u00ed str\u00e1vn\u00edky&nbsp;od&nbsp;11:30&nbsp;do&nbsp;12:00.V\u00fddej ob\u011bd\u016f pro \u017e\u00e1ky a studenty&nbsp;od&nbsp;12:00&nbsp;do&nbsp;14:30.V\u00fddej [&hellip;]<\/p>\n","protected":false},"author":5,"featured_media":0,"parent":33,"menu_order":0,"comment_status":"closed","ping_status":"closed","template":"","meta":{"_acf_changed":false,"footnotes":""},"class_list":["post-83","page","type-page","status-publish","hentry"],"acf":[],"_links":{"self":[{"href":"https:\/\/www.prumkadc.cz\/index.php\/wp-json\/wp\/v2\/pages\/83","targetHints":{"allow":["GET"]}}],"collection":[{"href":"https:\/\/www.prumkadc.cz\/index.php\/wp-json\/wp\/v2\/pages"}],"about":[{"href":"https:\/\/www.prumkadc.cz\/index.php\/wp-json\/wp\/v2\/types\/page"}],"author":[{"embeddable":true,"href":"https:\/\/www.prumkadc.cz\/index.php\/wp-json\/wp\/v2\/users\/5"}],"replies":[{"embeddable":true,"href":"https:\/\/www.prumkadc.cz\/index.php\/wp-json\/wp\/v2\/comments?post=83"}],"version-history":[{"count":14,"href":"https:\/\/www.prumkadc.cz\/index.php\/wp-json\/wp\/v2\/pages\/83\/revisions"}],"predecessor-version":[{"id":5294,"href":"https:\/\/www.prumkadc.cz\/index.php\/wp-json\/wp\/v2\/pages\/83\/revisions\/5294"}],"up":[{"embeddable":true,"href":"https:\/\/www.prumkadc.cz\/index.php\/wp-json\/wp\/v2\/pages\/33"}],"wp:attachment":[{"href":"https:\/\/www.prumkadc.cz\/index.php\/wp-json\/wp\/v2\/media?parent=83"}],"curies":[{"name":"wp","href":"https:\/\/api.w.org\/{rel}","templated":true}]}}