{"id":85,"date":"2021-04-20T14:29:25","date_gmt":"2021-04-20T14:29:25","guid":{"rendered":"https:\/\/www.prumkadc.cz\/?page_id=85"},"modified":"2026-04-17T07:13:02","modified_gmt":"2026-04-17T07:13:02","slug":"ubytovani-2","status":"publish","type":"page","link":"https:\/\/www.prumkadc.cz\/index.php\/ubytovani-2\/","title":{"rendered":"Ubytov\u00e1n\u00ed"},"content":{"rendered":"\n<p><strong>Domov ml\u00e1de\u017ee<\/strong> se nach\u00e1z\u00ed v&nbsp;bl\u00edzkosti hlavn\u00ed budovy \u0161koly a nab\u00edz\u00ed ubytov\u00e1n\u00ed \u017e\u00e1k\u016fm a student\u016fm na\u0161\u00ed \u0161koly a dal\u0161\u00edm \u017e\u00e1k\u016fm z&nbsp;jin\u00fdch \u0161kol, kter\u00e9 nemaj\u00ed vlastn\u00ed domov ml\u00e1de\u017ee. <\/p>\n\n\n\n<p>Celkem je kapacita 80 l\u016f\u017eek ve dvou a t\u0159\u00edl\u016f\u017ekov\u00fdch pokoj\u00edch. DM je po celkov\u00e9 rekonstrukci, je vybaven nov\u00fdm n\u00e1bytkem. K&nbsp;dispozici maj\u00ed ubytovan\u00ed spole\u010denskou m\u00edstnost, kter\u00e1 je vybavena pro studium i pro tr\u00e1ven\u00ed voln\u00e9ho \u010dasu. WiFi je na v\u0161ech pokoj\u00edch k&nbsp;dispozici. Na patrech jsou kuchy\u0148ky vybaven\u00e9 ledni\u010dkou, varnou konvic\u00ed a mikrovlnnou troubou. Sou\u010d\u00e1st\u00ed domova ml\u00e1de\u017ee je \u0161koln\u00ed j\u00eddelna s&nbsp;mo\u017enost\u00ed celodenn\u00edho stravov\u00e1n\u00ed.<\/p>\n\n\n\n<p><strong>\u017d\u00e1ci, kte\u0159\u00ed maj\u00ed z\u00e1jem o ubytov\u00e1n\u00ed<\/strong>, mus\u00ed podat na dan\u00fd \u0161koln\u00ed rok p\u0159ihl\u00e1\u0161ku, a to v&nbsp;dan\u00fdch term\u00ednech. (konec kv\u011btna). P\u0159ednost maj\u00ed \u017e\u00e1ci a studenti na\u0161\u00ed \u0161koly, ale vzhledem k&nbsp;velk\u00e9mu z\u00e1jmu je nutno p\u0159ihl\u00e1\u0161ku pod\u00e1vat v&nbsp;prvn\u00edm kole, aby byla jistota zaji\u0161t\u011bn\u00ed ubytov\u00e1n\u00ed pro dal\u0161\u00ed \u0161koln\u00ed rok.<\/p>\n\n\n\n<p>Cena pro ubytovan\u00e9 \u017e\u00e1ky a studenty je 1500 K\u010d\/m\u011bs\u00edc.<\/p>\n\n\n\n<div class=\"wp-block-file\"><a id=\"wp-block-file--media-9a8bcbad-8bbd-4781-8686-703a8c27aa95\" href=\"https:\/\/www.prumkadc.cz\/wp-content\/uploads\/2025\/05\/prihlaska_domov_mladeze_0001.pdf\">prihlaska_domov_mladeze_0001<\/a><\/div>\n\n\n\n<div class=\"wp-block-file\"><a id=\"wp-block-file--media-5ae1da88-b2e4-4ad5-8a8f-4c70f75da9b6\" href=\"https:\/\/www.prumkadc.cz\/wp-content\/uploads\/2026\/04\/kriteria-pro-prijeti-2026-2027.pdf\">krit\u00e9ria pro p\u0159ijet\u00ed 2026-2027<\/a><\/div>\n\n\n\n<div class=\"wp-block-file\"><a id=\"wp-block-file--media-7e8b00a7-8d7f-489b-888a-62c63de17e3f\" href=\"https:\/\/www.prumkadc.cz\/wp-content\/uploads\/2025\/05\/SM-2023-36-DOMOV-MLADEZE.pdf\">SM-2023-36 DOMOV ML\u00c1DE\u017dE<\/a><a href=\"https:\/\/www.prumkadc.cz\/wp-content\/uploads\/2025\/05\/SM-2023-36-DOMOV-MLADEZE.pdf\" class=\"wp-block-file__button wp-element-button\" download aria-describedby=\"wp-block-file--media-7e8b00a7-8d7f-489b-888a-62c63de17e3f\">St\u00e1hnout<\/a><\/div>\n\n\n\n<p><strong><mark style=\"background-color:rgba(0, 0, 0, 0)\" class=\"has-inline-color has-black-color\">Domov ml\u00e1de\u017ee<\/mark><\/strong><\/p>\n\n\n\n<p>Domov ml\u00e1de\u017ee m\u00e1 2 odd\u011blen\u00e9 budovy v&nbsp;are\u00e1lu \u0161koly, vzd\u00e1len\u00e9 jsou cca 50&nbsp;m.<\/p>\n\n\n\n<p><strong>Budova DM 1<\/strong><br>K dispozici jsou dvou a t\u0159\u00edl\u016f\u017ekov\u00e9 pokoje s&nbsp;vlastn\u00edm soci\u00e1ln\u00edm za\u0159\u00edzen\u00edm. Na patrech \u010dajov\u00e9 kuchy\u0148ky s&nbsp;ledni\u010dkou a mikrovlnou troubou, spole\u010densk\u00e1 m\u00edstnost s&nbsp;TV, WiFi.<br>V budov\u011b je j\u00eddelna, ve kter\u00e9 m\u016f\u017eeme zajistit stravov\u00e1n\u00ed.<br>Kapacita DM 1 je 60 l\u016f\u017eek.<\/p>\n\n\n\n<p><\/p>\n\n\n\n<p><strong>Budova DM 2<\/strong><br>K dispozici jsou dvou a t\u0159\u00edl\u016f\u017ekov\u00e9 pokoje bez vlastn\u00edho soci\u00e1ln\u00edho za\u0159\u00edzen\u00ed. Soci\u00e1ln\u00ed za\u0159\u00edzen\u00ed je spole\u010dn\u00e9 na jednom pat\u0159e. V&nbsp;pat\u0159e je kuchy\u0148ka s&nbsp;ledni\u010dkou a mikrovlnou troubou, spole\u010densk\u00e1 m\u00edstnost s&nbsp;TV, WiFi.<br>J\u00eddelna, ve kter\u00e9 m\u016f\u017eeme zajistit stravov\u00e1n\u00ed, je spole\u010dn\u00e1 s&nbsp;DM 1, od DM 2 je vzd\u00e1lena cca 50m.<br>Kapacita DM 2 je 20 l\u016f\u017eek.<\/p>\n\n\n\n<p><\/p>\n\n\n\n<p><strong>Ubytov\u00e1n\u00ed pro skupiny<\/strong><\/p>\n\n\n\n<p>Domov ml\u00e1de\u017ee p\u0159i VO\u0160 a SP\u0160 D\u011b\u010d\u00edn d\u00e1le nab\u00edz\u00ed ubytov\u00e1n\u00ed pro v\u011bt\u0161\u00ed skupiny, a to o pr\u00e1zdnin\u00e1ch a v\u00edkendech. Ubytov\u00e1n\u00ed je v&nbsp;kr\u00e1sn\u00e9m prost\u0159ed\u00ed \u010cesk\u00e9ho \u0160v\u00fdcarska (mo\u017enost v\u00fdlet\u016f do okol\u00ed a bl\u00edzk\u00e9ho N\u011bmecka, cyklostezka pod\u00e9l \u0159eky Labe, Aqupark v&nbsp;D\u011b\u010d\u00edn\u011b\u2026).<\/p>\n\n\n\n<p><strong>Cena ubytov\u00e1n\u00ed:<\/strong><br>DM 1 &#8211; 560&nbsp;K\u010d za osobu\/noc v\u010detn\u011b DPH<br>DM 2 &#8211;&nbsp;560&nbsp;K\u010d za osobu\/noc v\u010detn\u011b DPH<br>K cen\u011b ubytov\u00e1n\u00ed se p\u0159ipo\u010d\u00edt\u00e1v\u00e1 rekrea\u010dn\u00ed poplatek za pobyt 40 K\u010d\/noc\/osobu<\/p>\n\n\n\n<p><strong>Stravov\u00e1n\u00ed v&nbsp;r\u00e1mci ubytov\u00e1n\u00ed:<\/strong><br>od 150&nbsp;K\u010d s&nbsp;DPH\/ polopenze za osobu a den &#8211; je nutno sjednat individu\u00e1ln\u011b s&nbsp;vedouc\u00ed \u0161koln\u00ed j\u00eddelny<\/p>\n\n\n\n<p><strong>Informace k&nbsp;ubytov\u00e1n\u00ed:<\/strong><br>Alena Konop\u00edkov\u00e1 \u2013 vedouc\u00ed vychovatelka DM<br>\u010csl. arm\u00e1dy 1, 405&nbsp;02 , D\u011b\u010d\u00edn 1<br>Tel: 412510648, 775864802<br>e-mail:&nbsp;<a href=\"mailto:dm@prumkadc.cz\">dm@prumkadc.cz<\/a><\/p>\n\n\n\n<p><strong>Informace ke stravov\u00e1n\u00ed:<\/strong><br>Zuzana Kok\u0161teinov\u00e1<br>\u010cs. arm\u00e1dy 1, 405&nbsp;02 , D\u011b\u010d\u00edn 1<br>Tel: 412513646, 739203292<br>e-mail: <a href=\"mailto:jidelna@prumkadc.cz\">jidelna@prumkadc.cz<\/a><\/p>\n\n\n\n<figure class=\"wp-block-image size-large\"><img decoding=\"async\" src=\"https:\/\/www.prumkadc.cz\/wp-content\/uploads\/2022\/04\/DJI_0539-1024x576.jpg\" alt=\"\" class=\"wp-image-1747\"\/><\/figure>\n\n\n\n<figure class=\"wp-block-image size-large\"><img decoding=\"async\" src=\"https:\/\/www.prumkadc.cz\/wp-content\/uploads\/2022\/04\/PrumkaDC_0112_20210623-1024x683.jpg\" alt=\"\" class=\"wp-image-1743\"\/><\/figure>\n\n\n\n<figure class=\"wp-block-image size-large\"><img decoding=\"async\" src=\"https:\/\/www.prumkadc.cz\/wp-content\/uploads\/2022\/04\/PrumkaDC_0254_20210623-1024x683.jpg\" alt=\"\" class=\"wp-image-1754\"\/><\/figure>\n\n\n\n<figure class=\"wp-block-image size-large\"><img decoding=\"async\" src=\"https:\/\/www.prumkadc.cz\/wp-content\/uploads\/2022\/04\/koupelna-1024x766.jpg\" alt=\"\" class=\"wp-image-1745\"\/><\/figure>\n\n\n\n<figure class=\"wp-block-image size-large\"><img decoding=\"async\" src=\"https:\/\/www.prumkadc.cz\/wp-content\/uploads\/2022\/04\/PrumkaDC_0005_20210623-1024x683.jpg\" alt=\"\" class=\"wp-image-1748\"\/><\/figure>\n\n\n\n<figure class=\"wp-block-image size-large\"><img decoding=\"async\" src=\"https:\/\/www.prumkadc.cz\/wp-content\/uploads\/2022\/04\/PrumkaDC_0051_20210623-1024x683.jpg\" alt=\"\" class=\"wp-image-1749\"\/><\/figure>\n\n\n\n<figure class=\"wp-block-image size-large\"><img decoding=\"async\" src=\"https:\/\/www.prumkadc.cz\/wp-content\/uploads\/2022\/04\/PrumkaDC_0267_20210623-1024x683.jpg\" alt=\"\" class=\"wp-image-1753\"\/><\/figure>\n\n\n\n<figure class=\"wp-block-image size-large\"><img decoding=\"async\" src=\"https:\/\/www.prumkadc.cz\/wp-content\/uploads\/2022\/04\/PrumkaDC_0150_20210623-1024x683.jpg\" alt=\"\" class=\"wp-image-1750\"\/><\/figure>\n\n\n\n<figure class=\"wp-block-image size-large\"><img decoding=\"async\" src=\"https:\/\/www.prumkadc.cz\/wp-content\/uploads\/2022\/04\/PrumkaDC_0239_20210623-1024x683.jpg\" alt=\"\" class=\"wp-image-1751\"\/><\/figure>\n\n\n","protected":false},"excerpt":{"rendered":"<p>Domov ml\u00e1de\u017ee se nach\u00e1z\u00ed v&nbsp;bl\u00edzkosti hlavn\u00ed budovy \u0161koly a nab\u00edz\u00ed ubytov\u00e1n\u00ed \u017e\u00e1k\u016fm a student\u016fm na\u0161\u00ed \u0161koly a dal\u0161\u00edm \u017e\u00e1k\u016fm z&nbsp;jin\u00fdch \u0161kol, kter\u00e9 nemaj\u00ed vlastn\u00ed domov ml\u00e1de\u017ee. Celkem je kapacita 80 l\u016f\u017eek ve dvou a t\u0159\u00edl\u016f\u017ekov\u00fdch pokoj\u00edch. DM je po celkov\u00e9 rekonstrukci, je vybaven nov\u00fdm n\u00e1bytkem. K&nbsp;dispozici maj\u00ed ubytovan\u00ed spole\u010denskou m\u00edstnost, kter\u00e1 je vybavena pro studium [&hellip;]<\/p>\n","protected":false},"author":5,"featured_media":0,"parent":0,"menu_order":0,"comment_status":"closed","ping_status":"closed","template":"","meta":{"_acf_changed":false,"footnotes":""},"class_list":["post-85","page","type-page","status-publish","hentry"],"acf":[],"_links":{"self":[{"href":"https:\/\/www.prumkadc.cz\/index.php\/wp-json\/wp\/v2\/pages\/85","targetHints":{"allow":["GET"]}}],"collection":[{"href":"https:\/\/www.prumkadc.cz\/index.php\/wp-json\/wp\/v2\/pages"}],"about":[{"href":"https:\/\/www.prumkadc.cz\/index.php\/wp-json\/wp\/v2\/types\/page"}],"author":[{"embeddable":true,"href":"https:\/\/www.prumkadc.cz\/index.php\/wp-json\/wp\/v2\/users\/5"}],"replies":[{"embeddable":true,"href":"https:\/\/www.prumkadc.cz\/index.php\/wp-json\/wp\/v2\/comments?post=85"}],"version-history":[{"count":16,"href":"https:\/\/www.prumkadc.cz\/index.php\/wp-json\/wp\/v2\/pages\/85\/revisions"}],"predecessor-version":[{"id":6560,"href":"https:\/\/www.prumkadc.cz\/index.php\/wp-json\/wp\/v2\/pages\/85\/revisions\/6560"}],"wp:attachment":[{"href":"https:\/\/www.prumkadc.cz\/index.php\/wp-json\/wp\/v2\/media?parent=85"}],"curies":[{"name":"wp","href":"https:\/\/api.w.org\/{rel}","templated":true}]}}